{"id":1036,"date":"2024-01-15T14:47:02","date_gmt":"2024-01-15T14:47:02","guid":{"rendered":"https:\/\/ampxgroup.com\/blog\/rechtliche-hinweise\/"},"modified":"2024-11-12T13:36:55","modified_gmt":"2024-11-12T13:36:55","slug":"rechtliche-hinweise","status":"publish","type":"page","link":"https:\/\/ampxgroup.com\/blog\/de\/rechtliche-hinweise\/","title":{"rendered":"Rechtliche Hinweise"},"content":{"rendered":"\n<blockquote class=\"wp-block-quote is-layout-flow wp-block-quote-is-layout-flow\">\n<h2 class=\"wp-block-heading\">\u00dcber die Website  <\/h2>\n\n\n\n<p>Sie sind derzeit mit dem Blog der AMP-POLYMIX Group verbunden.\nAlle Daten und Informationen auf der Website <a href=\"http:\/\/wwww.ampxgroup.com\/blog\" target=\"_blank\" rel=\"noreferrer noopener\">wwww.ampxgroup.com\/blog <\/a> werden der \u00d6ffentlichkeit von POLYMIX zur Verf\u00fcgung gestellt. <\/p>\n\n\n\n<p>POLYMIX<br\/>2, rue de Vienne <br\/>68180 HORBOURG-WIHR<\/p>\n\n\n\n<p>RCS Colmar B 521 839 332<br\/>SAS mit einem Kapital von 900.000,00 \u20ac.<\/p>\n\n\n\n<p><strong>Leiterin der Ver\u00f6ffentlichung:<\/strong> Julie FATH<br\/><strong>Grafische Gestaltung der Website: <\/strong><a href=\"https:\/\/www.press-agrum.com\/\" target=\"_blank\" rel=\"noreferrer noopener\">Agence Press Agrum<\/a><strong><br\/>Technische Gestaltung der Website: <\/strong> <a href=\"https:\/\/www.press-agrum.com\/\" target=\"_blank\" rel=\"noreferrer noopener\">Agence Press Agrum<\/a><br\/><strong>Hosting<\/strong><strong>: <\/strong> <a href=\"http:\/\/www.ovh.com\/\" target=\"_blank\" rel=\"noreferrer noopener\">OVH<\/a><\/p>\n\n\n\n<h2 class=\"wp-block-heading\">Schutz pers\u00f6nlicher Daten auf der Website www.ampxgroup.com\/blog<\/h2>\n\n\n\n<ul class=\"wp-block-list\">\n<li class=\"has-small-font-size\">Es werden keine pers\u00f6nlichen Informationen ohne Ihr Wissen gesammelt.<\/li>\n\n\n\n<li class=\"has-small-font-size\">Keine pers\u00f6nlichen Informationen werden an Dritte weitergegeben.<\/li>\n\n\n\n<li class=\"has-small-font-size\">Gem\u00e4\u00df dem Gesetz &#8222;Informatique et Libert\u00e9s&#8220; vom 6. Januar 1978 (Art. 34) haben Sie das Recht, auf die Sie betreffenden Daten zuzugreifen, sie zu \u00e4ndern, zu berichtigen und zu l\u00f6schen.\nUm dieses Recht auszu\u00fcben, wenden Sie sich bitte ausschlie\u00dflich per Post an : <strong> <\/strong><br\/><strong>Polymix \/ 2, rue de Vienne 68180 HORBOURG-WIHR<\/strong><\/li>\n<\/ul>\n\n\n\n<h2 class=\"wp-block-heading\">Informationen \u00fcber Browser-Cookies<\/h2>\n\n\n\n<p>Der Standort  <a href=\"http:\/\/wwww.ampxgroup.com\/blog\" target=\"_blank\" rel=\"noreferrer noopener\"><\/a><a href=\"http:\/\/wwww.ampxgroup.com\/blog\" target=\"_blank\" rel=\"noreferrer noopener\">wwww.ampxgroup.com\/blog<\/a> kann ein Cookie auf Ihrem Computer platzieren.\nEin Cookie erm\u00f6glicht es uns nicht, Sie zu identifizieren.\nIm Allgemeinen speichert ein Cookie Informationen \u00fcber die Navigation Ihres Computers auf unserer Website (die von Ihnen besuchten Seiten, Datum und Uhrzeit des Besuchs usw.), die wir bei sp\u00e4teren Besuchen lesen k\u00f6nnen.\nIn diesem Fall enth\u00e4lt es die Informationen, die Sie uns gerade zur Verf\u00fcgung gestellt haben.\nSie brauchen also bei Ihrem n\u00e4chsten Besuch das Formular, das wir Ihnen angeboten haben, nicht erneut auszuf\u00fcllen.\nDiese Informationen werden 30 Minuten lang auf Ihrem Computer gespeichert.     <\/p>\n\n\n\n<p>Wir informieren Sie, dass Sie die Speicherung von &#8222;Cookies&#8220; ablehnen k\u00f6nnen, indem Sie Ihren Browser wie folgt konfigurieren:<\/p>\n\n\n\n<p><strong>F\u00fcr Mozilla Firefox :<\/strong><\/p>\n\n\n\n<ol class=\"wp-block-list\">\n<li class=\"has-medium-font-size\">W\u00e4hlen Sie das Men\u00fc &#8222;Werkzeug&#8220; und dann &#8222;Optionen&#8220;.<\/li>\n\n\n\n<li class=\"has-medium-font-size\">Klicken Sie auf das Symbol &#8222;Privatsph\u00e4re&#8220;.<\/li>\n\n\n\n<li class=\"has-medium-font-size\">Suchen Sie das Men\u00fc &#8222;Cookie&#8220; und w\u00e4hlen Sie die gew\u00fcnschten Optionen.<\/li>\n<\/ol>\n\n\n\n<p><strong>F\u00fcr Microsoft Internet Explorer 7 :<\/strong><\/p>\n\n\n\n<ol class=\"wp-block-list\">\n<li class=\"has-medium-font-size\">W\u00e4hlen Sie das Men\u00fc &#8222;Extras&#8220; (Tools) und dann &#8222;Internetoptionen&#8220; (Internet Options).<\/li>\n\n\n\n<li class=\"has-medium-font-size\">Klicken Sie auf die Registerkarte &#8222;Datenschutz&#8220; (oder &#8222;Confidentiality&#8220;).<\/li>\n\n\n\n<li class=\"has-medium-font-size\">W\u00e4hlen Sie mit dem Cursor die gew\u00fcnschte Stufe.<\/li>\n<\/ol>\n\n\n\n<p><strong>F\u00fcr Opera 6.0 und h\u00f6her :<\/strong><\/p>\n\n\n\n<ol class=\"wp-block-list\">\n<li class=\"has-medium-font-size\">W\u00e4hlen Sie &#8222;Datei&#8220;&gt;&#8220;Einstellungen&#8220;.<\/li>\n\n\n\n<li class=\"has-medium-font-size\">Privatleben<\/li>\n<\/ol>\n\n\n\n<p><strong>F\u00fcr Safari :<\/strong><\/p>\n\n\n\n<ol class=\"wp-block-list\">\n<li class=\"has-medium-font-size\">W\u00e4hlen Sie im Men\u00fc &#8222;Datei&#8220;&gt;&#8220;Einstellungen&#8220;.<\/li>\n\n\n\n<li class=\"has-medium-font-size\">Klicken Sie auf die Registerkarte &#8222;Datenschutz&#8220;.<\/li>\n\n\n\n<li class=\"has-medium-font-size\">W\u00e4hlen Sie die Optionen, die Ihnen zusagen<\/li>\n<\/ol>\n\n\n\n<h2 class=\"wp-block-heading\">E-Mail<\/h2>\n\n\n\n<p>Nachrichten, die \u00fcber das Internet gesendet werden, k\u00f6nnen abgefangen werden.\nGeben Sie keine unn\u00f6tigen oder sensiblen pers\u00f6nlichen Informationen weiter.\nWenn Sie uns solche Informationen mitteilen m\u00f6chten, benutzen Sie bitte unbedingt den Postweg.  <\/p>\n\n\n\n<h2 class=\"wp-block-heading\">Urheberrecht &#8211; Copyright<\/h2>\n\n\n\n<p>Die gesamte Website unterliegt der franz\u00f6sischen und internationalen Gesetzgebung \u00fcber das Urheberrecht und das geistige Eigentum.\nAlle Vervielf\u00e4ltigungsrechte sind vorbehalten, einschlie\u00dflich der herunterladbaren Dokumente und der ikonografischen und fotografischen Darstellungen sowie der animierten Sequenzen.\nJede vollst\u00e4ndige oder teilweise Vervielf\u00e4ltigung oder Darstellung des Inhalts der Website <a href=\"http:\/\/wwww.ampxgroup.com\/blog\" target=\"_blank\" rel=\"noreferrer noopener\">wwww.ampxgroup.com\/blog<\/a> durch ein beliebiges Verfahren ohne die ausdr\u00fcckliche Genehmigung von Polymix ist rechtswidrig und stellt eine F\u00e4lschung dar.\nBei jeder Verwendung von Informationen von der Website <a href=\"http:\/\/wwww.ampxgroup.com\/blog\" target=\"_blank\" rel=\"noreferrer noopener\">wwww.ampxgroup.com\/blog<\/a> muss die Quelle der Informationen angegeben werden.\nDie Internetadresse der Polymix-Website muss unbedingt in der Referenz enthalten sein.\nDie auf dieser Website erw\u00e4hnten Marken sind von den jeweiligen Eigent\u00fcmern registriert.     <\/p>\n\n\n\n<h2 class=\"wp-block-heading\">Verantwortung<\/h2>\n\n\n\n<p>Polymix ist nicht verantwortlich f\u00fcr den Inhalt und die Umgebung der externen Seiten, auf die die <a href=\"http:\/\/wwww.ampxgroup.com\/blog\" target=\"_blank\" rel=\"noreferrer noopener\">wwww.ampxgroup.com\/blog<\/a> Seite verweisen kann (insbesondere durch Hyperlinks).\nPolymix kann nicht f\u00fcr Elemente haftbar gemacht werden, die nicht von Polymix selbst eingef\u00fchrt wurden und die aus unsensiblen externen Aktionen stammen.\nObwohl der Inhalt dieser Seite mit gr\u00f6\u00dfter Sorgfalt erstellt wurde, kann nicht ausgeschlossen werden, dass sich ein Fehler eingeschlichen hat.  <\/p>\n\n\n\n<p>Der Besuch der Website <a href=\"http:\/\/wwww.ampxgroup.com\/blog\" target=\"_blank\" rel=\"noreferrer noopener\">wwww.ampxgroup.com\/blog<\/a> setzt voraus, dass der Internetnutzer die oben genannten Bedingungen und Konditionen akzeptiert.<\/p>\n<\/blockquote>\n\n<blockquote class=\"wp-block-quote is-layout-flow wp-block-quote-is-layout-flow\">\n<p><\/p>\n<\/blockquote>\n","protected":false},"excerpt":{"rendered":"","protected":false},"author":1,"featured_media":0,"parent":0,"menu_order":0,"comment_status":"closed","ping_status":"open","template":"","meta":{"_seopress_robots_primary_cat":"","_seopress_titles_title":"","_seopress_titles_desc":"","_seopress_robots_index":"","footnotes":""},"class_list":["post-1036","page","type-page","status-publish","hentry"],"_links":{"self":[{"href":"https:\/\/ampxgroup.com\/blog\/de\/wp-json\/wp\/v2\/pages\/1036","targetHints":{"allow":["GET"]}}],"collection":[{"href":"https:\/\/ampxgroup.com\/blog\/de\/wp-json\/wp\/v2\/pages"}],"about":[{"href":"https:\/\/ampxgroup.com\/blog\/de\/wp-json\/wp\/v2\/types\/page"}],"author":[{"embeddable":true,"href":"https:\/\/ampxgroup.com\/blog\/de\/wp-json\/wp\/v2\/users\/1"}],"replies":[{"embeddable":true,"href":"https:\/\/ampxgroup.com\/blog\/de\/wp-json\/wp\/v2\/comments?post=1036"}],"version-history":[{"count":3,"href":"https:\/\/ampxgroup.com\/blog\/de\/wp-json\/wp\/v2\/pages\/1036\/revisions"}],"predecessor-version":[{"id":1321,"href":"https:\/\/ampxgroup.com\/blog\/de\/wp-json\/wp\/v2\/pages\/1036\/revisions\/1321"}],"wp:attachment":[{"href":"https:\/\/ampxgroup.com\/blog\/de\/wp-json\/wp\/v2\/media?parent=1036"}],"curies":[{"name":"wp","href":"https:\/\/api.w.org\/{rel}","templated":true}]}}