{"id":1202,"date":"2024-01-15T14:47:02","date_gmt":"2024-01-15T14:47:02","guid":{"rendered":"https:\/\/ampxgroup.com\/blog\/datenschutzrichtlinie\/"},"modified":"2024-10-03T08:48:07","modified_gmt":"2024-10-03T08:48:07","slug":"datenschutzrichtlinie","status":"publish","type":"page","link":"https:\/\/ampxgroup.com\/blog\/de\/datenschutzrichtlinie\/","title":{"rendered":"Datenschutzrichtlinie"},"content":{"rendered":"\n<h2 class=\"wp-block-heading\">Datenschutzerkl\u00e4rung<\/h2>\n\n<p>SAS POLYMIX (im Folgenden POLYMIX genannt) mit Sitz in 2, rue de Vienne &#8211; 68180 HORBOURG-WIHR und eingetragen im Handelsregister von Colmar unter der Nummer B 521 839 332, stellt seine T\u00e4tigkeit auf seiner Website vor.<\/p>\n\n<p>In Bezug auf den Schutz pers\u00f6nlicher Daten unterliegt POLYMIX den allgemeinen Verpflichtungen in Bezug auf diese Website sowie den Verpflichtungen in Verbindung mit ihrem Beruf.<\/p>\n\n<h2 class=\"wp-block-heading\">Pr\u00e4ambel<\/h2>\n\n<p>Ihre personenbezogenen Daten werden ausschlie\u00dflich in \u00dcbereinstimmung mit den gesetzlichen Bestimmungen erhoben, verarbeitet und genutzt.\nSoweit m\u00f6glich, sind unsere Prozesse so gestaltet, dass die Anforderungen des Datenschutzes ber\u00fccksichtigt werden. <\/p>\n\n<p>Wenn sie gesammelt werden, verwendet POLYMIX Ihre pers\u00f6nlichen Daten f\u00fcr die Kontaktaufnahme mit dem Interessenten oder Kunden \u00fcber das Kontaktformular und f\u00fcr alle Anfragen, die \u00fcber die Website <a href=\"http:\/\/www.ampxgroup.com\/blog\" data-type=\"link\" data-id=\"www.ampxgroup.com\/blog\" target=\"_blank\" rel=\"noreferrer noopener\">www.ampxgroup.com\/blog<\/a> gestellt werden.<\/p>\n\n<h2 class=\"wp-block-heading\">Quellen und verwendete Daten<\/h2>\n\n<p>Im Rahmen unserer Kundenbeziehungen verarbeiten wir personenbezogene Daten, die wir direkt von Nutzern und Kunden \u00fcber die Website erhalten haben.<\/p>\n\n<p>Wir speichern Ihre Daten, die f\u00fcr die Ausf\u00fchrung Ihrer Anfrage oder Ihrer Fragen zu unseren Aktivit\u00e4ten und Produkten erforderlich sind.\nIn diesem Zusammenhang werden nur die Informationen abgefragt, die f\u00fcr die Ausf\u00fchrung Ihrer Anfrage erforderlich sind. <\/p>\n\n<h2 class=\"wp-block-heading\">Zweck der Verarbeitung und Rechtsgrundlagen<\/h2>\n\n<p>Die Verarbeitung Ihrer pers\u00f6nlichen Daten erfolgt in \u00dcbereinstimmung mit den Bestimmungen der Europ\u00e4ischen Datenschutz-Grundverordnung (DSGVO), dem franz\u00f6sischen Datenschutzgesetz und dem Ethikkodex des Berufsstandes.<\/p>\n\n<p>In Bezug auf die Erf\u00fcllung der vertraglichen Verpflichtungen (Art. 6 Abs. 1 b DSGVO):<\/p>\n\n<p>Die Verarbeitung personenbezogener Daten erfolgt im Rahmen der Gesch\u00e4ftst\u00e4tigkeit des Unternehmens, die auf der Website ausf\u00fchrlich beschrieben wird.\nSie k\u00f6nnen weitere Einzelheiten \u00fcber den Zweck der Datenverarbeitung in den Allgemeinen Gesch\u00e4ftsbedingungen nachlesen oder Ihren Ansprechpartner per E-Mail (an matiere@polymix.eu) oder direkt bei der Einreichung Ihrer Anfrage befragen. <\/p>\n\n<p>Im Rahmen der Interessenabw\u00e4gung (Art. 6 Abs. 1 f DSGVO):<\/p>\n\n<p>Soweit erforderlich, verarbeiten wir Ihre Daten \u00fcber die eigentliche Abwicklung des Besuchs unserer Website, Ihrer Informationsanfrage oder Ihres Lieferantenvertrags hinaus zur Wahrung unserer Interessen.\nHierzu geh\u00f6ren die Kontrolle und Optimierung unserer Beratungspflichten und die Nachvollziehbarkeit der \u00fcber die Website abgewickelten Kundenanfragen, die Geltendmachung von Rechtsanspr\u00fcchen und die Verteidigung bei rechtlichen Streitigkeiten, die Gew\u00e4hrleistung der IT-Sicherheit und des IT-Betriebs von POLYMIX, die Verhinderung und Aufkl\u00e4rung von Straftaten aufgrund einer beh\u00f6rdlichen Anordnung und die von POLYMIX angebotenen Ma\u00dfnahmen zur Gesch\u00e4ftsabwicklung. <\/p>\n\n<p>Auf der Grundlage Ihrer Zustimmung (Art. 6 Abs. 1 a DSGVO):<\/p>\n\n<p>Sofern wir \u00fcber Ihre Zustimmung zur Verarbeitung Ihrer personenbezogenen Daten f\u00fcr bestimmte Zwecke verf\u00fcgen, und unter Einhaltung des Ethikkodexes, ist die Rechtm\u00e4\u00dfigkeit dieser Verarbeitung auf der Grundlage Ihrer Zustimmung gew\u00e4hrleistet.\nDie erteilte Einwilligung kann jederzeit widerrufen werden.\nDer Widerruf der Einwilligung ber\u00fchrt nicht die Rechtm\u00e4\u00dfigkeit der bis zum Widerruf erfolgten Datenverarbeitung.  <\/p>\n\n<p>Aufgrund gesetzlicher Vorschriften (Art. 6 Abs. 1 c DSGVO) oder im \u00f6ffentlichen Interesse (Art. 6 Abs. 1 e DSGVO):<\/p>\n\n<p>Dazu geh\u00f6ren z.B. die \u00dcberpr\u00fcfung der Identit\u00e4t und des Alters, der F\u00e4higkeit, das Unternehmen, das die Informationsanfrage stellt oder den Vertrag abschlie\u00dft, zu verpflichten, etc.\nSofern nicht im Folgenden n\u00e4her erl\u00e4utert, werden bei der Nutzung dieser Website grunds\u00e4tzlich keine personenbezogenen Daten verarbeitet, d.h. es werden keine Daten gespeichert, ver\u00e4ndert oder an Dritte weitergegeben. <\/p>\n\n<h2 class=\"wp-block-heading\">Kontaktformular<\/h2>\n\n<p>Die auf diesem Formular gesammelten Informationen k\u00f6nnen in einer Datei gespeichert werden, die von POLYMIX f\u00fcr die Erstellung von Informationsmailings oder, wenn Sie uns dazu erm\u00e4chtigen, f\u00fcr kommerzielle Zwecke verwendet wird.\nDie Rechtsgrundlage f\u00fcr die Verarbeitung ist in der Erkl\u00e4rung \u00fcber den Schutz personenbezogener Daten dargelegt. <\/p>\n\n<p>Die gesammelten Daten werden in \u00dcbereinstimmung mit der DSGVO verwendet und archiviert.\nDiese personenbezogenen Daten werden nicht an Dritte weitergegeben, weder entgeltlich noch unentgeltlich. <\/p>\n\n<p>Die Daten werden f\u00fcr einen Zeitraum von maximal 3 Jahren aufbewahrt.<\/p>\n\n<p>Sie haben das Recht, auf Ihre Daten zuzugreifen, sie zu berichtigen, ihre L\u00f6schung zu verlangen oder Ihr Recht auf Einschr\u00e4nkung der Verarbeitung Ihrer Daten auszu\u00fcben.<\/p>\n\n<p>Besuchen Sie die Website cnil.de f\u00fcr weitere Informationen \u00fcber Ihre Rechte.<\/p>\n\n<p>Um diese Rechte auszu\u00fcben oder wenn Sie Fragen zur Verarbeitung Ihrer Daten in diesem System haben, k\u00f6nnen Sie sich f\u00fcr weitere Informationen an uns wenden oder der Speicherung Ihrer pers\u00f6nlichen Daten widersprechen.<\/p>\n\n<p>Wenn Sie, nachdem Sie uns kontaktiert haben, der Meinung sind, dass Ihre Rechte im Bereich &#8222;Informatik und Freiheiten&#8220; nicht respektiert werden, k\u00f6nnen Sie eine Beschwerde bei der CNIL einreichen.<\/p>\n\n<h2 class=\"wp-block-heading\">Fristen f\u00fcr die Registrierung<\/h2>\n\n<p>POLYMIX verarbeitet und speichert Ihre personenbezogenen Daten, solange dies f\u00fcr die Erf\u00fcllung unserer vertraglichen und gesetzlichen Verpflichtungen erforderlich ist.\nWenn die Daten nicht mehr f\u00fcr die Erf\u00fcllung der vertraglichen oder gesetzlichen Verpflichtungen erforderlich sind, werden sie gel\u00f6scht. <\/p>\n\n<h2 class=\"wp-block-heading\">Ihre Rechte als betroffene Person<\/h2>\n\n<p>Jede von der Verarbeitung personenbezogener Daten betroffene Person hat das Recht:<br\/>auf Auskunft (\u00a7 34 BDSG, Art. 15 DSGVO),<br\/>auf Berichtigung (Art. 16 DSGVO),<br\/>auf L\u00f6schung (\u00a7 35 BDSG, Art. 17 DSGVO),<br\/>auf Einschr\u00e4nkung der Verarbeitung (Art. 18 DSGVO),<br\/>auf Daten\u00fcbertragbarkeit (Art. 20 DSGVO) sowie<br\/>auf Widerruf (Art. 21 DSGVO).<\/p>\n\n<p>Einschr\u00e4nkungen (Art. 23 DSGVO) gelten jedoch f\u00fcr das Recht auf Auskunft und L\u00f6schung.\nDar\u00fcber hinaus besteht ein Beschwerderecht bei einer zust\u00e4ndigen Aufsichtsbeh\u00f6rde f\u00fcr den Datenschutz (Art. 77 DSGVO). <\/p>\n\n<h2 class=\"wp-block-heading\">Verpflichtung zur Bereitstellung von Daten<\/h2>\n\n<p>Im Zusammenhang mit Ihrer Anfrage; dem einfachen Besuch der Website, der Kundenwerbung oder der Anforderung von Informationen \u00fcber die Website, m\u00fcssen Sie uns die personenbezogenen Daten zur Verf\u00fcgung stellen, die f\u00fcr die Erf\u00fcllung der damit verbundenen Verpflichtungen erforderlich sind oder zu deren Erhebung wir gesetzlich verpflichtet sind.\nOhne diese Daten werden wir nicht in der Lage sein, Ihre Anfrage zu beantworten, oder die Aus\u00fcbung Ihrer gesetzlichen Rechte (z.B. Garantien) wird beeintr\u00e4chtigt. <\/p>\n\n<h2 class=\"wp-block-heading\">Automatisierte Entscheidungsfindung und pers\u00f6nliche Nutzung der Website<\/h2>\n\n<p>Um Ihre Anfrage bestm\u00f6glich zu beantworten, verwenden wir keine vollautomatische Entscheidungsfindung gem\u00e4\u00df Art.\n22 DSGVO.\nSollten wir diese Verfahren im Einzelfall einsetzen, werden Sie hier\u00fcber gesondert informiert.\nZum Teil verarbeiten wir Ihre Daten automatisiert, um bestimmte pers\u00f6nliche Nutzungsaspekte der Website auszuwerten.   <\/p>\n\n<h2 class=\"wp-block-heading\">Erhebung personenbezogener Daten beim Besuch unserer Website<\/h2>\n\n<p>Bei der blo\u00dfen Nutzung der Website zu Informationszwecken, wenn Sie uns nicht anderweitig Informationen \u00fcbermitteln, erheben wir nur die personenbezogenen Daten, die Ihr Browser an unseren Server \u00fcbermittelt.\nWenn Sie unsere Website besuchen, erheben wir daher die folgenden Daten, die wir aus technischer Sicht ben\u00f6tigen, um unsere Website anzuzeigen und deren Stabilit\u00e4t und Sicherheit zu gew\u00e4hrleisten (Rechtsgrundlage ist Art. 6 Abs. 1 S. 1 lit. f DSGVO): <\/p>\n\n<ul class=\"wp-block-list\">\n<li>IP-Adresse<\/li>\n\n\n\n<li>Datum und Uhrzeit des Antrags<\/li>\n\n\n\n<li>Zeitzonendifferenz zur Greenwich-Zeit (GMT)<\/li>\n\n\n\n<li>Inhalt der Anfrage (konkrete Seite)<\/li>\n\n\n\n<li>HTTP-Zugriffsstatus\/Statuscode<\/li>\n\n\n\n<li>Datenvolumen, das jeweils \u00fcbertragen wird<\/li>\n\n\n\n<li>Website, von der die Anfrage stammt<\/li>\n\n\n\n<li>Browser<\/li>\n\n\n\n<li>Betriebssystem und seine Schnittstelle<\/li>\n\n\n\n<li>Sprache und Version der Navigationssoftware<\/li>\n\n\n\n<li>Seitenaufrufe.<\/li>\n<\/ul>\n\n<p>Zus\u00e4tzlich zu den oben genannten Daten werden Cookies auf Ihrem Computer gespeichert, wenn Sie unsere Website nutzen.\nCookies sind kleine Textdateien, die auf Ihrer Festplatte gespeichert werden, mit dem von Ihnen verwendeten Browser verkn\u00fcpft sind und \u00fcber die bestimmte Informationen an die Beh\u00f6rde gesendet werden, die den Cookie setzt.\nDiese Einrichtung dient insbesondere der Analyse der Website-Performance durch Cookies, die zur Verbesserung unserer Website beitragen, indem sie uns umfassende Statistiken \u00fcber die Anzahl der Besucher einer Seite, die am h\u00e4ufigsten besuchten Bereiche einer Website und die Stadt oder den Standort der Nutzer zur Verf\u00fcgung stellen.\nDiese k\u00f6nnen von externen Analyseanbietern, die wir beauftragen, installiert werden.\nDiese Cookies identifizieren Sie nicht pers\u00f6nlich.\nCookies k\u00f6nnen keine Programme starten oder Viren auf Ihren Computer \u00fcbertragen.\nSie dienen lediglich dazu, das Internetangebot insgesamt benutzerfreundlicher und effizienter zu gestalten.\nPOLYMIX verwendet die folgenden Arten von Cookies: tempor\u00e4re Cookies und permanente Cookies.       <\/p>\n\n<p>Tempor\u00e4re Cookies werden automatisch gel\u00f6scht, wenn Sie den Browser schlie\u00dfen.\nDiese speichern eine Sitzungs-ID, mit der verschiedene Anfragen Ihres Browsers der gemeinsamen Sitzung zugeordnet werden k\u00f6nnen.\nSo kann Ihr Computer wiedererkannt werden, wenn Sie unsere Website erneut besuchen.\nDie Sitzungscookies werden gel\u00f6scht, wenn Sie sich von der Website abmelden oder den Browser schlie\u00dfen.   <\/p>\n\n<p>Permanente Cookies werden nach einer vorbestimmten Zeit, die je nach Cookie variieren kann, automatisch gel\u00f6scht.\nSie k\u00f6nnen die Cookies jederzeit in den Sicherheitseinstellungen Ihres Browsers l\u00f6schen. <\/p>\n\n<p>Sie k\u00f6nnen die Einstellungen Ihres Browsers nach Ihren W\u00fcnschen konfigurieren und z.B. alle Cookies akzeptieren.\nSie k\u00f6nnen z.B. die Annahme von Cookies von Dritten oder von allen Cookies verweigern.\nDie meisten Browser bieten Ihnen verschiedene M\u00f6glichkeiten, Ihre Privatsph\u00e4re zu sch\u00fctzen.\nSie k\u00f6nnen z.B.\nSo k\u00f6nnen Sie z.B. propriet\u00e4re Cookies akzeptieren, aber Cookies von Dritten blockieren lassen oder sich jedes Mal informieren lassen, wenn eine Website ein Cookie setzen m\u00f6chte.\nBitte beachten Sie, dass eine solche Deaktivierung von Cookies dazu f\u00fchrt, dass keine neuen Cookies installiert werden k\u00f6nnen.\nAnleitungen zur Verwaltung von Cookies finden Sie in der Hilfe-Funktion Ihres Browsers oder in der Bedienungsanleitung Ihres Smartphones oder des verwendeten internetf\u00e4higen Festnetz- oder Mobilprodukts.      <\/p>\n\n<h2 class=\"wp-block-heading\">Datenschutzinformationen \u00fcber soziale Plug-ins<\/h2>\n\n<p>Unsere Website verwendet derzeit keine Social Plug-ins von sozialen Netzwerken (Twitter, Facebook, etc.).\nSollte sich dies in Zukunft \u00e4ndern, werden die sozialen Plug-ins erst dann mit der Daten\u00fcbertragung beginnen, wenn Sie die Schaltfl\u00e4chen selbst aktiviert haben. <\/p>\n\n<h2 class=\"wp-block-heading\">Informationen \u00fcber Ihr Widerrufsrecht nach Art.\n21 der Allgemeinen Datenschutzverordnung (DSGVO) <\/h2>\n\n<p>Sie k\u00f6nnen Ihre Einwilligung zur Verarbeitung Ihrer personenbezogenen Daten, die Sie POLYMIX erteilt haben, jederzeit widerrufen.\nBitte beachten Sie, dass der Widerruf nur f\u00fcr die Zukunft wirksam ist.\nVerarbeitungen, die vor dem Widerruf durchgef\u00fchrt wurden, bleiben davon unber\u00fchrt.  <\/p>\n\n<p><em>Recht auf Widerruf im Einzelfall<\/em><\/p>\n\n<p>Sie haben das Recht, aus Gr\u00fcnden, die sich aus Ihrer besonderen Situation ergeben, jederzeit gegen die Verarbeitung Sie betreffender personenbezogener Daten, die aufgrund von Art.\n6 Abs. 1 e DSGVO (Datenverarbeitung im \u00f6ffentlichen Interesse); dies gilt auch f\u00fcr ein auf diese Bestimmung gest\u00fctztes Profiling nach Art. 4 Abs. 4 Nr. 4 DSGVO.\n4 Nr. 4 DSGVO.\nWenn Sie Widerspruch einlegen, werden wir Ihre personenbezogenen Daten nicht mehr verarbeiten, es sei denn, wir k\u00f6nnen zwingende schutzw\u00fcrdige Gr\u00fcnde f\u00fcr die Verarbeitung nachweisen, die Ihre Interessen, Rechte und Freiheiten \u00fcberwiegen, oder die Verarbeitung dient der Geltendmachung, Aus\u00fcbung oder Verteidigung von Rechtsanspr\u00fcchen.   <\/p>\n\n<p>Wenn wir die Verarbeitung Ihrer personenbezogenen Daten auf eine Interessenabw\u00e4gung st\u00fctzen, k\u00f6nnen Sie gegen diese Verarbeitung Widerspruch einlegen.\nWenn Sie von einem solchen Widerruf Gebrauch machen, bitten wir Sie, die Gr\u00fcnde zu erl\u00e4utern, warum wir Ihre personenbezogenen Daten nicht mehr wie bisher verarbeiten d\u00fcrfen.\nIm Falle eines berechtigten Widerrufs pr\u00fcfen wir die Situation und beenden die Verarbeitung Ihrer Daten, passen sie an oder legen Ihnen die zwingenden und legitimen Gr\u00fcnde dar, aus denen wir Ihre Daten weiterhin verarbeiten m\u00fcssen.  <\/p>\n\n<p><em>Recht auf Widerruf der Verarbeitung von Daten f\u00fcr Zwecke der Direktwerbung<\/em><\/p>\n\n<p>In besonderen F\u00e4llen verarbeiten wir Ihre personenbezogenen Daten zum Zwecke der Direktwerbung.\nSie haben das Recht, jederzeit Widerspruch gegen die Verarbeitung Sie betreffender personenbezogener Daten zum Zwecke derartiger Werbung einzulegen; dies gilt auch f\u00fcr das Profiling, soweit es mit solcher Direktwerbung in Verbindung steht.\nWidersprechen Sie der Verarbeitung f\u00fcr Zwecke der Direktwerbung, so werden wir Ihre personenbezogenen Daten nicht mehr f\u00fcr diese Zwecke verarbeiten.\nDer Widerruf unterliegt keinen Formvorschriften und sollte m\u00f6glichst an folgende Adresse gerichtet werden: <a href=\"mailto:matiere@polymix.eu\">matiere@polymix.eu<\/a>   <\/p>\n\n<h2 class=\"wp-block-heading\">Ihr Recht auf Widerruf (Art. 21 DSGVO)<\/h2>\n\n<p>Sie haben das Recht, aus Gr\u00fcnden, die sich aus Ihrer besonderen Situation ergeben, jederzeit Widerspruch gegen die Verarbeitung Ihrer personenbezogenen Daten einzulegen, die gem\u00e4\u00df Art.\n6 Abs. 1 Satz 1\ne) DSGVO oder Art.\n6 Abs. 1 S. 1 DSGVO widersprechen.\nf) DSGVO; dies gilt auch f\u00fcr ein auf diese Bestimmungen gest\u00fctztes Profiling.\nWir verarbeiten die personenbezogenen Daten dann nicht mehr f\u00fcr diese Zwecke, es sei denn, wir k\u00f6nnen zwingende schutzw\u00fcrdige Gr\u00fcnde f\u00fcr die Verarbeitung nachweisen, die Ihre Interessen, Rechte und Freiheiten \u00fcberwiegen, oder die Verarbeitung dient der Geltendmachung, Aus\u00fcbung oder Verteidigung von Rechtsanspr\u00fcchen.\nWerden personenbezogene Daten verarbeitet, um gezielt kommerzielle Angebote oder Werbung zu betreiben, so haben Sie das Recht, jederzeit Widerspruch gegen die Verarbeitung der personenbezogenen Daten zum Zwecke derartiger Werbung einzulegen; dies gilt auch f\u00fcr das Profiling, soweit es mit solcher Werbung in Verbindung steht.      <\/p>\n\n<p>Sie k\u00f6nnen uns Ihren Widerspruch unter<a href=\"mailto:matiere@polymix.eu\">(matiere@polymix.eu)<\/a> mitteilen.<\/p>\n","protected":false},"excerpt":{"rendered":"<p>Datenschutzerkl\u00e4rung SAS POLYMIX (im Folgenden POLYMIX genannt) mit Sitz in 2, rue de Vienne &#8211; 68180 HORBOURG-WIHR und eingetragen im Handelsregister von Colmar unter der Nummer B 521 839 332, stellt seine T\u00e4tigkeit auf seiner Website vor. In Bezug auf den Schutz pers\u00f6nlicher Daten unterliegt POLYMIX den allgemeinen Verpflichtungen in Bezug auf diese Website sowie [&hellip;]<\/p>\n","protected":false},"author":1,"featured_media":0,"parent":0,"menu_order":0,"comment_status":"closed","ping_status":"closed","template":"","meta":{"_seopress_robots_primary_cat":"","_seopress_titles_title":"","_seopress_titles_desc":"","_seopress_robots_index":"","footnotes":""},"class_list":["post-1202","page","type-page","status-publish","hentry"],"_links":{"self":[{"href":"https:\/\/ampxgroup.com\/blog\/de\/wp-json\/wp\/v2\/pages\/1202","targetHints":{"allow":["GET"]}}],"collection":[{"href":"https:\/\/ampxgroup.com\/blog\/de\/wp-json\/wp\/v2\/pages"}],"about":[{"href":"https:\/\/ampxgroup.com\/blog\/de\/wp-json\/wp\/v2\/types\/page"}],"author":[{"embeddable":true,"href":"https:\/\/ampxgroup.com\/blog\/de\/wp-json\/wp\/v2\/users\/1"}],"replies":[{"embeddable":true,"href":"https:\/\/ampxgroup.com\/blog\/de\/wp-json\/wp\/v2\/comments?post=1202"}],"version-history":[{"count":1,"href":"https:\/\/ampxgroup.com\/blog\/de\/wp-json\/wp\/v2\/pages\/1202\/revisions"}],"predecessor-version":[{"id":1203,"href":"https:\/\/ampxgroup.com\/blog\/de\/wp-json\/wp\/v2\/pages\/1202\/revisions\/1203"}],"wp:attachment":[{"href":"https:\/\/ampxgroup.com\/blog\/de\/wp-json\/wp\/v2\/media?parent=1202"}],"curies":[{"name":"wp","href":"https:\/\/api.w.org\/{rel}","templated":true}]}}