{"id":1191,"date":"2024-08-26T07:23:28","date_gmt":"2024-08-26T07:23:28","guid":{"rendered":"https:\/\/ampxgroup.com\/blog\/contacta-con-nosotros\/"},"modified":"2024-10-03T08:47:26","modified_gmt":"2024-10-03T08:47:26","slug":"contacta-con-nosotros","status":"publish","type":"page","link":"https:\/\/ampxgroup.com\/blog\/es\/contacta-con-nosotros\/","title":{"rendered":"Contacta con nosotros"},"content":{"rendered":"\n<p><\/p>\n\n<p><br\/><br\/><br\/><br\/>A<strong>MP &amp; POLYMIX<\/strong> 2, rue de Vienne 68180 HORBOURG-WIHR<a href=\"tel:+33%20(0)3%2089%2020%2013%2080\">+33 (0)3 89 20 13 80<\/a><a href=\"mailto:matiere@polymix.eu\">matiere@polymix.eu<\/a><\/p>\n\n<p><br\/><br\/>P<strong>\u00e1gina web del Grupo<\/strong><strong>AMP-POLYMIX<\/strong>: <a href=\"http:\/\/www.ampxgroup.com\" data-type=\"link\" data-id=\"www.ampxgroup.com\" target=\"_blank\" rel=\"noreferrer noopener\">www.ampxgroup.com <\/a><strong>P\u00e1gina web de<\/strong><strong>AMP<\/strong>: <a href=\"http:\/\/www.amp.fr\" data-type=\"link\" data-id=\"www.amp.fr\" target=\"_blank\" rel=\"noreferrer noopener\">www.amp.fr <\/a><strong>P\u00e1gina web de<\/strong><strong>POLYMIX<\/strong>: <a href=\"http:\/\/www.polymix.eu\" target=\"_blank\" rel=\"noreferrer noopener\">www.polymix.eu <\/a> <\/p>\n\n<p><\/p>\n","protected":false},"excerpt":{"rendered":"<p>AMP &amp; POLYMIX 2, rue de Vienne 68180 HORBOURG-WIHR+33 (0)3 89 20 13 80matiere@polymix.eu P\u00e1gina web del GrupoAMP-POLYMIX: www.ampxgroup.com P\u00e1gina web deAMP: www.amp.fr P\u00e1gina web dePOLYMIX: www.polymix.eu<\/p>\n","protected":false},"author":1,"featured_media":0,"parent":0,"menu_order":0,"comment_status":"closed","ping_status":"closed","template":"","meta":{"_seopress_robots_primary_cat":"","_seopress_titles_title":"","_seopress_titles_desc":"","_seopress_robots_index":"","footnotes":""},"class_list":["post-1191","page","type-page","status-publish","hentry"],"_links":{"self":[{"href":"https:\/\/ampxgroup.com\/blog\/es\/wp-json\/wp\/v2\/pages\/1191","targetHints":{"allow":["GET"]}}],"collection":[{"href":"https:\/\/ampxgroup.com\/blog\/es\/wp-json\/wp\/v2\/pages"}],"about":[{"href":"https:\/\/ampxgroup.com\/blog\/es\/wp-json\/wp\/v2\/types\/page"}],"author":[{"embeddable":true,"href":"https:\/\/ampxgroup.com\/blog\/es\/wp-json\/wp\/v2\/users\/1"}],"replies":[{"embeddable":true,"href":"https:\/\/ampxgroup.com\/blog\/es\/wp-json\/wp\/v2\/comments?post=1191"}],"version-history":[{"count":1,"href":"https:\/\/ampxgroup.com\/blog\/es\/wp-json\/wp\/v2\/pages\/1191\/revisions"}],"predecessor-version":[{"id":1192,"href":"https:\/\/ampxgroup.com\/blog\/es\/wp-json\/wp\/v2\/pages\/1191\/revisions\/1192"}],"wp:attachment":[{"href":"https:\/\/ampxgroup.com\/blog\/es\/wp-json\/wp\/v2\/media?parent=1191"}],"curies":[{"name":"wp","href":"https:\/\/api.w.org\/{rel}","templated":true}]}}