{"id":1198,"date":"2024-01-15T14:47:02","date_gmt":"2024-01-15T14:47:02","guid":{"rendered":"https:\/\/ampxgroup.com\/blog\/politica-de-privacidad\/"},"modified":"2024-10-03T08:48:07","modified_gmt":"2024-10-03T08:48:07","slug":"politica-de-privacidad","status":"publish","type":"page","link":"https:\/\/ampxgroup.com\/blog\/es\/politica-de-privacidad\/","title":{"rendered":"Pol\u00edtica de privacidad"},"content":{"rendered":"\n<h2 class=\"wp-block-heading\">Declaraci\u00f3n de protecci\u00f3n de datos<\/h2>\n\n<p>SAS POLYMIX (en lo sucesivo, POLYMIX), con domicilio social en 2, rue de Vienne &#8211; 68180 HORBOURG-WIHR e inscrita en el Registro Mercantil y de Sociedades de Colmar con el n\u00famero B 521 839 332, presenta su actividad en su sitio web.<\/p>\n\n<p>Con respecto a la protecci\u00f3n de datos personales, POLYMIX est\u00e1 sujeta a las obligaciones generales relativas a este sitio web, as\u00ed como a las obligaciones relativas a su profesi\u00f3n.<\/p>\n\n<h2 class=\"wp-block-heading\">Pre\u00e1mbulo<\/h2>\n\n<p>Tus datos personales s\u00f3lo se recopilar\u00e1n, procesar\u00e1n y utilizar\u00e1n de acuerdo con los requisitos legales.\nSiempre que sea posible, nuestros procesos est\u00e1n dise\u00f1ados para garantizar que se tienen en cuenta los requisitos de protecci\u00f3n de datos. <\/p>\n\n<p>Cuando se recogen, POLYMIX utiliza tus datos personales para ponerse en contacto con el cliente potencial o el cliente a trav\u00e9s del formulario de contacto, y todas las solicitudes realizadas a trav\u00e9s del sitio web: <a href=\"http:\/\/www.ampxgroup.com\/blog\" data-type=\"link\" data-id=\"www.ampxgroup.com\/blog\" target=\"_blank\" rel=\"noreferrer noopener\">www.ampxgroup.com\/blog<\/a><\/p>\n\n<h2 class=\"wp-block-heading\">Fuentes y datos utilizados<\/h2>\n\n<p>Como parte de nuestras relaciones con los clientes, procesamos datos personales que hemos recibido directamente de usuarios y clientes a trav\u00e9s del sitio.<\/p>\n\n<p>Registramos los datos necesarios para procesar tu solicitud de informaci\u00f3n o tus preguntas sobre nuestras actividades y productos.\nS\u00f3lo se solicita la informaci\u00f3n necesaria para procesar tu solicitud. <\/p>\n\n<h2 class=\"wp-block-heading\">Finalidad del tratamiento y bases jur\u00eddicas<\/h2>\n\n<p>El tratamiento de tus datos personales se realiza de conformidad con las disposiciones del Reglamento General de Protecci\u00f3n de Datos (RGPD) europeo, la Ley de Protecci\u00f3n de Datos francesa y el c\u00f3digo deontol\u00f3gico de la profesi\u00f3n.<\/p>\n\n<p>Sobre el cumplimiento de las obligaciones contractuales (art. 6 apartado 1 b RGPD):<\/p>\n\n<p>Los datos personales se procesan en el contexto de las actividades de la empresa, como se detalla en el sitio web.\nPuedes leer m\u00e1s detalles sobre los fines del tratamiento de datos en las condiciones generales o preguntar a tu persona de contacto por correo electr\u00f3nico (a matiere@polymix.eu) o directamente al enviar tu solicitud. <\/p>\n\n<p>Como parte de la ponderaci\u00f3n de intereses (art. 6 p\u00e1rrafo 1 f RGPD):<\/p>\n\n<p>Si es necesario, procesamos tus datos m\u00e1s all\u00e1 de la ejecuci\u00f3n real de tu visita a nuestro sitio web, tu solicitud de informaci\u00f3n o tu contrato con un proveedor, con el fin de proteger nuestros intereses.\nEsto incluye el seguimiento y la optimizaci\u00f3n de nuestras obligaciones de asesoramiento y la trazabilidad de las consultas de los clientes realizadas a trav\u00e9s del sitio web, la reivindicaci\u00f3n de derechos legales y la defensa en caso de litigios, la salvaguarda de la seguridad inform\u00e1tica y las operaciones inform\u00e1ticas de POLYMIX, la prevenci\u00f3n y el esclarecimiento de delitos por orden de una autoridad p\u00fablica y las medidas de gesti\u00f3n empresarial ofrecidas por POLYMIX. <\/p>\n\n<p>Sobre la base de tu consentimiento (art. 6 apartado 1 a RGPD):<\/p>\n\n<p>En la medida en que contemos con tu consentimiento para procesar tus datos personales con fines espec\u00edficos, y en cumplimiento del c\u00f3digo \u00e9tico, la legalidad de dicho procesamiento sobre la base de tu consentimiento est\u00e1 garantizada.\nEl consentimiento dado puede ser revocado en cualquier momento.\nLa revocaci\u00f3n del consentimiento no afecta a la legalidad del tratamiento de datos realizado hasta la revocaci\u00f3n.  <\/p>\n\n<p>Por exigencias legales (art. 6 p\u00e1rrafo 1 c RGPD) o por inter\u00e9s p\u00fablico (art. 6 p\u00e1rrafo 1 e RGPD):<\/p>\n\n<p>Esto incluye, por ejemplo, verificar la identidad y la edad, la capacidad para obligar a la empresa que realiza la solicitud de informaci\u00f3n o celebra el contrato, etc.\nSalvo que se explique detalladamente m\u00e1s adelante, en principio no se procesan datos personales al utilizar este sitio web, es decir, no se registran, modifican ni transmiten datos a terceros. <\/p>\n\n<h2 class=\"wp-block-heading\">Formulario de contacto<\/h2>\n\n<p>Los datos recogidos en este formulario pueden quedar registrados en un fichero procesado por POLYMIX con fines de env\u00edo de informaci\u00f3n o, si nos autorizas a ello, con fines comerciales.\nLa base jur\u00eddica del tratamiento se detalla en la declaraci\u00f3n de pol\u00edtica de protecci\u00f3n de datos personales. <\/p>\n\n<p>Los datos recogidos se utilizar\u00e1n y archivar\u00e1n de acuerdo con el RGPD.\nEstos datos personales no se transmitir\u00e1n a terceros, ni gratuitamente ni a cambio de una remuneraci\u00f3n. <\/p>\n\n<p>Los datos se conservan un m\u00e1ximo de 3 a\u00f1os.<\/p>\n\n<p>Puedes acceder a tus datos personales, rectificarlos, solicitar que se supriman o ejercer tu derecho a limitar el tratamiento de tus datos.<\/p>\n\n<p>Visita cnil.fr para obtener m\u00e1s informaci\u00f3n sobre tus derechos.<\/p>\n\n<p>Para ejercer estos derechos o si tienes alguna duda sobre el tratamiento de tus datos con arreglo a este r\u00e9gimen, puedes ponerte en contacto con nuestros servicios para obtener m\u00e1s informaci\u00f3n o para oponerte al almacenamiento de tus datos personales.<\/p>\n\n<p>Si, despu\u00e9s de ponerte en contacto con nosotros, consideras que no se han respetado tus derechos de \u00abProtecci\u00f3n de datos\u00bb, puedes presentar una reclamaci\u00f3n ante la CNIL.<\/p>\n\n<h2 class=\"wp-block-heading\">Plazos de inscripci\u00f3n<\/h2>\n\n<p>POLYMIX procesa y almacena tus datos personales durante el tiempo que sea necesario para el cumplimiento de nuestras obligaciones contractuales y legales.\nSi los datos ya no son necesarios para el cumplimiento de las obligaciones contractuales o legales, ser\u00e1n eliminados. <\/p>\n\n<h2 class=\"wp-block-heading\">Tus derechos como interesado<\/h2>\n\n<p><br\/><br\/><br\/><br\/><br\/><br\/>Toda persona afectada por el tratamiento de datos personales tiene derecho: a la informaci\u00f3n (art. 34 de la BDSG, art. 15 del RGPD), a la rectificaci\u00f3n (art. 16 del RGPD), a la supresi\u00f3n (art. 35 de la BDSG, art. 17 del RGPD), a la limitaci\u00f3n del tratamiento (art. 18 del RGPD), a la transmisibilidad de los datos (art. 20 del RGPD) y a la revocaci\u00f3n (art. 21 del RGPD).<\/p>\n\n<p>Sin embargo, se aplican restricciones (art. 23 del RGPD) al derecho de informaci\u00f3n y supresi\u00f3n.\nTambi\u00e9n existe un derecho de recurso ante una autoridad de control competente en materia de protecci\u00f3n de datos (art. 77 RGPD). <\/p>\n\n<h2 class=\"wp-block-heading\">Obligaci\u00f3n de facilitar datos<\/h2>\n\n<p>Como parte de tu solicitud; simple consulta del sitio, prospecci\u00f3n o solicitud de informaci\u00f3n realizada en el sitio, debes proporcionarnos los datos personales que se solicitan y que son necesarios para el cumplimiento de las obligaciones relacionadas o que estamos legalmente obligados a recopilar.\nEn ausencia de estos datos, no podremos responder a tu solicitud, o el ejercicio de tus derechos legales (por ejemplo, garant\u00edas) se ver\u00e1 comprometido. <\/p>\n\n<h2 class=\"wp-block-heading\">Toma de decisiones automatizada y uso personal del sitio<\/h2>\n\n<p>Para responder mejor a tu solicitud, no utilizamos la toma de decisiones totalmente automatizada de acuerdo con el art.\n22 DEL GDPR.\nSi utilizamos tales procedimientos en casos particulares, se te informar\u00e1 por separado.\nAlgunos de tus datos se procesan autom\u00e1ticamente con el fin de evaluar ciertos aspectos de tu uso personal del sitio web.   <\/p>\n\n<h2 class=\"wp-block-heading\">Recogida de datos personales al visitar nuestro sitio web<\/h2>\n\n<p>Cuando simplemente utilizas nuestro sitio web con fines informativos y no nos env\u00edas informaci\u00f3n de ning\u00fan otro modo, s\u00f3lo recogemos los datos personales que tu navegador transmite a nuestro servidor.\nPor lo tanto, cuando visitas nuestro sitio web, recopilamos los siguientes datos que son t\u00e9cnicamente necesarios para mostrar nuestro sitio web y para garantizar su estabilidad y seguridad (la base jur\u00eddica es el art. 6 p\u00e1rrafo 1 frase 1 letra f RGPD): <\/p>\n\n<ul class=\"wp-block-list\">\n<li>Direcci\u00f3n IP<\/li>\n\n\n\n<li>Fecha y hora de la solicitud<\/li>\n\n\n\n<li>Diferencia horaria con respecto al meridiano de Greenwich (GMT)<\/li>\n\n\n\n<li>Solicitar contenido (p\u00e1gina concreta)<\/li>\n\n\n\n<li>C\u00f3digo de estado\/estado de acceso HTTP<\/li>\n\n\n\n<li>Volumen de datos transferidos<\/li>\n\n\n\n<li>Sitio web del que procede la solicitud<\/li>\n\n\n\n<li>Navegador<\/li>\n\n\n\n<li>Sistema operativo e interfaz<\/li>\n\n\n\n<li>Idioma y versi\u00f3n del programa de navegaci\u00f3n<\/li>\n\n\n\n<li>P\u00e1ginas vistas.<\/li>\n<\/ul>\n\n<p>Adem\u00e1s de los datos mencionados anteriormente, se almacenan cookies en tu ordenador cuando utilizas nuestro sitio web.\nLas cookies son peque\u00f1os archivos de texto que se almacenan en tu disco duro, asociados al navegador que utilizas, y a trav\u00e9s de los cuales se env\u00eda cierta informaci\u00f3n a la autoridad que establece la cookie.\nEn particular, las cookies se utilizan para analizar el rendimiento del sitio web, ayudando a mejorarlo al proporcionarnos estad\u00edsticas completas sobre el n\u00famero de visitantes de una p\u00e1gina, las \u00e1reas del sitio que se visitan con m\u00e1s frecuencia y la ciudad o ubicaci\u00f3n de los usuarios.\nEstas cookies pueden ser instaladas por proveedores de an\u00e1lisis externos que contratamos.\nEstas cookies no te identifican personalmente.\nLas cookies no pueden lanzar programas ni transmitir virus a tu ordenador.\nSimplemente sirven para hacer que la oferta de Internet sea m\u00e1s f\u00e1cil de usar y eficaz en su conjunto.\nPOLYMIX utiliza los siguientes tipos de cookies: cookies temporales y cookies permanentes.       <\/p>\n\n<p>Las cookies temporales se eliminan autom\u00e1ticamente cuando cierras tu navegador.\nAlmacenan un identificador de sesi\u00f3n con el que se pueden asignar diferentes peticiones de tu navegador a la sesi\u00f3n com\u00fan.\nEsto permite reconocer tu ordenador cuando vuelvas a visitar nuestro sitio web.\nLas cookies de sesi\u00f3n se eliminan cuando sales del sitio o cierras el navegador.   <\/p>\n\n<p>Las cookies permanentes se eliminan autom\u00e1ticamente tras un periodo predeterminado, que puede variar en funci\u00f3n de la cookie.\nPuedes eliminar las cookies en cualquier momento en la configuraci\u00f3n de seguridad de tu navegador. <\/p>\n\n<p>Puedes configurar los ajustes de tu navegador seg\u00fan tus deseos.\nPor ejemplo, puedes negarte a aceptar cookies de terceros o todas las cookies.\nLa mayor\u00eda de los navegadores ofrecen varias opciones para proteger tu privacidad.\nPor ejemplo, puedes aceptar las cookies propias.\nPor ejemplo, puedes aceptar las cookies propias pero bloquear las cookies de terceros o ser informado cada vez que un sitio web quiera instalar una cookie.\nTen en cuenta que desactivar las cookies de este modo imposibilita la instalaci\u00f3n de nuevas cookies.\nEncontrar\u00e1s instrucciones sobre c\u00f3mo gestionar las cookies en la funci\u00f3n de Ayuda de tu navegador o en el manual de usuario de tu smartphone o producto de acceso a Internet fijo o m\u00f3vil.      <\/p>\n\n<h2 class=\"wp-block-heading\">Informaci\u00f3n sobre la protecci\u00f3n de datos en los plug-ins sociales<\/h2>\n\n<p>Nuestro sitio web no utiliza actualmente plug-ins sociales de redes sociales (Twitter, Facebook, etc.).\nSi esto cambiara en el futuro, los plug-ins sociales s\u00f3lo comenzar\u00e1n a transferir datos una vez que t\u00fa mismo hayas activado los botones. <\/p>\n\n<h2 class=\"wp-block-heading\">Informaci\u00f3n sobre tu derecho de revocaci\u00f3n de conformidad con el art.\n21 del Reglamento General de Protecci\u00f3n de Datos (RGPD) <\/h2>\n\n<p>Puedes revocar tu consentimiento para el tratamiento de tus datos personales dado a POLYMIX en cualquier momento.\nTen en cuenta que la revocaci\u00f3n s\u00f3lo tiene efectos para el futuro.\nEl tratamiento realizado con anterioridad a la revocaci\u00f3n no se ver\u00e1 afectado.  <\/p>\n\n<p><em>Derecho de revocaci\u00f3n caso por caso<\/em><\/p>\n\n<p>Tienes derecho, por motivos relacionados con tu situaci\u00f3n particular, a oponerte en cualquier momento al tratamiento de tus datos personales de conformidad con el art.\n6 p\u00e1rrafo 1 e del RGPD (tratamiento de datos en inter\u00e9s p\u00fablico); esto tambi\u00e9n se aplica a la elaboraci\u00f3n de perfiles basada en esta disposici\u00f3n en los t\u00e9rminos del art.\n4 n\u00ba 4 del RGPD.\nSi te opones, dejaremos de tratar tus datos personales a menos que podamos demostrar motivos leg\u00edtimos imperiosos para el tratamiento que prevalezcan sobre tus intereses, derechos y libertades, o si el tratamiento sirve para el establecimiento, ejercicio o defensa de reclamaciones legales.   <\/p>\n\n<p>Si basamos el tratamiento de tus datos personales en una ponderaci\u00f3n de intereses, puedes oponerte a dicho tratamiento.\nSi lo haces, te pediremos que nos expliques por qu\u00e9 no debemos seguir tratando tus datos personales como lo hac\u00edamos antes.\nEn caso de revocaci\u00f3n justificada, examinaremos la situaci\u00f3n y pondremos fin al tratamiento de tus datos, lo adaptaremos o te explicaremos las razones imperiosas y leg\u00edtimas por las que debemos seguir tratando tus datos.  <\/p>\n\n<p><em>Derecho de revocaci\u00f3n del tratamiento de datos con fines de publicidad directa<\/em><\/p>\n\n<p>En casos concretos, procesamos tus datos personales con fines de marketing directo.\nTienes derecho a oponerte en cualquier momento al tratamiento de tus datos personales a efectos de dicha publicidad; esto tambi\u00e9n se aplica a la elaboraci\u00f3n de perfiles, en la medida en que est\u00e9 vinculada a dicho env\u00edo.\nSi te opones al tratamiento con fines de mailing, dejaremos de tratar tus datos personales con estos fines.\nLa revocaci\u00f3n no est\u00e1 sujeta a condiciones formales y debe enviarse, si es posible, a: <a href=\"mailto:matiere@polymix.eu\">matiere@polymix.eu<\/a>   <\/p>\n\n<h2 class=\"wp-block-heading\">Tu derecho de revocaci\u00f3n (art. 21 RGPD)<\/h2>\n\n<p>Tienes derecho, por motivos relacionados con tu situaci\u00f3n particular, a oponerte en cualquier momento al tratamiento de tus datos personales, que se lleva a cabo de conformidad con el Art.\n6 p\u00e1rrafo 1 frase 1\ne) GDPR o Art.\n6 p\u00e1rrafo 1 frase 1\nf) GDPR; esto tambi\u00e9n se aplica a la elaboraci\u00f3n de perfiles basada en estas disposiciones.\nEn tales casos, dejaremos de tratar los datos personales para estos fines, a menos que podamos demostrar motivos leg\u00edtimos imperiosos para el tratamiento que prevalezcan sobre tus intereses, derechos y libertades, o si el tratamiento sirve para el establecimiento, ejercicio o defensa de reclamaciones legales.\nSi los datos personales se procesan con fines de ofertas comerciales dirigidas o publicidad, tienes derecho a oponerte en cualquier momento al procesamiento de dichos datos personales con fines de dicha publicidad; esto tambi\u00e9n se aplica a la elaboraci\u00f3n de perfiles, en la medida en que est\u00e9 vinculada a dicha publicidad.      <\/p>\n\n<p>Puedes notificarnos tu oposici\u00f3n en<a href=\"mailto:matiere@polymix.eu\">(matiere@polymix.eu)<\/a><\/p>\n","protected":false},"excerpt":{"rendered":"<p>Declaraci\u00f3n de protecci\u00f3n de datos SAS POLYMIX (en lo sucesivo, POLYMIX), con domicilio social en 2, rue de Vienne &#8211; 68180 HORBOURG-WIHR e inscrita en el Registro Mercantil y de Sociedades de Colmar con el n\u00famero B 521 839 332, presenta su actividad en su sitio web. Con respecto a la protecci\u00f3n de datos personales, [&hellip;]<\/p>\n","protected":false},"author":1,"featured_media":0,"parent":0,"menu_order":0,"comment_status":"closed","ping_status":"closed","template":"","meta":{"_seopress_robots_primary_cat":"","_seopress_titles_title":"","_seopress_titles_desc":"","_seopress_robots_index":"","footnotes":""},"class_list":["post-1198","page","type-page","status-publish","hentry"],"_links":{"self":[{"href":"https:\/\/ampxgroup.com\/blog\/es\/wp-json\/wp\/v2\/pages\/1198","targetHints":{"allow":["GET"]}}],"collection":[{"href":"https:\/\/ampxgroup.com\/blog\/es\/wp-json\/wp\/v2\/pages"}],"about":[{"href":"https:\/\/ampxgroup.com\/blog\/es\/wp-json\/wp\/v2\/types\/page"}],"author":[{"embeddable":true,"href":"https:\/\/ampxgroup.com\/blog\/es\/wp-json\/wp\/v2\/users\/1"}],"replies":[{"embeddable":true,"href":"https:\/\/ampxgroup.com\/blog\/es\/wp-json\/wp\/v2\/comments?post=1198"}],"version-history":[{"count":1,"href":"https:\/\/ampxgroup.com\/blog\/es\/wp-json\/wp\/v2\/pages\/1198\/revisions"}],"predecessor-version":[{"id":1199,"href":"https:\/\/ampxgroup.com\/blog\/es\/wp-json\/wp\/v2\/pages\/1198\/revisions\/1199"}],"wp:attachment":[{"href":"https:\/\/ampxgroup.com\/blog\/es\/wp-json\/wp\/v2\/media?parent=1198"}],"curies":[{"name":"wp","href":"https:\/\/api.w.org\/{rel}","templated":true}]}}