{"id":1204,"date":"2024-01-15T14:47:02","date_gmt":"2024-01-15T14:47:02","guid":{"rendered":"https:\/\/ampxgroup.com\/blog\/informacion-legal\/"},"modified":"2024-10-03T08:48:07","modified_gmt":"2024-10-03T08:48:07","slug":"informacion-legal","status":"publish","type":"page","link":"https:\/\/ampxgroup.com\/blog\/es\/informacion-legal\/","title":{"rendered":"Informaci\u00f3n legal"},"content":{"rendered":"\n<blockquote class=\"wp-block-quote is-layout-flow wp-block-quote-is-layout-flow\">\n<h2 class=\"wp-block-heading\">Sobre el sitio  <\/h2>\n\n\n\n<p>Est\u00e1s conectado al blog del Grupo AMP-POLYMIX.\nPOLYMIX pone a disposici\u00f3n del p\u00fablico todos los datos e informaci\u00f3n del sitio web <a href=\"http:\/\/wwww.ampxgroup.com\/blog\" target=\"_blank\" rel=\"noreferrer noopener\">wwww.ampxgroup.com\/blog <\/a>. <\/p>\n\n\n\n<p><br\/><br\/>POLYMIX 2, rue de Vienne 68180 HORBOURG-WIHR<\/p>\n\n\n\n<p><br\/>RCS Colmar B 521 839 332 SAS con un capital de 900.000,00 euros<\/p>\n\n\n\n<p><br\/><br\/><br\/>D<strong>irectora de la publicaci\u00f3n:<\/strong> Julie FATH<strong>Dise\u00f1o <\/strong><strong>gr\u00e1fico del <\/strong><strong>sitio: <\/strong> <a href=\"https:\/\/www.press-agrum.com\/\" target=\"_blank\" rel=\"noreferrer noopener\">Agence Press Agrum<\/a><strong>Dise\u00f1o t\u00e9cnico del sitio:<\/strong> <a href=\"https:\/\/www.press-agrum.com\/\" target=\"_blank\" rel=\"noreferrer noopener\">Agence Press Agrum<\/a> Alojamiento<strong>:<\/strong> <a href=\"http:\/\/www.ovh.com\/\" target=\"_blank\" rel=\"noreferrer noopener\">OVH<\/a><\/p>\n\n\n\n<h2 class=\"wp-block-heading\">Protecci\u00f3n de datos personales en el sitio web www.ampxgroup.com\/blog<\/h2>\n\n\n\n<ul class=\"wp-block-list\">\n<li class=\"has-small-font-size\">No se recoge ninguna informaci\u00f3n personal sin tu conocimiento<\/li>\n\n\n\n<li class=\"has-small-font-size\">No se transmiten datos personales a terceros<\/li>\n\n\n\n<li class=\"has-small-font-size\">No se utilizar\u00e1 ninguna informaci\u00f3n personal para fines distintos de los especificados De acuerdo con la Ley francesa de Protecci\u00f3n de Datos de 6 de enero de 1978 (art. 34), tienes derecho a acceder, modificar, rectificar y eliminar cualquier dato que te concierna.\nPara ejercer este derecho, env\u00eda una carta a : <strong> <\/strong><br\/><strong>Polymix \/ 2, rue de Vienne 68180 HORBOURG-WIHR<\/strong><\/li>\n<\/ul>\n\n\n\n<h2 class=\"wp-block-heading\">Informaci\u00f3n sobre las cookies de navegaci\u00f3n<\/h2>\n\n\n\n<p>El sitio web  <a href=\"http:\/\/wwww.ampxgroup.com\/blog\" target=\"_blank\" rel=\"noreferrer noopener\"><\/a><a href=\"http:\/\/wwww.ampxgroup.com\/blog\" target=\"_blank\" rel=\"noreferrer noopener\">wwww.ampxgroup.com\/blog<\/a> puede colocar una cookie en tu ordenador.\nUna cookie no nos permite identificarte.\nEn general, registra informaci\u00f3n relativa a la navegaci\u00f3n de tu ordenador en nuestro sitio (las p\u00e1ginas que has visitado, la fecha y la hora de la visita, etc.) que podremos leer en tus visitas posteriores.\nEn este caso, contiene la informaci\u00f3n que nos acabas de facilitar.\nPor lo tanto, no tendr\u00e1s que volver a rellenar el formulario la pr\u00f3xima vez que visites nuestro sitio.\nEsta informaci\u00f3n se almacena en tu ordenador durante 30 minutos.     <\/p>\n\n\n\n<p>Te informamos de que puedes negarte a aceptar cookies configurando tu navegador como se indica a continuaci\u00f3n:<\/p>\n\n\n\n<p><strong>Para Mozilla Firefox :<\/strong><\/p>\n\n\n\n<ol class=\"wp-block-list\">\n<li class=\"has-medium-font-size\">Selecciona el men\u00fa \u00abHerramientas\u00bb y luego \u00abOpciones\u00bb.<\/li>\n\n\n\n<li class=\"has-medium-font-size\">Haz clic en el icono \u00abPrivacidad<\/li>\n\n\n\n<li class=\"has-medium-font-size\">Busca el men\u00fa \u00abcookie\u00bb y selecciona las opciones que desees<\/li>\n<\/ol>\n\n\n\n<p><strong>Para Microsoft Internet Explorer 7 :<\/strong><\/p>\n\n\n\n<ol class=\"wp-block-list\">\n<li class=\"has-medium-font-size\">Selecciona el men\u00fa \u00abHerramientas\u00bb y luego \u00abOpciones de Internet\u00bb.<\/li>\n\n\n\n<li class=\"has-medium-font-size\">haz clic en la pesta\u00f1a \u00abConfidencialidad<\/li>\n\n\n\n<li class=\"has-medium-font-size\">utiliza el cursor para seleccionar el nivel deseado.<\/li>\n<\/ol>\n\n\n\n<p><strong>Para Opera 6.0 y superior :<\/strong><\/p>\n\n\n\n<ol class=\"wp-block-list\">\n<li class=\"has-medium-font-size\">selecciona el men\u00fa \u00abArchivo\u00bb &gt; \u00abPreferencias\u00bb.<\/li>\n\n\n\n<li class=\"has-medium-font-size\">Pol\u00edtica de privacidad<\/li>\n<\/ol>\n\n\n\n<p><strong>Para Safari :<\/strong><\/p>\n\n\n\n<ol class=\"wp-block-list\">\n<li class=\"has-medium-font-size\">Elige el men\u00fa \u00abArchivo\u00bb &gt; \u00abPreferencias\u00bb.<\/li>\n\n\n\n<li class=\"has-medium-font-size\">Haz clic en la pesta\u00f1a \u00abConfidencialidad\u00bb.<\/li>\n\n\n\n<li class=\"has-medium-font-size\">Selecciona las opciones que m\u00e1s te convengan<\/li>\n<\/ol>\n\n\n\n<h2 class=\"wp-block-heading\">Mensajer\u00eda<\/h2>\n\n\n\n<p>Los mensajes enviados por Internet pueden ser interceptados.\nNo divulgues informaci\u00f3n personal innecesaria o sensible.\nSi deseas enviarnos este tipo de informaci\u00f3n, debes hacerlo por correo postal.  <\/p>\n\n\n\n<h2 class=\"wp-block-heading\">Derechos de autor<\/h2>\n\n\n\n<p>Todo este sitio est\u00e1 sujeto a la legislaci\u00f3n francesa e internacional sobre derechos de autor y propiedad intelectual.\nQuedan reservados todos los derechos de reproducci\u00f3n, incluidos los documentos descargables, las representaciones iconogr\u00e1ficas y fotogr\u00e1ficas y las secuencias animadas.\nCualquier reproducci\u00f3n o representaci\u00f3n total o parcial, por cualquier medio, del contenido del sitio <a href=\"http:\/\/wwww.ampxgroup.com\/blog\" target=\"_blank\" rel=\"noreferrer noopener\">wwww.ampxgroup.com\/blog<\/a> sin la autorizaci\u00f3n expresa de Polymix es ilegal y constituye una infracci\u00f3n de los derechos de autor.\nCualquier uso de la informaci\u00f3n del sitio <a href=\"http:\/\/wwww.ampxgroup.com\/blog\" target=\"_blank\" rel=\"noreferrer noopener\">wwww.ampxgroup.com\/blog<\/a> debe mencionar la fuente de la informaci\u00f3n.\nLa direcci\u00f3n de Internet del sitio Polymix debe aparecer en la referencia.\nLas marcas comerciales mencionadas en este sitio est\u00e1n registradas por las empresas propietarias de las mismas.     <\/p>\n\n\n\n<h2 class=\"wp-block-heading\">Responsabilidad<\/h2>\n\n\n\n<p>Polymix no se hace responsable del contenido y el entorno de los sitios externos a los que el sitio <a href=\"http:\/\/wwww.ampxgroup.com\/blog\" target=\"_blank\" rel=\"noreferrer noopener\">wwww.ampxgroup.com\/blog<\/a> pueda remitir (en particular mediante enlaces de \u00abhipertexto\u00bb).\nPolymix no se hace responsable de los elementos que no haya introducido ella misma y que puedan ser resultado de acciones externas descuidadas.\nAunque se ha puesto gran cuidado en la compilaci\u00f3n del contenido de este sitio, no se puede descartar que se haya deslizado accidentalmente alg\u00fan error en el contenido.  <\/p>\n\n\n\n<p>La consulta del sitio <a href=\"http:\/\/wwww.ampxgroup.com\/blog\" target=\"_blank\" rel=\"noreferrer noopener\">wwww.ampxgroup.com\/blog<\/a> presupone que el usuario de Internet acepta los t\u00e9rminos y condiciones especificados anteriormente.<\/p>\n<\/blockquote>\n\n<blockquote class=\"wp-block-quote is-layout-flow wp-block-quote-is-layout-flow\">\n<p><\/p>\n<\/blockquote>\n","protected":false},"excerpt":{"rendered":"","protected":false},"author":1,"featured_media":0,"parent":0,"menu_order":0,"comment_status":"closed","ping_status":"open","template":"","meta":{"_seopress_robots_primary_cat":"","_seopress_titles_title":"","_seopress_titles_desc":"","_seopress_robots_index":"","footnotes":""},"class_list":["post-1204","page","type-page","status-publish","hentry"],"_links":{"self":[{"href":"https:\/\/ampxgroup.com\/blog\/es\/wp-json\/wp\/v2\/pages\/1204","targetHints":{"allow":["GET"]}}],"collection":[{"href":"https:\/\/ampxgroup.com\/blog\/es\/wp-json\/wp\/v2\/pages"}],"about":[{"href":"https:\/\/ampxgroup.com\/blog\/es\/wp-json\/wp\/v2\/types\/page"}],"author":[{"embeddable":true,"href":"https:\/\/ampxgroup.com\/blog\/es\/wp-json\/wp\/v2\/users\/1"}],"replies":[{"embeddable":true,"href":"https:\/\/ampxgroup.com\/blog\/es\/wp-json\/wp\/v2\/comments?post=1204"}],"version-history":[{"count":1,"href":"https:\/\/ampxgroup.com\/blog\/es\/wp-json\/wp\/v2\/pages\/1204\/revisions"}],"predecessor-version":[{"id":1205,"href":"https:\/\/ampxgroup.com\/blog\/es\/wp-json\/wp\/v2\/pages\/1204\/revisions\/1205"}],"wp:attachment":[{"href":"https:\/\/ampxgroup.com\/blog\/es\/wp-json\/wp\/v2\/media?parent=1204"}],"curies":[{"name":"wp","href":"https:\/\/api.w.org\/{rel}","templated":true}]}}