{"id":2,"date":"2024-01-15T14:47:02","date_gmt":"2024-01-15T14:47:02","guid":{"rendered":"https:\/\/ampxgroup.com\/blog\/?page_id=2"},"modified":"2024-08-29T09:38:51","modified_gmt":"2024-08-29T09:38:51","slug":"mentions-legales","status":"publish","type":"page","link":"https:\/\/ampxgroup.com\/blog\/mentions-legales\/","title":{"rendered":"Mentions l\u00e9gales"},"content":{"rendered":"\n<blockquote class=\"wp-block-quote is-layout-flow wp-block-quote-is-layout-flow\">\n<h2 class=\"wp-block-heading\">A propos du site <\/h2>\n\n\n\n<p>Vous \u00eates actuellement connect\u00e9 au blog de AMP-POLYMIX Group. L\u2019ensemble des donn\u00e9es et les informations pr\u00e9sentes sur le site Internet&nbsp;<a href=\"http:\/\/wwww.ampxgroup.com\/blog\" target=\"_blank\" rel=\"noreferrer noopener\">wwww.ampxgroup.com\/blog <\/a>&nbsp;sont mises \u00e0 disposition du public par la soci\u00e9t\u00e9 POLYMIX.<\/p>\n\n\n\n<p>POLYMIX<br>2, rue de Vienne <br>68180 HORBOURG-WIHR<\/p>\n\n\n\n<p>RCS Colmar&nbsp;B 521 839 332<br>SAS au capital de 900.000,00 \u20ac<\/p>\n\n\n\n<p><strong>Directeur de la publication :<\/strong>&nbsp;Julie FATH<br><strong>Conception graphique du site :&nbsp;<\/strong><a href=\"https:\/\/www.press-agrum.com\/\" target=\"_blank\" rel=\"noreferrer noopener\">Agence Press Agrum<\/a><strong><br>Conception technique du site :&nbsp;<\/strong>&nbsp;<a href=\"https:\/\/www.press-agrum.com\/\" target=\"_blank\" rel=\"noreferrer noopener\">Agence Press Agrum<\/a><br><strong>H\u00e9b\u00e9rgement :<\/strong>&nbsp;<a href=\"http:\/\/www.ovh.com\/\" target=\"_blank\" rel=\"noreferrer noopener\">OVH<\/a><\/p>\n\n\n\n<h2 class=\"wp-block-heading\">Protection des donn\u00e9es personnelles sur le site www.ampxgroup.com\/blog<\/h2>\n\n\n\n<ul class=\"wp-block-list\">\n<li class=\"has-small-font-size\">Aucune information personnelle n\u2019est collect\u00e9e \u00e0 votre insu<\/li>\n\n\n\n<li class=\"has-small-font-size\">Aucune information personnelle n\u2019est c\u00e9d\u00e9e \u00e0 des tiers<\/li>\n\n\n\n<li class=\"has-small-font-size\">Aucune information personnelle n\u2019est utilis\u00e9e \u00e0 des fins non pr\u00e9vues Conform\u00e9ment la loi \u201cInformatique et Libert\u00e9s\u201d du 6 janvier 1978 (art. 34), vous disposez d\u2019un droit d\u2019acc\u00e8s, de modification, de rectification et de suppression des donn\u00e9es qui vous concernent. Pour exercer ce droit, adressez-vous uniquement par courrier \u00e0 :<strong>&nbsp;<\/strong><br><strong>Polymix \/ 2, rue de Vienne 68180 HORBOURG-WIHR<\/strong><\/li>\n<\/ul>\n\n\n\n<h2 class=\"wp-block-heading\">Information relative aux cookies de navigation<\/h2>\n\n\n\n<p>Le site\u00a0<a href=\"http:\/\/wwww.ampxgroup.com\/blog\" target=\"_blank\" rel=\"noreferrer noopener\"><a href=\"http:\/\/wwww.ampxgroup.com\/blog\" target=\"_blank\" rel=\"noreferrer noopener\">wwww.ampxgroup.com\/blog<\/a><\/a>\u00a0est susceptible d\u2019implanter un cookie dans votre ordinateur. Un cookie ne nous permet pas de vous identifier. De mani\u00e8re g\u00e9n\u00e9rale, il enregistre des informations relatives \u00e0 la navigation de votre ordinateur sur notre site (les pages que vous avez consult\u00e9es, la date et l\u2019heure de la consultation, etc.) que nous pourrons lire lors de vos visites ult\u00e9rieures. En l\u2019esp\u00e8ce, il contient les informations que vous venez de nous fournir. Ainsi, vous n\u2019aurez pas besoin, lors de votre prochaine visite, de remplir \u00e0 nouveau le formulaire que nous vous avons propos\u00e9. La dur\u00e9e de conservation de ces informations dans votre ordinateur est de 30 minutes.<\/p>\n\n\n\n<p>Nous vous informons que vous pouvez vous opposer \u00e0 l\u2019enregistrement de \u00ab&nbsp;cookies&nbsp;\u00bb en configurant votre navigateur de la mani\u00e8re suivante :<\/p>\n\n\n\n<p><strong>Pour Mozilla firefox :<\/strong><\/p>\n\n\n\n<ol class=\"wp-block-list\">\n<li class=\"has-medium-font-size\">Choisissez le menu \u00ab&nbsp;outil &nbsp;\u00bb puis \u00ab&nbsp;Options&nbsp;\u00bb<\/li>\n\n\n\n<li class=\"has-medium-font-size\">Cliquez sur l\u2019ic\u00f4ne \u00ab&nbsp;vie priv\u00e9e&nbsp;\u00bb<\/li>\n\n\n\n<li class=\"has-medium-font-size\">Rep\u00e9rez le menu \u00ab&nbsp;cookie&nbsp;\u00bb et s\u00e9lectionnez les options qui vous conviennent<\/li>\n<\/ol>\n\n\n\n<p><strong>Pour Microsoft Internet Explorer 7 :<\/strong><\/p>\n\n\n\n<ol class=\"wp-block-list\">\n<li class=\"has-medium-font-size\">choisissez le menu \u00ab&nbsp;Outils&nbsp;\u00bb (ou \u00ab&nbsp;Tools&nbsp;\u00bb), puis \u00ab&nbsp;Options Internet&nbsp;\u00bb (ou \u00ab&nbsp;Internet Options&nbsp;\u00bb).<\/li>\n\n\n\n<li class=\"has-medium-font-size\">cliquez sur l\u2019onglet \u00ab&nbsp;Confidentialit\u00e9&nbsp;\u00bb (ou \u00ab&nbsp;Confidentiality&nbsp;\u00bb)<\/li>\n\n\n\n<li class=\"has-medium-font-size\">s\u00e9lectionnez le niveau souhait\u00e9 \u00e0 l\u2019aide du curseur.<\/li>\n<\/ol>\n\n\n\n<p><strong>Pour Op\u00e9ra 6.0 et au-del\u00e0 :<\/strong><\/p>\n\n\n\n<ol class=\"wp-block-list\">\n<li class=\"has-medium-font-size\">choisissez le menu \u00ab&nbsp;Fichier&nbsp;\u00bb&gt;&nbsp;\u00bbPr\u00e9f\u00e9rences&nbsp;\u00bb<\/li>\n\n\n\n<li class=\"has-medium-font-size\">Vie Priv\u00e9e<\/li>\n<\/ol>\n\n\n\n<p><strong>Pour Safari :<\/strong><\/p>\n\n\n\n<ol class=\"wp-block-list\">\n<li class=\"has-medium-font-size\">Choisissez le menu \u00ab&nbsp;Fichier&nbsp;\u00bb&gt;&nbsp;\u00bbPr\u00e9f\u00e9rences&nbsp;\u00bb<\/li>\n\n\n\n<li class=\"has-medium-font-size\">Cliquez sur l\u2019onglet \u00ab&nbsp;Confidentialit\u00e9&nbsp;\u00bb<\/li>\n\n\n\n<li class=\"has-medium-font-size\">S\u00e9lectionnez les options qui vous conviennent<\/li>\n<\/ol>\n\n\n\n<h2 class=\"wp-block-heading\">Messagerie<\/h2>\n\n\n\n<p>Les messages envoy\u00e9s sur le r\u00e9seau Internet peuvent \u00eatre intercept\u00e9s. Ne divulguez pas d\u2019informations personnelles inutiles ou sensibles. Si vous souhaitez nous communiquer de telles informations, utilisez imp\u00e9rativement la voie postale.<\/p>\n\n\n\n<h2 class=\"wp-block-heading\">Droit d&rsquo;auteur &#8211; Copyright<\/h2>\n\n\n\n<p>L\u2019ensemble de ce site rel\u00e8ve de la l\u00e9gislation fran\u00e7aise et internationale sur le droit d\u2019auteur et la propri\u00e9t\u00e9 intellectuelle. Tous les droits de reproduction sont r\u00e9serv\u00e9s, y compris pour les documents t\u00e9l\u00e9chargeables et les repr\u00e9sentations iconographiques et photographiques ainsi que les s\u00e9quences anim\u00e9es. Toute reproduction ou repr\u00e9sentation int\u00e9grale ou partielle, par quelque proc\u00e9d\u00e9 que ce soit du contenu du site <a href=\"http:\/\/wwww.ampxgroup.com\/blog\" target=\"_blank\" rel=\"noreferrer noopener\">wwww.ampxgroup.com\/blog<\/a>&nbsp;, faite sans l\u2019autorisation expresse de Polymix est illicite et constitue une contrefa\u00e7on. Toute utilisation d\u2019informations provenant du site <a href=\"http:\/\/wwww.ampxgroup.com\/blog\" target=\"_blank\" rel=\"noreferrer noopener\">wwww.ampxgroup.com\/blog<\/a>&nbsp;doit obligatoirement mentionner la source de l\u2019information. L\u2019adresse Internet du site de Polymix doit imp\u00e9rativement figurer dans la r\u00e9f\u00e9rence. Les marques \u00e9ventuellement cit\u00e9es sur ce site sont d\u00e9pos\u00e9es par les soci\u00e9t\u00e9s qui en sont propri\u00e9taires.<\/p>\n\n\n\n<h2 class=\"wp-block-heading\">Responsabilit\u00e9<\/h2>\n\n\n\n<p>Le contenu et l\u2019environnement des sites ext\u00e9rieurs auxquels le site <a href=\"http:\/\/wwww.ampxgroup.com\/blog\" target=\"_blank\" rel=\"noreferrer noopener\">wwww.ampxgroup.com\/blog<\/a>&nbsp;peut renvoyer (notamment par l\u2019interm\u00e9diaire de liens &nbsp;\u00bb hypertexte \u00ab&nbsp;) n\u2019engagent pas la responsabilit\u00e9 de Polymix. Polymix ne saurait \u00eatre tenu pour responsable d\u2019\u00e9l\u00e9ments qu\u2019il n\u2019aurait pas introduit lui-m\u00eame et qui proviendraient d\u2019actions ext\u00e9rieures ind\u00e9licates. Bien qu\u2019un soin tout particulier ait \u00e9t\u00e9 apport\u00e9 \u00e0 la r\u00e9alisation du contenu de ce site, il ne peut \u00eatre exclu qu\u2019une erreur se soit fortuitement gliss\u00e9e dans le contenu.<\/p>\n\n\n\n<p>La consultation du site <a href=\"http:\/\/wwww.ampxgroup.com\/blog\" target=\"_blank\" rel=\"noreferrer noopener\">wwww.ampxgroup.com\/blog<\/a> pr\u00e9suppose que l\u2019internaute en accepte les termes et conditions pr\u00e9cis\u00e9s ci-dessus.<\/p>\n<\/blockquote>\n\n\n\n<blockquote class=\"wp-block-quote is-layout-flow wp-block-quote-is-layout-flow\">\n<p><\/p>\n<\/blockquote>\n","protected":false},"excerpt":{"rendered":"","protected":false},"author":1,"featured_media":0,"parent":0,"menu_order":0,"comment_status":"closed","ping_status":"open","template":"","meta":{"_seopress_robots_primary_cat":"","_seopress_titles_title":"","_seopress_titles_desc":"","_seopress_robots_index":"","footnotes":""},"class_list":["post-2","page","type-page","status-publish","hentry"],"_links":{"self":[{"href":"https:\/\/ampxgroup.com\/blog\/wp-json\/wp\/v2\/pages\/2","targetHints":{"allow":["GET"]}}],"collection":[{"href":"https:\/\/ampxgroup.com\/blog\/wp-json\/wp\/v2\/pages"}],"about":[{"href":"https:\/\/ampxgroup.com\/blog\/wp-json\/wp\/v2\/types\/page"}],"author":[{"embeddable":true,"href":"https:\/\/ampxgroup.com\/blog\/wp-json\/wp\/v2\/users\/1"}],"replies":[{"embeddable":true,"href":"https:\/\/ampxgroup.com\/blog\/wp-json\/wp\/v2\/comments?post=2"}],"version-history":[{"count":6,"href":"https:\/\/ampxgroup.com\/blog\/wp-json\/wp\/v2\/pages\/2\/revisions"}],"predecessor-version":[{"id":628,"href":"https:\/\/ampxgroup.com\/blog\/wp-json\/wp\/v2\/pages\/2\/revisions\/628"}],"wp:attachment":[{"href":"https:\/\/ampxgroup.com\/blog\/wp-json\/wp\/v2\/media?parent=2"}],"curies":[{"name":"wp","href":"https:\/\/api.w.org\/{rel}","templated":true}]}}