{"id":1517,"date":"2017-06-06T16:13:45","date_gmt":"2017-06-06T16:13:45","guid":{"rendered":"http:\/\/ampxgroup.com\/aeronautique\/"},"modified":"2024-10-03T06:35:26","modified_gmt":"2024-10-03T06:35:26","slug":"aeronautica","status":"publish","type":"page","link":"https:\/\/ampxgroup.com\/es\/aeronautica\/","title":{"rendered":"Aeron\u00e1utica"},"content":{"rendered":"","protected":false},"excerpt":{"rendered":"","protected":false},"author":1,"featured_media":0,"parent":0,"menu_order":0,"comment_status":"closed","ping_status":"closed","template":"template-automobile.php","meta":{"_acf_changed":false,"footnotes":""},"class_list":["post-1517","page","type-page","status-publish","hentry"],"acf":[],"yoast_head":"<!-- This site is optimized with the Yoast SEO plugin v27.1.1 - https:\/\/yoast.com\/product\/yoast-seo-wordpress\/ -->\n<title>Distributeur mati\u00e8re plastique a\u00e9ronautique - AMP Polymix<\/title>\n<meta name=\"description\" content=\"Nuestro grupo ampl\u00eda su gama con el fin de aportarle soluciones innovadoras con fabricantes de primer nivel.\" \/>\n<meta name=\"robots\" content=\"index, follow, max-snippet:-1, max-image-preview:large, max-video-preview:-1\" \/>\n<link rel=\"canonical\" href=\"https:\/\/ampxgroup.com\/es\/aeronautica\/\" \/>\n<meta property=\"og:locale\" content=\"es_ES\" \/>\n<meta property=\"og:type\" content=\"article\" \/>\n<meta property=\"og:title\" content=\"Distributeur mati\u00e8re plastique a\u00e9ronautique - AMP Polymix\" \/>\n<meta property=\"og:description\" content=\"Nuestro grupo ampl\u00eda su gama con el fin de aportarle soluciones innovadoras con fabricantes de primer nivel.\" \/>\n<meta property=\"og:url\" content=\"https:\/\/ampxgroup.com\/es\/aeronautica\/\" \/>\n<meta property=\"og:site_name\" content=\"AMP Polymix\" \/>\n<meta property=\"article:modified_time\" content=\"2024-10-03T06:35:26+00:00\" \/>\n<meta name=\"twitter:card\" content=\"summary_large_image\" \/>\n<script type=\"application\/ld+json\" class=\"yoast-schema-graph\">{\"@context\":\"https:\/\/schema.org\",\"@graph\":[{\"@type\":\"WebPage\",\"@id\":\"https:\/\/ampxgroup.com\/es\/aeronautica\/\",\"url\":\"https:\/\/ampxgroup.com\/es\/aeronautica\/\",\"name\":\"Distributeur mati\u00e8re plastique a\u00e9ronautique - AMP Polymix\",\"isPartOf\":{\"@id\":\"https:\/\/ampxgroup.com\/#website\"},\"datePublished\":\"2017-06-06T16:13:45+00:00\",\"dateModified\":\"2024-10-03T06:35:26+00:00\",\"description\":\"Nuestro grupo ampl\u00eda su gama con el fin de aportarle soluciones innovadoras con fabricantes de primer nivel.\",\"breadcrumb\":{\"@id\":\"https:\/\/ampxgroup.com\/es\/aeronautica\/#breadcrumb\"},\"inLanguage\":\"es\",\"potentialAction\":[{\"@type\":\"ReadAction\",\"target\":[\"https:\/\/ampxgroup.com\/es\/aeronautica\/\"]}]},{\"@type\":\"BreadcrumbList\",\"@id\":\"https:\/\/ampxgroup.com\/es\/aeronautica\/#breadcrumb\",\"itemListElement\":[{\"@type\":\"ListItem\",\"position\":1,\"name\":\"Home\",\"item\":\"https:\/\/ampxgroup.com\/es\/\"},{\"@type\":\"ListItem\",\"position\":2,\"name\":\"Aeron\u00e1utica\"}]},{\"@type\":\"WebSite\",\"@id\":\"https:\/\/ampxgroup.com\/#website\",\"url\":\"https:\/\/ampxgroup.com\/\",\"name\":\"AMP Polymix\",\"description\":\"Distributeur mati\u00e8re plastique\",\"publisher\":{\"@id\":\"https:\/\/ampxgroup.com\/#organization\"},\"potentialAction\":[{\"@type\":\"SearchAction\",\"target\":{\"@type\":\"EntryPoint\",\"urlTemplate\":\"https:\/\/ampxgroup.com\/?s={search_term_string}\"},\"query-input\":{\"@type\":\"PropertyValueSpecification\",\"valueRequired\":true,\"valueName\":\"search_term_string\"}}],\"inLanguage\":\"es\"},{\"@type\":\"Organization\",\"@id\":\"https:\/\/ampxgroup.com\/#organization\",\"name\":\"AMP Polymix\",\"url\":\"https:\/\/ampxgroup.com\/\",\"logo\":{\"@type\":\"ImageObject\",\"inLanguage\":\"es\",\"@id\":\"https:\/\/ampxgroup.com\/#\/schema\/logo\/image\/\",\"url\":\"https:\/\/ampxgroup.com\/wp-content\/uploads\/2019\/01\/POLYMIXAMP_GROUP_LOGO.svg\",\"contentUrl\":\"https:\/\/ampxgroup.com\/wp-content\/uploads\/2019\/01\/POLYMIXAMP_GROUP_LOGO.svg\",\"width\":1,\"height\":1,\"caption\":\"AMP Polymix\"},\"image\":{\"@id\":\"https:\/\/ampxgroup.com\/#\/schema\/logo\/image\/\"},\"sameAs\":[\"https:\/\/fr.linkedin.com\/company\/polymix-amp\"]}]}<\/script>\n<!-- \/ Yoast SEO plugin. -->","yoast_head_json":{"title":"Distributeur mati\u00e8re plastique a\u00e9ronautique - AMP Polymix","description":"Nuestro grupo ampl\u00eda su gama con el fin de aportarle soluciones innovadoras con fabricantes de primer nivel.","robots":{"index":"index","follow":"follow","max-snippet":"max-snippet:-1","max-image-preview":"max-image-preview:large","max-video-preview":"max-video-preview:-1"},"canonical":"https:\/\/ampxgroup.com\/es\/aeronautica\/","og_locale":"es_ES","og_type":"article","og_title":"Distributeur mati\u00e8re plastique a\u00e9ronautique - AMP Polymix","og_description":"Nuestro grupo ampl\u00eda su gama con el fin de aportarle soluciones innovadoras con fabricantes de primer nivel.","og_url":"https:\/\/ampxgroup.com\/es\/aeronautica\/","og_site_name":"AMP Polymix","article_modified_time":"2024-10-03T06:35:26+00:00","twitter_card":"summary_large_image","schema":{"@context":"https:\/\/schema.org","@graph":[{"@type":"WebPage","@id":"https:\/\/ampxgroup.com\/es\/aeronautica\/","url":"https:\/\/ampxgroup.com\/es\/aeronautica\/","name":"Distributeur mati\u00e8re plastique a\u00e9ronautique - AMP Polymix","isPartOf":{"@id":"https:\/\/ampxgroup.com\/#website"},"datePublished":"2017-06-06T16:13:45+00:00","dateModified":"2024-10-03T06:35:26+00:00","description":"Nuestro grupo ampl\u00eda su gama con el fin de aportarle soluciones innovadoras con fabricantes de primer nivel.","breadcrumb":{"@id":"https:\/\/ampxgroup.com\/es\/aeronautica\/#breadcrumb"},"inLanguage":"es","potentialAction":[{"@type":"ReadAction","target":["https:\/\/ampxgroup.com\/es\/aeronautica\/"]}]},{"@type":"BreadcrumbList","@id":"https:\/\/ampxgroup.com\/es\/aeronautica\/#breadcrumb","itemListElement":[{"@type":"ListItem","position":1,"name":"Home","item":"https:\/\/ampxgroup.com\/es\/"},{"@type":"ListItem","position":2,"name":"Aeron\u00e1utica"}]},{"@type":"WebSite","@id":"https:\/\/ampxgroup.com\/#website","url":"https:\/\/ampxgroup.com\/","name":"AMP Polymix","description":"Distributeur mati\u00e8re plastique","publisher":{"@id":"https:\/\/ampxgroup.com\/#organization"},"potentialAction":[{"@type":"SearchAction","target":{"@type":"EntryPoint","urlTemplate":"https:\/\/ampxgroup.com\/?s={search_term_string}"},"query-input":{"@type":"PropertyValueSpecification","valueRequired":true,"valueName":"search_term_string"}}],"inLanguage":"es"},{"@type":"Organization","@id":"https:\/\/ampxgroup.com\/#organization","name":"AMP Polymix","url":"https:\/\/ampxgroup.com\/","logo":{"@type":"ImageObject","inLanguage":"es","@id":"https:\/\/ampxgroup.com\/#\/schema\/logo\/image\/","url":"https:\/\/ampxgroup.com\/wp-content\/uploads\/2019\/01\/POLYMIXAMP_GROUP_LOGO.svg","contentUrl":"https:\/\/ampxgroup.com\/wp-content\/uploads\/2019\/01\/POLYMIXAMP_GROUP_LOGO.svg","width":1,"height":1,"caption":"AMP Polymix"},"image":{"@id":"https:\/\/ampxgroup.com\/#\/schema\/logo\/image\/"},"sameAs":["https:\/\/fr.linkedin.com\/company\/polymix-amp"]}]}},"_links":{"self":[{"href":"https:\/\/ampxgroup.com\/es\/wp-json\/wp\/v2\/pages\/1517","targetHints":{"allow":["GET"]}}],"collection":[{"href":"https:\/\/ampxgroup.com\/es\/wp-json\/wp\/v2\/pages"}],"about":[{"href":"https:\/\/ampxgroup.com\/es\/wp-json\/wp\/v2\/types\/page"}],"author":[{"embeddable":true,"href":"https:\/\/ampxgroup.com\/es\/wp-json\/wp\/v2\/users\/1"}],"replies":[{"embeddable":true,"href":"https:\/\/ampxgroup.com\/es\/wp-json\/wp\/v2\/comments?post=1517"}],"version-history":[{"count":5,"href":"https:\/\/ampxgroup.com\/es\/wp-json\/wp\/v2\/pages\/1517\/revisions"}],"predecessor-version":[{"id":6584,"href":"https:\/\/ampxgroup.com\/es\/wp-json\/wp\/v2\/pages\/1517\/revisions\/6584"}],"wp:attachment":[{"href":"https:\/\/ampxgroup.com\/es\/wp-json\/wp\/v2\/media?parent=1517"}],"curies":[{"name":"wp","href":"https:\/\/api.w.org\/{rel}","templated":true}]}}