{"id":1950,"date":"2017-06-12T08:12:54","date_gmt":"2017-06-12T08:12:54","guid":{"rendered":"http:\/\/ampxgroup.com\/mentions-legales\/"},"modified":"2024-08-22T07:57:23","modified_gmt":"2024-08-22T07:57:23","slug":"menciones-legales","status":"publish","type":"page","link":"https:\/\/ampxgroup.com\/es\/menciones-legales\/","title":{"rendered":"Menciones legales y pol\u00edtica de privacidad"},"content":{"rendered":"<h2 style=\"text-align: center;\">SOBRE NUESTRA WEB<\/h2>\n<p style=\"text-align: center;\"><span style=\"font-weight: 400;\">Est\u00e1 usted actualmente conectado a la p\u00e1gina web de AMP Polymix. El conjunto de datos e informaciones presentes en la p\u00e1gina <\/span><a href=\"http:\/\/www.ampxgroup.com\"><span style=\"font-weight: 400;\">www.ampxgroup.com<\/span><\/a><span style=\"font-weight: 400;\"> han sido puestos a disposici\u00f3n del p\u00fablico por AMP Polymix.<\/span><\/p>\n<p style=\"text-align: center;\"><span style=\"font-weight: 400;\">AMP Polymix<\/span><span style=\"font-weight: 400;\"><br \/>\n<\/span><span style=\"font-weight: 400;\">2 Rue de Vienne<\/span><span style=\"font-weight: 400;\"><br \/>\n<\/span><span style=\"font-weight: 400;\">68180 HORBOURG-WIHR<\/span><span style=\"font-weight: 400;\"><br \/>\n<\/span><span style=\"font-weight: 400;\">RCS Colmar B 521 839\u00a0332<\/span><span style=\"font-weight: 400;\"><br \/>\n<\/span><span style=\"font-weight: 400;\">SAS con un capital de 300.000,00 \u20ac<\/span><\/p>\n<p style=\"text-align: center;\"><span style=\"font-weight: 400;\">Directora de la publicaci\u00f3n: Julie FATH<\/span><span style=\"font-weight: 400;\"><br \/>\n<\/span><span style=\"font-weight: 400;\">Concepci\u00f3n gr\u00e1fica de la p\u00e1gina: Agencia Tiz, creaci\u00f3n p\u00e1ginas web Alsacia <\/span><span style=\"font-weight: 400;\"><br \/>\n<\/span><span style=\"font-weight: 400;\">Concepci\u00f3n t\u00e9cnica: Agencia Tiz<\/span><span style=\"font-weight: 400;\"><br \/>\n<\/span><span style=\"font-weight: 400;\">Alojamiento: xxx<\/span><\/p>\n<h2 style=\"text-align: center;\"><span style=\"font-weight: 400;\">PROTECI\u00d3N DE DATOS PERSONALES EN LA P\u00c1GINA <\/span><a href=\"http:\/\/www.ampxgroup.com\"><span style=\"font-weight: 400;\">WWW.AMPXGROUP.COM<\/span><\/a><\/h2>\n<p style=\"text-align: center;\"><span style=\"font-weight: 400;\">No almacenamos ning\u00fan dato personal sin su consentimiento.<\/span><span style=\"font-weight: 400;\"><br \/>\n<\/span><span style=\"font-weight: 400;\">No cedemos ninguna informaci\u00f3n personal a terceros.<\/span><span style=\"font-weight: 400;\"><br \/>\n<\/span><span style=\"font-weight: 400;\">Ninguna informaci\u00f3n personal es utilizada para fines no previstos de acuerdo con la ley \u201cInform\u00e1tica y Libertades\u201d del 6 de enero 1978 (art. 34), y dispone usted del derecho de acceso, rectificaci\u00f3n, cancelaci\u00f3n y oposici\u00f3n de los datos de su propiedad. Para ejercer dicho derecho, dir\u00edjase s\u00f3lo por correo postal a: Polymix \/ 6 rue de l\u2019Industrie \/ 68126 Bennwihr-Gare (FRANCIA).<\/span><\/p>\n<h2 style=\"text-align: center;\"><span style=\"font-weight: 400;\">INFORMACI\u00d3N RELATIVA A LAS COOKIES DE NAVEGACI\u00d3N <\/span><\/h2>\n<p style=\"text-align: center;\"><span style=\"font-weight: 400;\">El sitio web <\/span><a href=\"http:\/\/www.ampxgroup.com\"><span style=\"font-weight: 400;\">www.ampxgroup.com<\/span><\/a><span style=\"font-weight: 400;\"> es susceptible de implantar una cookie en su ordenador. Dicha cookie no nos permite identificarle. De manera general, registra informaciones relativas a la navegaci\u00f3n de su ordenador por nuestra p\u00e1gina (las p\u00e1ginas que ha consultado, la fecha y la hora de consulta, etc.) que podremos leer en sus posteriores visitas. En este caso, contiene las informaciones que nos acaba de dar, de modo que no tendr\u00e1 que rellenar nuevamente el formulario propuesto en su pr\u00f3xima visita. Se conservan dichas informaciones en su ordenador durante 30 <\/span><span style=\"font-weight: 400;\">minutos.<\/span><\/p>\n<p style=\"text-align: center;\"><span style=\"font-weight: 400;\">Le informamos que puede usted oponerse al registro de \u00ab cookies \u00bb configurando su navegador del siguiente modo:<\/span><\/p>\n<p style=\"text-align: center;\"><strong>Para Mozilla Firefox:<\/strong><span style=\"font-weight: 400;\"><br \/>\n<\/span><span style=\"font-weight: 400;\">Vaya al men\u00fa \u00abherramientas \u00bb y despu\u00e9s \u00abopciones\u00bb<\/span><span style=\"font-weight: 400;\"><br \/>\n<\/span><span style=\"font-weight: 400;\">Haga clic sobre el icono \u00abprivacidad\u00bb<\/span><span style=\"font-weight: 400;\"><br \/>\n<\/span><span style=\"font-weight: 400;\">Localice el men\u00fa \u00abcookie\u00bb y seleccione las opciones que prefiera <\/span><\/p>\n<p style=\"text-align: center;\"><strong>Para Microsoft Internet Explorer 7:<br \/>\n<\/strong><span style=\"font-weight: 400;\">Vaya al men\u00fa \u00abHerramientas\u00bb (o \u00abTools\u00bb), despu\u00e9s a \u00abOpciones de Internet\u00bb (o \u00abInternet Options\u00bb)<\/span><span style=\"font-weight: 400;\"><br \/>\n<\/span><span style=\"font-weight: 400;\">Haga clic sobre la pesta\u00f1a \u00abConfidencialidad\u00bb (o \u00abConfidentiality\u00bb)<\/span><span style=\"font-weight: 400;\"><br \/>\n<\/span><span style=\"font-weight: 400;\">seleccione el nivel con la ayuda del cursor.<\/span><\/p>\n<p style=\"text-align: center;\"><strong>Para Opera 6.0 y superior:<\/strong><span style=\"font-weight: 400;\"><br \/>\n<\/span><span style=\"font-weight: 400;\">Elija el men\u00fa \u00abFichero\u00bb&gt; \u00bbPreferencias\u00bb<\/span><span style=\"font-weight: 400;\"><br \/>\n<\/span><span style=\"font-weight: 400;\">Confidencialidad <\/span><\/p>\n<p style=\"text-align: center;\"><strong>Para Safari:<\/strong><span style=\"font-weight: 400;\"><br \/>\n<\/span><span style=\"font-weight: 400;\">Elija el men\u00fa \u00abFichero\u00bb&gt; \u00bbPreferencias\u00bb<\/span><span style=\"font-weight: 400;\"><br \/>\n<\/span><span style=\"font-weight: 400;\">Haga clic sobre la pesta\u00f1a \u00abConfidencialidad\u00bb<\/span><span style=\"font-weight: 400;\"><br \/>\n<\/span><span style=\"font-weight: 400;\">Selecciones las opciones que prefiera <\/span><\/p>\n<h2 style=\"text-align: center;\"><span style=\"font-weight: 400;\">BUZ\u00d3N DE CORREO <\/span><\/h2>\n<p style=\"text-align: center;\"><span style=\"font-weight: 400;\">Los mensajes enviados por Internet pueden ser interceptados. No divulgue informaciones personales innecesarias o sensibles. Si desea comunicarnos este tipo de informaciones, utilice siempre el correo postal.<\/span><\/p>\n<h2 style=\"text-align: center;\"><span style=\"font-weight: 400;\">DERECHOS DE AUTOR \u2013 COPYRIGHT<\/span><\/h2>\n<p style=\"text-align: center;\"><span style=\"font-weight: 400;\">Esta p\u00e1gina en su totalidad est\u00e1 protegida por las leyes de propiedad intelectual de la legislaci\u00f3n francesa e internacional sobre los derechos de autor y la propiedad intelectual. Quedan reservados todos los derechos de reproducci\u00f3n, incluidos los de los documentos descargables y las representaciones iconogr\u00e1ficas y fotograf\u00edas, as\u00ed como las secuencias animadas. Toda reproducci\u00f3n o representaci\u00f3n integral o parcial, por cualquier medio existente, del contenido de la p\u00e1gina <\/span><a href=\"http:\/\/www.ampxgroup.com\"><span style=\"font-weight: 400;\">www.ampxgroup.com<\/span><\/a><span style=\"font-weight: 400;\"> \u00a0hecha sin autorizaci\u00f3n expresa de AMP Polymix es il\u00edcita y constituye una infracci\u00f3n. Toda utilizaci\u00f3n de informaci\u00f3n obtenida de la p\u00e1gina <\/span><a href=\"http:\/\/www.ampxgroup.com\"><span style=\"font-weight: 400;\">www.ampxgroup.com<\/span><\/a><span style=\"font-weight: 400;\"> debe obligatoriamente mencionar la fuente de informaci\u00f3n. La direcci\u00f3n de Internet de la p\u00e1gina de AMP Polymix debe imperativamente figurar en la menci\u00f3n. Las marcas citadas en nuestra p\u00e1gina son marcas registradas por las empresas propietarias.<\/span><\/p>\n<h2 style=\"text-align: center;\"><span style=\"font-weight: 400;\">RESPONSABILIDAD <\/span><\/h2>\n<p style=\"text-align: center;\"><span style=\"font-weight: 400;\">El contenido y el entorno de las p\u00e1ginas externas a las que la p\u00e1gina <\/span><a href=\"http:\/\/www.ampxgroup.com\"><span style=\"font-weight: 400;\">www.ampxgroup.com<\/span><\/a><span style=\"font-weight: 400;\"> pueda redirigir (en especial mediante los enlaces \u201chipertexto\u201d) no acarrean responsabilidad para AMP Polymix. AMP Polymix no ser\u00e1 responsable de elementos que ella misma no haya introducido y que tendr\u00edan su fuente en acciones externas negligentes. A pesar de haber realizado esta p\u00e1gina con el mayor cuidado, no podemos excluir que se haya deslizado alg\u00fan error involuntario en su contenido.<\/span><\/p>\n","protected":false},"excerpt":{"rendered":"<p>SOBRE NUESTRA WEB Est\u00e1 usted actualmente conectado a la p\u00e1gina web de AMP Polymix. El &#8230;<\/p>\n","protected":false},"author":1,"featured_media":0,"parent":0,"menu_order":0,"comment_status":"closed","ping_status":"closed","template":"","meta":{"_acf_changed":false,"footnotes":""},"class_list":["post-1950","page","type-page","status-publish","hentry"],"acf":[],"yoast_head":"<!-- This site is optimized with the Yoast SEO plugin v27.1.1 - https:\/\/yoast.com\/product\/yoast-seo-wordpress\/ -->\n<title>Menciones legales y pol\u00edtica de privacidad - AMP Polymix<\/title>\n<meta name=\"description\" content=\"AMP Polymix Menciones legales y pol\u00edtica de privacidad -\" \/>\n<meta name=\"robots\" content=\"index, follow, max-snippet:-1, max-image-preview:large, max-video-preview:-1\" \/>\n<link rel=\"canonical\" href=\"https:\/\/ampxgroup.com\/es\/menciones-legales\/\" \/>\n<meta property=\"og:locale\" content=\"es_ES\" \/>\n<meta property=\"og:type\" content=\"article\" \/>\n<meta property=\"og:title\" content=\"Menciones legales y pol\u00edtica de privacidad - AMP Polymix\" \/>\n<meta property=\"og:description\" content=\"AMP Polymix Menciones legales y pol\u00edtica de privacidad -\" \/>\n<meta property=\"og:url\" content=\"https:\/\/ampxgroup.com\/es\/menciones-legales\/\" \/>\n<meta property=\"og:site_name\" content=\"AMP Polymix\" \/>\n<meta property=\"article:modified_time\" content=\"2024-08-22T07:57:23+00:00\" \/>\n<meta name=\"twitter:card\" content=\"summary_large_image\" \/>\n<meta name=\"twitter:label1\" content=\"Tiempo de lectura\" \/>\n\t<meta name=\"twitter:data1\" content=\"4 minutos\" \/>\n<script type=\"application\/ld+json\" class=\"yoast-schema-graph\">{\"@context\":\"https:\/\/schema.org\",\"@graph\":[{\"@type\":\"WebPage\",\"@id\":\"https:\/\/ampxgroup.com\/es\/menciones-legales\/\",\"url\":\"https:\/\/ampxgroup.com\/es\/menciones-legales\/\",\"name\":\"Menciones legales y pol\u00edtica de privacidad - AMP Polymix\",\"isPartOf\":{\"@id\":\"https:\/\/ampxgroup.com\/#website\"},\"datePublished\":\"2017-06-12T08:12:54+00:00\",\"dateModified\":\"2024-08-22T07:57:23+00:00\",\"description\":\"AMP Polymix Menciones legales y pol\u00edtica de privacidad -\",\"breadcrumb\":{\"@id\":\"https:\/\/ampxgroup.com\/es\/menciones-legales\/#breadcrumb\"},\"inLanguage\":\"es\",\"potentialAction\":[{\"@type\":\"ReadAction\",\"target\":[\"https:\/\/ampxgroup.com\/es\/menciones-legales\/\"]}]},{\"@type\":\"BreadcrumbList\",\"@id\":\"https:\/\/ampxgroup.com\/es\/menciones-legales\/#breadcrumb\",\"itemListElement\":[{\"@type\":\"ListItem\",\"position\":1,\"name\":\"Home\",\"item\":\"https:\/\/ampxgroup.com\/es\/\"},{\"@type\":\"ListItem\",\"position\":2,\"name\":\"Menciones legales y pol\u00edtica de privacidad\"}]},{\"@type\":\"WebSite\",\"@id\":\"https:\/\/ampxgroup.com\/#website\",\"url\":\"https:\/\/ampxgroup.com\/\",\"name\":\"AMP Polymix\",\"description\":\"Distributeur mati\u00e8re plastique\",\"publisher\":{\"@id\":\"https:\/\/ampxgroup.com\/#organization\"},\"potentialAction\":[{\"@type\":\"SearchAction\",\"target\":{\"@type\":\"EntryPoint\",\"urlTemplate\":\"https:\/\/ampxgroup.com\/?s={search_term_string}\"},\"query-input\":{\"@type\":\"PropertyValueSpecification\",\"valueRequired\":true,\"valueName\":\"search_term_string\"}}],\"inLanguage\":\"es\"},{\"@type\":\"Organization\",\"@id\":\"https:\/\/ampxgroup.com\/#organization\",\"name\":\"AMP Polymix\",\"url\":\"https:\/\/ampxgroup.com\/\",\"logo\":{\"@type\":\"ImageObject\",\"inLanguage\":\"es\",\"@id\":\"https:\/\/ampxgroup.com\/#\/schema\/logo\/image\/\",\"url\":\"https:\/\/ampxgroup.com\/wp-content\/uploads\/2019\/01\/POLYMIXAMP_GROUP_LOGO.svg\",\"contentUrl\":\"https:\/\/ampxgroup.com\/wp-content\/uploads\/2019\/01\/POLYMIXAMP_GROUP_LOGO.svg\",\"width\":1,\"height\":1,\"caption\":\"AMP Polymix\"},\"image\":{\"@id\":\"https:\/\/ampxgroup.com\/#\/schema\/logo\/image\/\"},\"sameAs\":[\"https:\/\/fr.linkedin.com\/company\/polymix-amp\"]}]}<\/script>\n<!-- \/ Yoast SEO plugin. -->","yoast_head_json":{"title":"Menciones legales y pol\u00edtica de privacidad - AMP Polymix","description":"AMP Polymix Menciones legales y pol\u00edtica de privacidad -","robots":{"index":"index","follow":"follow","max-snippet":"max-snippet:-1","max-image-preview":"max-image-preview:large","max-video-preview":"max-video-preview:-1"},"canonical":"https:\/\/ampxgroup.com\/es\/menciones-legales\/","og_locale":"es_ES","og_type":"article","og_title":"Menciones legales y pol\u00edtica de privacidad - AMP Polymix","og_description":"AMP Polymix Menciones legales y pol\u00edtica de privacidad -","og_url":"https:\/\/ampxgroup.com\/es\/menciones-legales\/","og_site_name":"AMP Polymix","article_modified_time":"2024-08-22T07:57:23+00:00","twitter_card":"summary_large_image","twitter_misc":{"Tiempo de lectura":"4 minutos"},"schema":{"@context":"https:\/\/schema.org","@graph":[{"@type":"WebPage","@id":"https:\/\/ampxgroup.com\/es\/menciones-legales\/","url":"https:\/\/ampxgroup.com\/es\/menciones-legales\/","name":"Menciones legales y pol\u00edtica de privacidad - AMP Polymix","isPartOf":{"@id":"https:\/\/ampxgroup.com\/#website"},"datePublished":"2017-06-12T08:12:54+00:00","dateModified":"2024-08-22T07:57:23+00:00","description":"AMP Polymix Menciones legales y pol\u00edtica de privacidad -","breadcrumb":{"@id":"https:\/\/ampxgroup.com\/es\/menciones-legales\/#breadcrumb"},"inLanguage":"es","potentialAction":[{"@type":"ReadAction","target":["https:\/\/ampxgroup.com\/es\/menciones-legales\/"]}]},{"@type":"BreadcrumbList","@id":"https:\/\/ampxgroup.com\/es\/menciones-legales\/#breadcrumb","itemListElement":[{"@type":"ListItem","position":1,"name":"Home","item":"https:\/\/ampxgroup.com\/es\/"},{"@type":"ListItem","position":2,"name":"Menciones legales y pol\u00edtica de privacidad"}]},{"@type":"WebSite","@id":"https:\/\/ampxgroup.com\/#website","url":"https:\/\/ampxgroup.com\/","name":"AMP Polymix","description":"Distributeur mati\u00e8re plastique","publisher":{"@id":"https:\/\/ampxgroup.com\/#organization"},"potentialAction":[{"@type":"SearchAction","target":{"@type":"EntryPoint","urlTemplate":"https:\/\/ampxgroup.com\/?s={search_term_string}"},"query-input":{"@type":"PropertyValueSpecification","valueRequired":true,"valueName":"search_term_string"}}],"inLanguage":"es"},{"@type":"Organization","@id":"https:\/\/ampxgroup.com\/#organization","name":"AMP Polymix","url":"https:\/\/ampxgroup.com\/","logo":{"@type":"ImageObject","inLanguage":"es","@id":"https:\/\/ampxgroup.com\/#\/schema\/logo\/image\/","url":"https:\/\/ampxgroup.com\/wp-content\/uploads\/2019\/01\/POLYMIXAMP_GROUP_LOGO.svg","contentUrl":"https:\/\/ampxgroup.com\/wp-content\/uploads\/2019\/01\/POLYMIXAMP_GROUP_LOGO.svg","width":1,"height":1,"caption":"AMP Polymix"},"image":{"@id":"https:\/\/ampxgroup.com\/#\/schema\/logo\/image\/"},"sameAs":["https:\/\/fr.linkedin.com\/company\/polymix-amp"]}]}},"_links":{"self":[{"href":"https:\/\/ampxgroup.com\/es\/wp-json\/wp\/v2\/pages\/1950","targetHints":{"allow":["GET"]}}],"collection":[{"href":"https:\/\/ampxgroup.com\/es\/wp-json\/wp\/v2\/pages"}],"about":[{"href":"https:\/\/ampxgroup.com\/es\/wp-json\/wp\/v2\/types\/page"}],"author":[{"embeddable":true,"href":"https:\/\/ampxgroup.com\/es\/wp-json\/wp\/v2\/users\/1"}],"replies":[{"embeddable":true,"href":"https:\/\/ampxgroup.com\/es\/wp-json\/wp\/v2\/comments?post=1950"}],"version-history":[{"count":3,"href":"https:\/\/ampxgroup.com\/es\/wp-json\/wp\/v2\/pages\/1950\/revisions"}],"predecessor-version":[{"id":8111,"href":"https:\/\/ampxgroup.com\/es\/wp-json\/wp\/v2\/pages\/1950\/revisions\/8111"}],"wp:attachment":[{"href":"https:\/\/ampxgroup.com\/es\/wp-json\/wp\/v2\/media?parent=1950"}],"curies":[{"name":"wp","href":"https:\/\/api.w.org\/{rel}","templated":true}]}}