{"id":6195,"date":"2022-01-07T15:04:40","date_gmt":"2022-01-07T15:04:40","guid":{"rendered":"https:\/\/ampxgroup.com\/amp-maroc\/"},"modified":"2026-02-23T14:41:16","modified_gmt":"2026-02-23T14:41:16","slug":"amp-marruecos","status":"publish","type":"page","link":"https:\/\/ampxgroup.com\/es\/amp-marruecos\/","title":{"rendered":"AMP Marruecos"},"content":{"rendered":"","protected":false},"excerpt":{"rendered":"","protected":false},"author":2,"featured_media":0,"parent":0,"menu_order":0,"comment_status":"closed","ping_status":"closed","template":"template-france.php","meta":{"_acf_changed":false,"footnotes":""},"class_list":["post-6195","page","type-page","status-publish","hentry"],"acf":[],"yoast_head":"<!-- This site is optimized with the Yoast SEO plugin v27.1.1 - https:\/\/yoast.com\/product\/yoast-seo-wordpress\/ -->\n<title>AMP Marruecos - Distributeur de mati\u00e8res plastiques<\/title>\n<meta name=\"description\" content=\"Con sede en T\u00e1nger, AMP Maroc distribuye una amplia gama de pl\u00e1sticos. Si desea m\u00e1s informaci\u00f3n, p\u00f3ngase en contacto con nosotros.\" \/>\n<meta name=\"robots\" content=\"index, follow, max-snippet:-1, max-image-preview:large, max-video-preview:-1\" \/>\n<link rel=\"canonical\" href=\"https:\/\/ampxgroup.com\/es\/amp-marruecos\/\" \/>\n<meta property=\"og:locale\" content=\"es_ES\" \/>\n<meta property=\"og:type\" content=\"article\" \/>\n<meta property=\"og:title\" content=\"AMP Marruecos - Distributeur de mati\u00e8res plastiques\" \/>\n<meta property=\"og:description\" content=\"Con sede en T\u00e1nger, AMP Maroc distribuye una amplia gama de pl\u00e1sticos. Si desea m\u00e1s informaci\u00f3n, p\u00f3ngase en contacto con nosotros.\" \/>\n<meta property=\"og:url\" content=\"https:\/\/ampxgroup.com\/es\/amp-marruecos\/\" \/>\n<meta property=\"og:site_name\" content=\"AMP Polymix\" \/>\n<meta property=\"article:modified_time\" content=\"2026-02-23T14:41:16+00:00\" \/>\n<meta name=\"twitter:card\" content=\"summary_large_image\" \/>\n<script type=\"application\/ld+json\" class=\"yoast-schema-graph\">{\"@context\":\"https:\/\/schema.org\",\"@graph\":[{\"@type\":\"WebPage\",\"@id\":\"https:\/\/ampxgroup.com\/es\/amp-marruecos\/\",\"url\":\"https:\/\/ampxgroup.com\/es\/amp-marruecos\/\",\"name\":\"AMP Marruecos - Distributeur de mati\u00e8res plastiques\",\"isPartOf\":{\"@id\":\"https:\/\/ampxgroup.com\/#website\"},\"datePublished\":\"2022-01-07T15:04:40+00:00\",\"dateModified\":\"2026-02-23T14:41:16+00:00\",\"description\":\"Con sede en T\u00e1nger, AMP Maroc distribuye una amplia gama de pl\u00e1sticos. Si desea m\u00e1s informaci\u00f3n, p\u00f3ngase en contacto con nosotros.\",\"breadcrumb\":{\"@id\":\"https:\/\/ampxgroup.com\/es\/amp-marruecos\/#breadcrumb\"},\"inLanguage\":\"es\",\"potentialAction\":[{\"@type\":\"ReadAction\",\"target\":[\"https:\/\/ampxgroup.com\/es\/amp-marruecos\/\"]}]},{\"@type\":\"BreadcrumbList\",\"@id\":\"https:\/\/ampxgroup.com\/es\/amp-marruecos\/#breadcrumb\",\"itemListElement\":[{\"@type\":\"ListItem\",\"position\":1,\"name\":\"Home\",\"item\":\"https:\/\/ampxgroup.com\/es\/\"},{\"@type\":\"ListItem\",\"position\":2,\"name\":\"AMP Marruecos\"}]},{\"@type\":\"WebSite\",\"@id\":\"https:\/\/ampxgroup.com\/#website\",\"url\":\"https:\/\/ampxgroup.com\/\",\"name\":\"AMP Polymix\",\"description\":\"Distributeur mati\u00e8re plastique\",\"publisher\":{\"@id\":\"https:\/\/ampxgroup.com\/#organization\"},\"potentialAction\":[{\"@type\":\"SearchAction\",\"target\":{\"@type\":\"EntryPoint\",\"urlTemplate\":\"https:\/\/ampxgroup.com\/?s={search_term_string}\"},\"query-input\":{\"@type\":\"PropertyValueSpecification\",\"valueRequired\":true,\"valueName\":\"search_term_string\"}}],\"inLanguage\":\"es\"},{\"@type\":\"Organization\",\"@id\":\"https:\/\/ampxgroup.com\/#organization\",\"name\":\"AMP Polymix\",\"url\":\"https:\/\/ampxgroup.com\/\",\"logo\":{\"@type\":\"ImageObject\",\"inLanguage\":\"es\",\"@id\":\"https:\/\/ampxgroup.com\/#\/schema\/logo\/image\/\",\"url\":\"https:\/\/ampxgroup.com\/wp-content\/uploads\/2019\/01\/POLYMIXAMP_GROUP_LOGO.svg\",\"contentUrl\":\"https:\/\/ampxgroup.com\/wp-content\/uploads\/2019\/01\/POLYMIXAMP_GROUP_LOGO.svg\",\"width\":1,\"height\":1,\"caption\":\"AMP Polymix\"},\"image\":{\"@id\":\"https:\/\/ampxgroup.com\/#\/schema\/logo\/image\/\"},\"sameAs\":[\"https:\/\/fr.linkedin.com\/company\/polymix-amp\"]}]}<\/script>\n<!-- \/ Yoast SEO plugin. -->","yoast_head_json":{"title":"AMP Marruecos - Distributeur de mati\u00e8res plastiques","description":"Con sede en T\u00e1nger, AMP Maroc distribuye una amplia gama de pl\u00e1sticos. Si desea m\u00e1s informaci\u00f3n, p\u00f3ngase en contacto con nosotros.","robots":{"index":"index","follow":"follow","max-snippet":"max-snippet:-1","max-image-preview":"max-image-preview:large","max-video-preview":"max-video-preview:-1"},"canonical":"https:\/\/ampxgroup.com\/es\/amp-marruecos\/","og_locale":"es_ES","og_type":"article","og_title":"AMP Marruecos - Distributeur de mati\u00e8res plastiques","og_description":"Con sede en T\u00e1nger, AMP Maroc distribuye una amplia gama de pl\u00e1sticos. Si desea m\u00e1s informaci\u00f3n, p\u00f3ngase en contacto con nosotros.","og_url":"https:\/\/ampxgroup.com\/es\/amp-marruecos\/","og_site_name":"AMP Polymix","article_modified_time":"2026-02-23T14:41:16+00:00","twitter_card":"summary_large_image","schema":{"@context":"https:\/\/schema.org","@graph":[{"@type":"WebPage","@id":"https:\/\/ampxgroup.com\/es\/amp-marruecos\/","url":"https:\/\/ampxgroup.com\/es\/amp-marruecos\/","name":"AMP Marruecos - Distributeur de mati\u00e8res plastiques","isPartOf":{"@id":"https:\/\/ampxgroup.com\/#website"},"datePublished":"2022-01-07T15:04:40+00:00","dateModified":"2026-02-23T14:41:16+00:00","description":"Con sede en T\u00e1nger, AMP Maroc distribuye una amplia gama de pl\u00e1sticos. Si desea m\u00e1s informaci\u00f3n, p\u00f3ngase en contacto con nosotros.","breadcrumb":{"@id":"https:\/\/ampxgroup.com\/es\/amp-marruecos\/#breadcrumb"},"inLanguage":"es","potentialAction":[{"@type":"ReadAction","target":["https:\/\/ampxgroup.com\/es\/amp-marruecos\/"]}]},{"@type":"BreadcrumbList","@id":"https:\/\/ampxgroup.com\/es\/amp-marruecos\/#breadcrumb","itemListElement":[{"@type":"ListItem","position":1,"name":"Home","item":"https:\/\/ampxgroup.com\/es\/"},{"@type":"ListItem","position":2,"name":"AMP Marruecos"}]},{"@type":"WebSite","@id":"https:\/\/ampxgroup.com\/#website","url":"https:\/\/ampxgroup.com\/","name":"AMP Polymix","description":"Distributeur mati\u00e8re plastique","publisher":{"@id":"https:\/\/ampxgroup.com\/#organization"},"potentialAction":[{"@type":"SearchAction","target":{"@type":"EntryPoint","urlTemplate":"https:\/\/ampxgroup.com\/?s={search_term_string}"},"query-input":{"@type":"PropertyValueSpecification","valueRequired":true,"valueName":"search_term_string"}}],"inLanguage":"es"},{"@type":"Organization","@id":"https:\/\/ampxgroup.com\/#organization","name":"AMP Polymix","url":"https:\/\/ampxgroup.com\/","logo":{"@type":"ImageObject","inLanguage":"es","@id":"https:\/\/ampxgroup.com\/#\/schema\/logo\/image\/","url":"https:\/\/ampxgroup.com\/wp-content\/uploads\/2019\/01\/POLYMIXAMP_GROUP_LOGO.svg","contentUrl":"https:\/\/ampxgroup.com\/wp-content\/uploads\/2019\/01\/POLYMIXAMP_GROUP_LOGO.svg","width":1,"height":1,"caption":"AMP Polymix"},"image":{"@id":"https:\/\/ampxgroup.com\/#\/schema\/logo\/image\/"},"sameAs":["https:\/\/fr.linkedin.com\/company\/polymix-amp"]}]}},"_links":{"self":[{"href":"https:\/\/ampxgroup.com\/es\/wp-json\/wp\/v2\/pages\/6195","targetHints":{"allow":["GET"]}}],"collection":[{"href":"https:\/\/ampxgroup.com\/es\/wp-json\/wp\/v2\/pages"}],"about":[{"href":"https:\/\/ampxgroup.com\/es\/wp-json\/wp\/v2\/types\/page"}],"author":[{"embeddable":true,"href":"https:\/\/ampxgroup.com\/es\/wp-json\/wp\/v2\/users\/2"}],"replies":[{"embeddable":true,"href":"https:\/\/ampxgroup.com\/es\/wp-json\/wp\/v2\/comments?post=6195"}],"version-history":[{"count":7,"href":"https:\/\/ampxgroup.com\/es\/wp-json\/wp\/v2\/pages\/6195\/revisions"}],"predecessor-version":[{"id":10603,"href":"https:\/\/ampxgroup.com\/es\/wp-json\/wp\/v2\/pages\/6195\/revisions\/10603"}],"wp:attachment":[{"href":"https:\/\/ampxgroup.com\/es\/wp-json\/wp\/v2\/media?parent=6195"}],"curies":[{"name":"wp","href":"https:\/\/api.w.org\/{rel}","templated":true}]}}