{"id":8927,"date":"2025-03-05T14:59:06","date_gmt":"2025-03-05T14:59:06","guid":{"rendered":"https:\/\/ampxgroup.com\/electrique-electronique\/"},"modified":"2025-03-26T10:55:46","modified_gmt":"2025-03-26T10:55:46","slug":"electricidad-electronica","status":"publish","type":"page","link":"https:\/\/ampxgroup.com\/es\/electricidad-electronica\/","title":{"rendered":"Electricidad y Electr\u00f3nica"},"content":{"rendered":"\n<p class=\"has-text-align-center\">El sector de la electricidad y la electr\u00f3nica (E&amp;E) est\u00e1 en el centro de las transformaciones tecnol\u00f3gicas actuales, especialmente con el auge de la electrificaci\u00f3n, las energ\u00edas renovables y los objetos conectados. En el <strong>Grupo AMP-POLYMIX<\/strong>, apoyamos estos avances ofreciendo pl\u00e1sticos innovadores dise\u00f1ados para satisfacer las crecientes necesidades en t\u00e9rminos de rendimiento, seguridad y durabilidad.<\/p>\n\n\n\n<p class=\"has-text-align-center\">Nuestras soluciones permiten integrar funcionalidades avanzadas y reducir los costes de producci\u00f3n, cumpliendo al mismo tiempo las normas medioambientales y reglamentarias del sector.<\/p>\n\n\n\n<div style=\"height:26px\" aria-hidden=\"true\" class=\"wp-block-spacer\"><\/div>\n\n\n\n<div class=\"wp-block-media-text is-stacked-on-mobile\"><figure class=\"wp-block-media-text__media\"><img loading=\"lazy\" decoding=\"async\" width=\"1024\" height=\"512\" src=\"https:\/\/ampxgroup.com\/wp-content\/uploads\/2025\/03\/robot-ia-AdobeStock_276113420-1024x512.jpeg\" alt=\"robot-ia\" class=\"wp-image-8913 size-full\" srcset=\"https:\/\/ampxgroup.com\/wp-content\/uploads\/2025\/03\/robot-ia-AdobeStock_276113420-1024x512.jpeg 1024w, https:\/\/ampxgroup.com\/wp-content\/uploads\/2025\/03\/robot-ia-AdobeStock_276113420-300x150.jpeg 300w, https:\/\/ampxgroup.com\/wp-content\/uploads\/2025\/03\/robot-ia-AdobeStock_276113420-768x384.jpeg 768w, https:\/\/ampxgroup.com\/wp-content\/uploads\/2025\/03\/robot-ia-AdobeStock_276113420-1536x768.jpeg 1536w, https:\/\/ampxgroup.com\/wp-content\/uploads\/2025\/03\/robot-ia-AdobeStock_276113420-2048x1024.jpeg 2048w\" sizes=\"auto, (max-width: 1024px) 100vw, 1024px\" \/><\/figure><div class=\"wp-block-media-text__content\">\n<p><strong>NUESTRAS SOLUCIONES :<\/strong><\/p>\n\n\n\n<ul class=\"wp-block-list\">\n<li>Aislamiento el\u00e9ctrico<\/li>\n\n\n\n<li>Ignifugaci\u00f3n<\/li>\n\n\n\n<li>Resistencia t\u00e9rmica y mec\u00e1nica<\/li>\n\n\n\n<li>Durabilidad y dise\u00f1o ecol\u00f3gico<\/li>\n\n\n\n<li>Compatibilidad con tecnolog\u00edas modernas (por ejemplo, miniaturizaci\u00f3n de productos)<\/li>\n\n\n\n<li>Protecci\u00f3n de componentes sensibles (ATEX)<\/li>\n\n\n\n<li>Est\u00e9tica y ligereza<\/li>\n<\/ul>\n<\/div><\/div>\n\n\n\n<div style=\"height:26px\" aria-hidden=\"true\" class=\"wp-block-spacer\"><\/div>\n\n\n\n<div class=\"wp-block-media-text has-media-on-the-right is-stacked-on-mobile\"><div class=\"wp-block-media-text__content\">\n<p><strong>NUESTROS MATERIALES PARA EL SECTOR E&amp;E :<\/strong><\/p>\n\n\n\n<ul class=\"wp-block-list\">\n<li><strong>Pol\u00edmeros de alto rendimiento<\/strong>: PEEK, PPS, PEI para una resistencia \u00f3ptima.<\/li>\n\n\n\n<li><strong>Pl\u00e1sticos ign\u00edfugos<\/strong> : PC, PC\/ABS, PA, PP, PBT<\/li>\n\n\n\n<li>Materiales conductores, antiest\u00e1ticos y de apantallamiento electromagn\u00e9tico<\/li>\n\n\n\n<li>Elast\u00f3meros t\u00e9cnicos: para juntas, cables y conectores flexibles.<\/li>\n\n\n\n<li>Soluciones de origen biol\u00f3gico y reciclado: enfoque sostenible y dise\u00f1o ecol\u00f3gico.<\/li>\n<\/ul>\n<\/div><figure class=\"wp-block-media-text__media\"><img loading=\"lazy\" decoding=\"async\" width=\"1024\" height=\"574\" src=\"https:\/\/ampxgroup.com\/wp-content\/uploads\/2025\/03\/Cables-fibre-electrique_AdobeStock_747669635-1024x574.jpeg\" alt=\"Cables-fibre-electrique\" class=\"wp-image-8916 size-full\" srcset=\"https:\/\/ampxgroup.com\/wp-content\/uploads\/2025\/03\/Cables-fibre-electrique_AdobeStock_747669635-1024x574.jpeg 1024w, https:\/\/ampxgroup.com\/wp-content\/uploads\/2025\/03\/Cables-fibre-electrique_AdobeStock_747669635-300x168.jpeg 300w, https:\/\/ampxgroup.com\/wp-content\/uploads\/2025\/03\/Cables-fibre-electrique_AdobeStock_747669635-768x430.jpeg 768w, https:\/\/ampxgroup.com\/wp-content\/uploads\/2025\/03\/Cables-fibre-electrique_AdobeStock_747669635-1536x861.jpeg 1536w, https:\/\/ampxgroup.com\/wp-content\/uploads\/2025\/03\/Cables-fibre-electrique_AdobeStock_747669635-2048x1148.jpeg 2048w\" sizes=\"auto, (max-width: 1024px) 100vw, 1024px\" \/><\/figure><\/div>\n\n\n\n<div style=\"height:26px\" aria-hidden=\"true\" class=\"wp-block-spacer\"><\/div>\n\n\n\n<div class=\"wp-block-media-text is-stacked-on-mobile\"><figure class=\"wp-block-media-text__media\"><img loading=\"lazy\" decoding=\"async\" width=\"1024\" height=\"542\" src=\"https:\/\/ampxgroup.com\/wp-content\/uploads\/2025\/03\/Armoire-electrique-AdobeStock_170179753-1024x542.jpeg\" alt=\"Armoire-electrique\" class=\"wp-image-8921 size-full\" srcset=\"https:\/\/ampxgroup.com\/wp-content\/uploads\/2025\/03\/Armoire-electrique-AdobeStock_170179753-1024x542.jpeg 1024w, https:\/\/ampxgroup.com\/wp-content\/uploads\/2025\/03\/Armoire-electrique-AdobeStock_170179753-300x159.jpeg 300w, https:\/\/ampxgroup.com\/wp-content\/uploads\/2025\/03\/Armoire-electrique-AdobeStock_170179753-768x407.jpeg 768w, https:\/\/ampxgroup.com\/wp-content\/uploads\/2025\/03\/Armoire-electrique-AdobeStock_170179753-1536x813.jpeg 1536w, https:\/\/ampxgroup.com\/wp-content\/uploads\/2025\/03\/Armoire-electrique-AdobeStock_170179753-2048x1084.jpeg 2048w\" sizes=\"auto, (max-width: 1024px) 100vw, 1024px\" \/><\/figure><div class=\"wp-block-media-text__content\">\n<p><strong>\u00bfPOR QU\u00c9 ELEGIR AMP-POLYMIX GROUP?<\/strong><\/p>\n\n\n\n<ul class=\"wp-block-list\">\n<li><strong>Amplia gama de materiales<\/strong>: una selecci\u00f3n completa que cumple las normas internacionales y una gran variedad de aplicaciones.<\/li>\n\n\n\n<li><strong>Experiencia en el sector<\/strong>: profundo conocimiento de las necesidades espec\u00edficas del sector E&amp;E.<\/li>\n\n\n\n<li><strong>Asistencia personalizada<\/strong>: asistencia t\u00e9cnica y soluciones a medida para sus proyectos.<\/li>\n\n\n\n<li><strong>Compromiso sostenible<\/strong>: especial atenci\u00f3n al dise\u00f1o ecol\u00f3gico y la reciclabilidad.<\/li>\n<\/ul>\n<\/div><\/div>\n","protected":false},"excerpt":{"rendered":"<p>El sector de la electricidad y la electr\u00f3nica (E&amp;E) est\u00e1 en el centro de las &#8230;<\/p>\n","protected":false},"author":6,"featured_media":0,"parent":0,"menu_order":0,"comment_status":"closed","ping_status":"closed","template":"","meta":{"_acf_changed":false,"footnotes":""},"class_list":["post-8927","page","type-page","status-publish","hentry"],"acf":[],"yoast_head":"<!-- This site is optimized with the Yoast SEO plugin v27.1.1 - https:\/\/yoast.com\/product\/yoast-seo-wordpress\/ -->\n<title>Electricidad y Electr\u00f3nica - AMP Polymix<\/title>\n<meta name=\"description\" content=\"Le ayudamos con pl\u00e1sticos innovadores dise\u00f1ados para satisfacer sus necesidades en t\u00e9rminos de rendimiento, seguridad y durabilidad.\" \/>\n<meta name=\"robots\" content=\"index, follow, max-snippet:-1, max-image-preview:large, max-video-preview:-1\" \/>\n<link rel=\"canonical\" href=\"https:\/\/ampxgroup.com\/es\/electricidad-electronica\/\" \/>\n<meta property=\"og:locale\" content=\"es_ES\" \/>\n<meta property=\"og:type\" content=\"article\" \/>\n<meta property=\"og:title\" content=\"Electricidad y Electr\u00f3nica - AMP Polymix\" \/>\n<meta property=\"og:description\" content=\"Le ayudamos con pl\u00e1sticos innovadores dise\u00f1ados para satisfacer sus necesidades en t\u00e9rminos de rendimiento, seguridad y durabilidad.\" \/>\n<meta property=\"og:url\" content=\"https:\/\/ampxgroup.com\/es\/electricidad-electronica\/\" \/>\n<meta property=\"og:site_name\" content=\"AMP Polymix\" \/>\n<meta property=\"article:modified_time\" content=\"2025-03-26T10:55:46+00:00\" \/>\n<meta property=\"og:image\" content=\"https:\/\/ampxgroup.com\/wp-content\/uploads\/2025\/03\/robot-ia-AdobeStock_276113420-1024x512.jpeg\" \/>\n<meta name=\"twitter:card\" content=\"summary_large_image\" \/>\n<meta name=\"twitter:label1\" content=\"Tiempo de lectura\" \/>\n\t<meta name=\"twitter:data1\" content=\"2 minutos\" \/>\n<script type=\"application\/ld+json\" class=\"yoast-schema-graph\">{\"@context\":\"https:\/\/schema.org\",\"@graph\":[{\"@type\":\"WebPage\",\"@id\":\"https:\/\/ampxgroup.com\/es\/electricidad-electronica\/\",\"url\":\"https:\/\/ampxgroup.com\/es\/electricidad-electronica\/\",\"name\":\"Electricidad y Electr\u00f3nica - AMP Polymix\",\"isPartOf\":{\"@id\":\"https:\/\/ampxgroup.com\/#website\"},\"primaryImageOfPage\":{\"@id\":\"https:\/\/ampxgroup.com\/es\/electricidad-electronica\/#primaryimage\"},\"image\":{\"@id\":\"https:\/\/ampxgroup.com\/es\/electricidad-electronica\/#primaryimage\"},\"thumbnailUrl\":\"https:\/\/ampxgroup.com\/wp-content\/uploads\/2025\/03\/robot-ia-AdobeStock_276113420-1024x512.jpeg\",\"datePublished\":\"2025-03-05T14:59:06+00:00\",\"dateModified\":\"2025-03-26T10:55:46+00:00\",\"description\":\"Le ayudamos con pl\u00e1sticos innovadores dise\u00f1ados para satisfacer sus necesidades en t\u00e9rminos de rendimiento, seguridad y durabilidad.\",\"breadcrumb\":{\"@id\":\"https:\/\/ampxgroup.com\/es\/electricidad-electronica\/#breadcrumb\"},\"inLanguage\":\"es\",\"potentialAction\":[{\"@type\":\"ReadAction\",\"target\":[\"https:\/\/ampxgroup.com\/es\/electricidad-electronica\/\"]}]},{\"@type\":\"ImageObject\",\"inLanguage\":\"es\",\"@id\":\"https:\/\/ampxgroup.com\/es\/electricidad-electronica\/#primaryimage\",\"url\":\"https:\/\/ampxgroup.com\/wp-content\/uploads\/2025\/03\/robot-ia-AdobeStock_276113420-1024x512.jpeg\",\"contentUrl\":\"https:\/\/ampxgroup.com\/wp-content\/uploads\/2025\/03\/robot-ia-AdobeStock_276113420-1024x512.jpeg\"},{\"@type\":\"BreadcrumbList\",\"@id\":\"https:\/\/ampxgroup.com\/es\/electricidad-electronica\/#breadcrumb\",\"itemListElement\":[{\"@type\":\"ListItem\",\"position\":1,\"name\":\"Home\",\"item\":\"https:\/\/ampxgroup.com\/es\/\"},{\"@type\":\"ListItem\",\"position\":2,\"name\":\"Electricidad y Electr\u00f3nica\"}]},{\"@type\":\"WebSite\",\"@id\":\"https:\/\/ampxgroup.com\/#website\",\"url\":\"https:\/\/ampxgroup.com\/\",\"name\":\"AMP Polymix\",\"description\":\"Distributeur mati\u00e8re plastique\",\"publisher\":{\"@id\":\"https:\/\/ampxgroup.com\/#organization\"},\"potentialAction\":[{\"@type\":\"SearchAction\",\"target\":{\"@type\":\"EntryPoint\",\"urlTemplate\":\"https:\/\/ampxgroup.com\/?s={search_term_string}\"},\"query-input\":{\"@type\":\"PropertyValueSpecification\",\"valueRequired\":true,\"valueName\":\"search_term_string\"}}],\"inLanguage\":\"es\"},{\"@type\":\"Organization\",\"@id\":\"https:\/\/ampxgroup.com\/#organization\",\"name\":\"AMP Polymix\",\"url\":\"https:\/\/ampxgroup.com\/\",\"logo\":{\"@type\":\"ImageObject\",\"inLanguage\":\"es\",\"@id\":\"https:\/\/ampxgroup.com\/#\/schema\/logo\/image\/\",\"url\":\"https:\/\/ampxgroup.com\/wp-content\/uploads\/2019\/01\/POLYMIXAMP_GROUP_LOGO.svg\",\"contentUrl\":\"https:\/\/ampxgroup.com\/wp-content\/uploads\/2019\/01\/POLYMIXAMP_GROUP_LOGO.svg\",\"width\":1,\"height\":1,\"caption\":\"AMP Polymix\"},\"image\":{\"@id\":\"https:\/\/ampxgroup.com\/#\/schema\/logo\/image\/\"},\"sameAs\":[\"https:\/\/fr.linkedin.com\/company\/polymix-amp\"]}]}<\/script>\n<!-- \/ Yoast SEO plugin. -->","yoast_head_json":{"title":"Electricidad y Electr\u00f3nica - AMP Polymix","description":"Le ayudamos con pl\u00e1sticos innovadores dise\u00f1ados para satisfacer sus necesidades en t\u00e9rminos de rendimiento, seguridad y durabilidad.","robots":{"index":"index","follow":"follow","max-snippet":"max-snippet:-1","max-image-preview":"max-image-preview:large","max-video-preview":"max-video-preview:-1"},"canonical":"https:\/\/ampxgroup.com\/es\/electricidad-electronica\/","og_locale":"es_ES","og_type":"article","og_title":"Electricidad y Electr\u00f3nica - AMP Polymix","og_description":"Le ayudamos con pl\u00e1sticos innovadores dise\u00f1ados para satisfacer sus necesidades en t\u00e9rminos de rendimiento, seguridad y durabilidad.","og_url":"https:\/\/ampxgroup.com\/es\/electricidad-electronica\/","og_site_name":"AMP Polymix","article_modified_time":"2025-03-26T10:55:46+00:00","og_image":[{"url":"https:\/\/ampxgroup.com\/wp-content\/uploads\/2025\/03\/robot-ia-AdobeStock_276113420-1024x512.jpeg","type":"","width":"","height":""}],"twitter_card":"summary_large_image","twitter_misc":{"Tiempo de lectura":"2 minutos"},"schema":{"@context":"https:\/\/schema.org","@graph":[{"@type":"WebPage","@id":"https:\/\/ampxgroup.com\/es\/electricidad-electronica\/","url":"https:\/\/ampxgroup.com\/es\/electricidad-electronica\/","name":"Electricidad y Electr\u00f3nica - AMP Polymix","isPartOf":{"@id":"https:\/\/ampxgroup.com\/#website"},"primaryImageOfPage":{"@id":"https:\/\/ampxgroup.com\/es\/electricidad-electronica\/#primaryimage"},"image":{"@id":"https:\/\/ampxgroup.com\/es\/electricidad-electronica\/#primaryimage"},"thumbnailUrl":"https:\/\/ampxgroup.com\/wp-content\/uploads\/2025\/03\/robot-ia-AdobeStock_276113420-1024x512.jpeg","datePublished":"2025-03-05T14:59:06+00:00","dateModified":"2025-03-26T10:55:46+00:00","description":"Le ayudamos con pl\u00e1sticos innovadores dise\u00f1ados para satisfacer sus necesidades en t\u00e9rminos de rendimiento, seguridad y durabilidad.","breadcrumb":{"@id":"https:\/\/ampxgroup.com\/es\/electricidad-electronica\/#breadcrumb"},"inLanguage":"es","potentialAction":[{"@type":"ReadAction","target":["https:\/\/ampxgroup.com\/es\/electricidad-electronica\/"]}]},{"@type":"ImageObject","inLanguage":"es","@id":"https:\/\/ampxgroup.com\/es\/electricidad-electronica\/#primaryimage","url":"https:\/\/ampxgroup.com\/wp-content\/uploads\/2025\/03\/robot-ia-AdobeStock_276113420-1024x512.jpeg","contentUrl":"https:\/\/ampxgroup.com\/wp-content\/uploads\/2025\/03\/robot-ia-AdobeStock_276113420-1024x512.jpeg"},{"@type":"BreadcrumbList","@id":"https:\/\/ampxgroup.com\/es\/electricidad-electronica\/#breadcrumb","itemListElement":[{"@type":"ListItem","position":1,"name":"Home","item":"https:\/\/ampxgroup.com\/es\/"},{"@type":"ListItem","position":2,"name":"Electricidad y Electr\u00f3nica"}]},{"@type":"WebSite","@id":"https:\/\/ampxgroup.com\/#website","url":"https:\/\/ampxgroup.com\/","name":"AMP Polymix","description":"Distributeur mati\u00e8re plastique","publisher":{"@id":"https:\/\/ampxgroup.com\/#organization"},"potentialAction":[{"@type":"SearchAction","target":{"@type":"EntryPoint","urlTemplate":"https:\/\/ampxgroup.com\/?s={search_term_string}"},"query-input":{"@type":"PropertyValueSpecification","valueRequired":true,"valueName":"search_term_string"}}],"inLanguage":"es"},{"@type":"Organization","@id":"https:\/\/ampxgroup.com\/#organization","name":"AMP Polymix","url":"https:\/\/ampxgroup.com\/","logo":{"@type":"ImageObject","inLanguage":"es","@id":"https:\/\/ampxgroup.com\/#\/schema\/logo\/image\/","url":"https:\/\/ampxgroup.com\/wp-content\/uploads\/2019\/01\/POLYMIXAMP_GROUP_LOGO.svg","contentUrl":"https:\/\/ampxgroup.com\/wp-content\/uploads\/2019\/01\/POLYMIXAMP_GROUP_LOGO.svg","width":1,"height":1,"caption":"AMP Polymix"},"image":{"@id":"https:\/\/ampxgroup.com\/#\/schema\/logo\/image\/"},"sameAs":["https:\/\/fr.linkedin.com\/company\/polymix-amp"]}]}},"_links":{"self":[{"href":"https:\/\/ampxgroup.com\/es\/wp-json\/wp\/v2\/pages\/8927","targetHints":{"allow":["GET"]}}],"collection":[{"href":"https:\/\/ampxgroup.com\/es\/wp-json\/wp\/v2\/pages"}],"about":[{"href":"https:\/\/ampxgroup.com\/es\/wp-json\/wp\/v2\/types\/page"}],"author":[{"embeddable":true,"href":"https:\/\/ampxgroup.com\/es\/wp-json\/wp\/v2\/users\/6"}],"replies":[{"embeddable":true,"href":"https:\/\/ampxgroup.com\/es\/wp-json\/wp\/v2\/comments?post=8927"}],"version-history":[{"count":3,"href":"https:\/\/ampxgroup.com\/es\/wp-json\/wp\/v2\/pages\/8927\/revisions"}],"predecessor-version":[{"id":8937,"href":"https:\/\/ampxgroup.com\/es\/wp-json\/wp\/v2\/pages\/8927\/revisions\/8937"}],"wp:attachment":[{"href":"https:\/\/ampxgroup.com\/es\/wp-json\/wp\/v2\/media?parent=8927"}],"curies":[{"name":"wp","href":"https:\/\/api.w.org\/{rel}","templated":true}]}}