{"id":8972,"date":"2025-03-05T15:00:07","date_gmt":"2025-03-05T15:00:07","guid":{"rendered":"https:\/\/ampxgroup.com\/elastomeres\/"},"modified":"2025-03-26T13:27:21","modified_gmt":"2025-03-26T13:27:21","slug":"elastomeros","status":"publish","type":"page","link":"https:\/\/ampxgroup.com\/es\/elastomeros\/","title":{"rendered":"Elast\u00f3meros"},"content":{"rendered":"\n<p class=\"has-text-align-center\">Los elast\u00f3meros desempe\u00f1an un papel esencial en muchos sectores gracias a su excepcional combinaci\u00f3n de propiedades mec\u00e1nicas, flexibilidad y durabilidad. En el <strong>Grupo AMP-POLYMIX<\/strong> disponemos de una amplia gama de elast\u00f3meros adaptados a las necesidades m\u00e1s exigentes: <strong>PEBA<\/strong>, <strong>TPEE<\/strong>, <strong>TPU<\/strong>, <strong>SEBS<\/strong>, <strong>TPV<\/strong>, <strong>PVC<\/strong>.<\/p>\n\n\n\n<p class=\"has-text-align-center\">Estos materiales innovadores pueden utilizarse en una amplia gama de aplicaciones gracias a sus propiedades \u00fanicas, ya sea para productos que requieren una flexibilidad extrema, una resistencia qu\u00edmica \u00f3ptima o un rendimiento en condiciones extremas.<\/p>\n\n\n\n<div style=\"height:26px\" aria-hidden=\"true\" class=\"wp-block-spacer\"><\/div>\n\n\n\n<div class=\"wp-block-media-text is-stacked-on-mobile\" style=\"grid-template-columns:52% auto\"><figure class=\"wp-block-media-text__media\"><img loading=\"lazy\" decoding=\"async\" width=\"1024\" height=\"341\" src=\"https:\/\/ampxgroup.com\/wp-content\/uploads\/2025\/03\/Chaussures-AdobeStock_194380181-1024x341.jpeg\" alt=\"Chaussures\" class=\"wp-image-8947 size-full\" srcset=\"https:\/\/ampxgroup.com\/wp-content\/uploads\/2025\/03\/Chaussures-AdobeStock_194380181-1024x341.jpeg 1024w, https:\/\/ampxgroup.com\/wp-content\/uploads\/2025\/03\/Chaussures-AdobeStock_194380181-300x100.jpeg 300w, https:\/\/ampxgroup.com\/wp-content\/uploads\/2025\/03\/Chaussures-AdobeStock_194380181-768x256.jpeg 768w, https:\/\/ampxgroup.com\/wp-content\/uploads\/2025\/03\/Chaussures-AdobeStock_194380181-1536x512.jpeg 1536w, https:\/\/ampxgroup.com\/wp-content\/uploads\/2025\/03\/Chaussures-AdobeStock_194380181-2048x683.jpeg 2048w\" sizes=\"auto, (max-width: 1024px) 100vw, 1024px\" \/><\/figure><div class=\"wp-block-media-text__content\">\n<p><strong>LAS VENTAJAS DE LOS ELAST\u00d3MEROS :<\/strong><\/p>\n\n\n\n<ul class=\"wp-block-list\">\n<li>Flexibilidad y elasticidad<\/li>\n\n\n\n<li>Resistencia al impacto<\/li>\n\n\n\n<li>Resistencia a la abrasi\u00f3n<\/li>\n\n\n\n<li>Resistencia qu\u00edmica<\/li>\n\n\n\n<li>Ligereza<\/li>\n\n\n\n<li>Compatibilidad qu\u00edmica<\/li>\n\n\n\n<li>Soluciones ecorresponsables<\/li>\n<\/ul>\n<\/div><\/div>\n\n\n\n<div style=\"height:26px\" aria-hidden=\"true\" class=\"wp-block-spacer\"><\/div>\n\n\n\n<div class=\"wp-block-media-text has-media-on-the-right is-stacked-on-mobile\"><div class=\"wp-block-media-text__content\">\n<p><strong>GRADOS DISPONIBLES :<\/strong><\/p>\n\n\n\n<ul class=\"wp-block-list\">\n<li>PEBA<\/li>\n\n\n\n<li>TPEE<\/li>\n\n\n\n<li>TPU<\/li>\n\n\n\n<li>SEBS<\/li>\n\n\n\n<li>TPV<\/li>\n\n\n\n<li>PVC<\/li>\n<\/ul>\n<\/div><figure class=\"wp-block-media-text__media\"><img loading=\"lazy\" decoding=\"async\" width=\"1024\" height=\"683\" src=\"https:\/\/ampxgroup.com\/wp-content\/uploads\/2025\/03\/convoyeur-AdobeStock_643749797-1024x683.jpeg\" alt=\"convoyeur\" class=\"wp-image-8950 size-full\" srcset=\"https:\/\/ampxgroup.com\/wp-content\/uploads\/2025\/03\/convoyeur-AdobeStock_643749797-1024x683.jpeg 1024w, https:\/\/ampxgroup.com\/wp-content\/uploads\/2025\/03\/convoyeur-AdobeStock_643749797-300x200.jpeg 300w, https:\/\/ampxgroup.com\/wp-content\/uploads\/2025\/03\/convoyeur-AdobeStock_643749797-768x512.jpeg 768w, https:\/\/ampxgroup.com\/wp-content\/uploads\/2025\/03\/convoyeur-AdobeStock_643749797-1536x1024.jpeg 1536w, https:\/\/ampxgroup.com\/wp-content\/uploads\/2025\/03\/convoyeur-AdobeStock_643749797-2048x1365.jpeg 2048w\" sizes=\"auto, (max-width: 1024px) 100vw, 1024px\" \/><\/figure><\/div>\n\n\n\n<div style=\"height:26px\" aria-hidden=\"true\" class=\"wp-block-spacer\"><\/div>\n\n\n\n<div class=\"wp-block-media-text is-stacked-on-mobile\"><figure class=\"wp-block-media-text__media\"><img loading=\"lazy\" decoding=\"async\" width=\"1024\" height=\"684\" src=\"https:\/\/ampxgroup.com\/wp-content\/uploads\/2025\/03\/Tuyau-flexible-souffleur-AdobeStock_428670599-1024x684.jpeg\" alt=\"Tuyau-flexible-souffleur\" class=\"wp-image-8953 size-full\" srcset=\"https:\/\/ampxgroup.com\/wp-content\/uploads\/2025\/03\/Tuyau-flexible-souffleur-AdobeStock_428670599-1024x684.jpeg 1024w, https:\/\/ampxgroup.com\/wp-content\/uploads\/2025\/03\/Tuyau-flexible-souffleur-AdobeStock_428670599-300x200.jpeg 300w, https:\/\/ampxgroup.com\/wp-content\/uploads\/2025\/03\/Tuyau-flexible-souffleur-AdobeStock_428670599-768x513.jpeg 768w, https:\/\/ampxgroup.com\/wp-content\/uploads\/2025\/03\/Tuyau-flexible-souffleur-AdobeStock_428670599-1536x1025.jpeg 1536w, https:\/\/ampxgroup.com\/wp-content\/uploads\/2025\/03\/Tuyau-flexible-souffleur-AdobeStock_428670599-2048x1367.jpeg 2048w\" sizes=\"auto, (max-width: 1024px) 100vw, 1024px\" \/><\/figure><div class=\"wp-block-media-text__content\">\n<p><strong>SECTORES DE ACTIVIDAD :<\/strong><\/p>\n\n\n\n<ul class=\"wp-block-list\">\n<li>Industria<\/li>\n\n\n\n<li>Deporte y ocio<\/li>\n\n\n\n<li>Cosm\u00e9tica<\/li>\n\n\n\n<li>Construcci\u00f3n<\/li>\n\n\n\n<li>Electr\u00f3nica<\/li>\n\n\n\n<li>Automoci\u00f3n<\/li>\n\n\n\n<li>Medicina<\/li>\n<\/ul>\n<\/div><\/div>\n\n\n\n<div style=\"height:26px\" aria-hidden=\"true\" class=\"wp-block-spacer\"><\/div>\n\n\n\n<div class=\"wp-block-media-text has-media-on-the-right is-stacked-on-mobile\"><div class=\"wp-block-media-text__content\">\n<p><strong>\u00bfPOR QU\u00c9 ELEGIR AMP-POLYMIX GROUP?<\/strong><\/p>\n\n\n\n<ul class=\"wp-block-list\">\n<li><strong>Experiencia t\u00e9cnica<\/strong>: profundo conocimiento de los materiales y sus aplicaciones.<\/li>\n\n\n\n<li><strong>Amplia gama de soluciones<\/strong>: una gama de elast\u00f3meros que se adapta a todos los sectores y a todas las necesidades.<\/li>\n\n\n\n<li><strong>Innovaci\u00f3n eco-responsable<\/strong>: soluciones dise\u00f1adas para minimizar el impacto medioambiental.<\/li>\n\n\n\n<li><strong>Asistencia personalizada<\/strong>: expertos a su disposici\u00f3n para guiarle en sus proyectos.<\/li>\n<\/ul>\n<\/div><figure class=\"wp-block-media-text__media\"><img loading=\"lazy\" decoding=\"async\" width=\"1024\" height=\"947\" src=\"https:\/\/ampxgroup.com\/wp-content\/uploads\/2025\/03\/Flacon_pipette_elastomere_cosmetique-1024x947.jpeg\" alt=\"Flacon_pipette_elastomere_cosmetique\" class=\"wp-image-8957 size-full\" srcset=\"https:\/\/ampxgroup.com\/wp-content\/uploads\/2025\/03\/Flacon_pipette_elastomere_cosmetique-1024x947.jpeg 1024w, https:\/\/ampxgroup.com\/wp-content\/uploads\/2025\/03\/Flacon_pipette_elastomere_cosmetique-300x278.jpeg 300w, https:\/\/ampxgroup.com\/wp-content\/uploads\/2025\/03\/Flacon_pipette_elastomere_cosmetique-768x711.jpeg 768w, https:\/\/ampxgroup.com\/wp-content\/uploads\/2025\/03\/Flacon_pipette_elastomere_cosmetique-1536x1421.jpeg 1536w, https:\/\/ampxgroup.com\/wp-content\/uploads\/2025\/03\/Flacon_pipette_elastomere_cosmetique-2048x1895.jpeg 2048w\" sizes=\"auto, (max-width: 1024px) 100vw, 1024px\" \/><\/figure><\/div>\n","protected":false},"excerpt":{"rendered":"<p>Los elast\u00f3meros desempe\u00f1an un papel esencial en muchos sectores gracias a su excepcional combinaci\u00f3n de &#8230;<\/p>\n","protected":false},"author":6,"featured_media":0,"parent":0,"menu_order":0,"comment_status":"closed","ping_status":"closed","template":"","meta":{"_acf_changed":false,"footnotes":""},"class_list":["post-8972","page","type-page","status-publish","hentry"],"acf":[],"yoast_head":"<!-- This site is optimized with the Yoast SEO plugin v27.1.1 - https:\/\/yoast.com\/product\/yoast-seo-wordpress\/ -->\n<title>Elast\u00f3meros - AMP Polymix<\/title>\n<meta name=\"description\" content=\"En el Grupo AMP-POLYMIX disponemos de una amplia gama de elast\u00f3meros para satisfacer los requisitos m\u00e1s exigentes.\" \/>\n<meta name=\"robots\" content=\"index, follow, max-snippet:-1, max-image-preview:large, max-video-preview:-1\" \/>\n<link rel=\"canonical\" href=\"https:\/\/ampxgroup.com\/es\/elastomeros\/\" \/>\n<meta property=\"og:locale\" content=\"es_ES\" \/>\n<meta property=\"og:type\" content=\"article\" \/>\n<meta property=\"og:title\" content=\"Elast\u00f3meros - AMP Polymix\" \/>\n<meta property=\"og:description\" content=\"En el Grupo AMP-POLYMIX disponemos de una amplia gama de elast\u00f3meros para satisfacer los requisitos m\u00e1s exigentes.\" \/>\n<meta property=\"og:url\" content=\"https:\/\/ampxgroup.com\/es\/elastomeros\/\" \/>\n<meta property=\"og:site_name\" content=\"AMP Polymix\" \/>\n<meta property=\"article:modified_time\" content=\"2025-03-26T13:27:21+00:00\" \/>\n<meta property=\"og:image\" content=\"https:\/\/ampxgroup.com\/wp-content\/uploads\/2025\/03\/Chaussures-AdobeStock_194380181-1024x341.jpeg\" \/>\n<meta name=\"twitter:card\" content=\"summary_large_image\" \/>\n<meta name=\"twitter:label1\" content=\"Tiempo de lectura\" \/>\n\t<meta name=\"twitter:data1\" content=\"2 minutos\" \/>\n<script type=\"application\/ld+json\" class=\"yoast-schema-graph\">{\"@context\":\"https:\/\/schema.org\",\"@graph\":[{\"@type\":\"WebPage\",\"@id\":\"https:\/\/ampxgroup.com\/es\/elastomeros\/\",\"url\":\"https:\/\/ampxgroup.com\/es\/elastomeros\/\",\"name\":\"Elast\u00f3meros - AMP Polymix\",\"isPartOf\":{\"@id\":\"https:\/\/ampxgroup.com\/#website\"},\"primaryImageOfPage\":{\"@id\":\"https:\/\/ampxgroup.com\/es\/elastomeros\/#primaryimage\"},\"image\":{\"@id\":\"https:\/\/ampxgroup.com\/es\/elastomeros\/#primaryimage\"},\"thumbnailUrl\":\"https:\/\/ampxgroup.com\/wp-content\/uploads\/2025\/03\/Chaussures-AdobeStock_194380181-1024x341.jpeg\",\"datePublished\":\"2025-03-05T15:00:07+00:00\",\"dateModified\":\"2025-03-26T13:27:21+00:00\",\"description\":\"En el Grupo AMP-POLYMIX disponemos de una amplia gama de elast\u00f3meros para satisfacer los requisitos m\u00e1s exigentes.\",\"breadcrumb\":{\"@id\":\"https:\/\/ampxgroup.com\/es\/elastomeros\/#breadcrumb\"},\"inLanguage\":\"es\",\"potentialAction\":[{\"@type\":\"ReadAction\",\"target\":[\"https:\/\/ampxgroup.com\/es\/elastomeros\/\"]}]},{\"@type\":\"ImageObject\",\"inLanguage\":\"es\",\"@id\":\"https:\/\/ampxgroup.com\/es\/elastomeros\/#primaryimage\",\"url\":\"https:\/\/ampxgroup.com\/wp-content\/uploads\/2025\/03\/Chaussures-AdobeStock_194380181-1024x341.jpeg\",\"contentUrl\":\"https:\/\/ampxgroup.com\/wp-content\/uploads\/2025\/03\/Chaussures-AdobeStock_194380181-1024x341.jpeg\"},{\"@type\":\"BreadcrumbList\",\"@id\":\"https:\/\/ampxgroup.com\/es\/elastomeros\/#breadcrumb\",\"itemListElement\":[{\"@type\":\"ListItem\",\"position\":1,\"name\":\"Home\",\"item\":\"https:\/\/ampxgroup.com\/es\/\"},{\"@type\":\"ListItem\",\"position\":2,\"name\":\"Elast\u00f3meros\"}]},{\"@type\":\"WebSite\",\"@id\":\"https:\/\/ampxgroup.com\/#website\",\"url\":\"https:\/\/ampxgroup.com\/\",\"name\":\"AMP Polymix\",\"description\":\"Distributeur mati\u00e8re plastique\",\"publisher\":{\"@id\":\"https:\/\/ampxgroup.com\/#organization\"},\"potentialAction\":[{\"@type\":\"SearchAction\",\"target\":{\"@type\":\"EntryPoint\",\"urlTemplate\":\"https:\/\/ampxgroup.com\/?s={search_term_string}\"},\"query-input\":{\"@type\":\"PropertyValueSpecification\",\"valueRequired\":true,\"valueName\":\"search_term_string\"}}],\"inLanguage\":\"es\"},{\"@type\":\"Organization\",\"@id\":\"https:\/\/ampxgroup.com\/#organization\",\"name\":\"AMP Polymix\",\"url\":\"https:\/\/ampxgroup.com\/\",\"logo\":{\"@type\":\"ImageObject\",\"inLanguage\":\"es\",\"@id\":\"https:\/\/ampxgroup.com\/#\/schema\/logo\/image\/\",\"url\":\"https:\/\/ampxgroup.com\/wp-content\/uploads\/2019\/01\/POLYMIXAMP_GROUP_LOGO.svg\",\"contentUrl\":\"https:\/\/ampxgroup.com\/wp-content\/uploads\/2019\/01\/POLYMIXAMP_GROUP_LOGO.svg\",\"width\":1,\"height\":1,\"caption\":\"AMP Polymix\"},\"image\":{\"@id\":\"https:\/\/ampxgroup.com\/#\/schema\/logo\/image\/\"},\"sameAs\":[\"https:\/\/fr.linkedin.com\/company\/polymix-amp\"]}]}<\/script>\n<!-- \/ Yoast SEO plugin. -->","yoast_head_json":{"title":"Elast\u00f3meros - AMP Polymix","description":"En el Grupo AMP-POLYMIX disponemos de una amplia gama de elast\u00f3meros para satisfacer los requisitos m\u00e1s exigentes.","robots":{"index":"index","follow":"follow","max-snippet":"max-snippet:-1","max-image-preview":"max-image-preview:large","max-video-preview":"max-video-preview:-1"},"canonical":"https:\/\/ampxgroup.com\/es\/elastomeros\/","og_locale":"es_ES","og_type":"article","og_title":"Elast\u00f3meros - AMP Polymix","og_description":"En el Grupo AMP-POLYMIX disponemos de una amplia gama de elast\u00f3meros para satisfacer los requisitos m\u00e1s exigentes.","og_url":"https:\/\/ampxgroup.com\/es\/elastomeros\/","og_site_name":"AMP Polymix","article_modified_time":"2025-03-26T13:27:21+00:00","og_image":[{"url":"https:\/\/ampxgroup.com\/wp-content\/uploads\/2025\/03\/Chaussures-AdobeStock_194380181-1024x341.jpeg","type":"","width":"","height":""}],"twitter_card":"summary_large_image","twitter_misc":{"Tiempo de lectura":"2 minutos"},"schema":{"@context":"https:\/\/schema.org","@graph":[{"@type":"WebPage","@id":"https:\/\/ampxgroup.com\/es\/elastomeros\/","url":"https:\/\/ampxgroup.com\/es\/elastomeros\/","name":"Elast\u00f3meros - AMP Polymix","isPartOf":{"@id":"https:\/\/ampxgroup.com\/#website"},"primaryImageOfPage":{"@id":"https:\/\/ampxgroup.com\/es\/elastomeros\/#primaryimage"},"image":{"@id":"https:\/\/ampxgroup.com\/es\/elastomeros\/#primaryimage"},"thumbnailUrl":"https:\/\/ampxgroup.com\/wp-content\/uploads\/2025\/03\/Chaussures-AdobeStock_194380181-1024x341.jpeg","datePublished":"2025-03-05T15:00:07+00:00","dateModified":"2025-03-26T13:27:21+00:00","description":"En el Grupo AMP-POLYMIX disponemos de una amplia gama de elast\u00f3meros para satisfacer los requisitos m\u00e1s exigentes.","breadcrumb":{"@id":"https:\/\/ampxgroup.com\/es\/elastomeros\/#breadcrumb"},"inLanguage":"es","potentialAction":[{"@type":"ReadAction","target":["https:\/\/ampxgroup.com\/es\/elastomeros\/"]}]},{"@type":"ImageObject","inLanguage":"es","@id":"https:\/\/ampxgroup.com\/es\/elastomeros\/#primaryimage","url":"https:\/\/ampxgroup.com\/wp-content\/uploads\/2025\/03\/Chaussures-AdobeStock_194380181-1024x341.jpeg","contentUrl":"https:\/\/ampxgroup.com\/wp-content\/uploads\/2025\/03\/Chaussures-AdobeStock_194380181-1024x341.jpeg"},{"@type":"BreadcrumbList","@id":"https:\/\/ampxgroup.com\/es\/elastomeros\/#breadcrumb","itemListElement":[{"@type":"ListItem","position":1,"name":"Home","item":"https:\/\/ampxgroup.com\/es\/"},{"@type":"ListItem","position":2,"name":"Elast\u00f3meros"}]},{"@type":"WebSite","@id":"https:\/\/ampxgroup.com\/#website","url":"https:\/\/ampxgroup.com\/","name":"AMP Polymix","description":"Distributeur mati\u00e8re plastique","publisher":{"@id":"https:\/\/ampxgroup.com\/#organization"},"potentialAction":[{"@type":"SearchAction","target":{"@type":"EntryPoint","urlTemplate":"https:\/\/ampxgroup.com\/?s={search_term_string}"},"query-input":{"@type":"PropertyValueSpecification","valueRequired":true,"valueName":"search_term_string"}}],"inLanguage":"es"},{"@type":"Organization","@id":"https:\/\/ampxgroup.com\/#organization","name":"AMP Polymix","url":"https:\/\/ampxgroup.com\/","logo":{"@type":"ImageObject","inLanguage":"es","@id":"https:\/\/ampxgroup.com\/#\/schema\/logo\/image\/","url":"https:\/\/ampxgroup.com\/wp-content\/uploads\/2019\/01\/POLYMIXAMP_GROUP_LOGO.svg","contentUrl":"https:\/\/ampxgroup.com\/wp-content\/uploads\/2019\/01\/POLYMIXAMP_GROUP_LOGO.svg","width":1,"height":1,"caption":"AMP Polymix"},"image":{"@id":"https:\/\/ampxgroup.com\/#\/schema\/logo\/image\/"},"sameAs":["https:\/\/fr.linkedin.com\/company\/polymix-amp"]}]}},"_links":{"self":[{"href":"https:\/\/ampxgroup.com\/es\/wp-json\/wp\/v2\/pages\/8972","targetHints":{"allow":["GET"]}}],"collection":[{"href":"https:\/\/ampxgroup.com\/es\/wp-json\/wp\/v2\/pages"}],"about":[{"href":"https:\/\/ampxgroup.com\/es\/wp-json\/wp\/v2\/types\/page"}],"author":[{"embeddable":true,"href":"https:\/\/ampxgroup.com\/es\/wp-json\/wp\/v2\/users\/6"}],"replies":[{"embeddable":true,"href":"https:\/\/ampxgroup.com\/es\/wp-json\/wp\/v2\/comments?post=8972"}],"version-history":[{"count":7,"href":"https:\/\/ampxgroup.com\/es\/wp-json\/wp\/v2\/pages\/8972\/revisions"}],"predecessor-version":[{"id":9031,"href":"https:\/\/ampxgroup.com\/es\/wp-json\/wp\/v2\/pages\/8972\/revisions\/9031"}],"wp:attachment":[{"href":"https:\/\/ampxgroup.com\/es\/wp-json\/wp\/v2\/media?parent=8972"}],"curies":[{"name":"wp","href":"https:\/\/api.w.org\/{rel}","templated":true}]}}