{"id":9016,"date":"2025-03-05T14:49:35","date_gmt":"2025-03-05T14:49:35","guid":{"rendered":"https:\/\/ampxgroup.com\/sport-loisirs\/"},"modified":"2025-03-26T13:12:30","modified_gmt":"2025-03-26T13:12:30","slug":"deporte-ocio","status":"publish","type":"page","link":"https:\/\/ampxgroup.com\/es\/deporte-ocio\/","title":{"rendered":"Deporte y Ocio"},"content":{"rendered":"\n<p class=\"has-text-align-center\">En un sector en el que priman la ligereza, la durabilidad y el rendimiento, los pl\u00e1sticos desempe\u00f1an un papel fundamental en el dise\u00f1o de equipos deportivos y de ocio. En el <strong>Grupo AMP-POLYMIX<\/strong>, ofrecemos soluciones a medida para satisfacer las necesidades de los profesionales y\/o aficionados al deporte, tanto si los productos est\u00e1n destinados a un uso competitivo como a un simple entretenimiento.<\/p>\n\n\n\n<div style=\"height:40px\" aria-hidden=\"true\" class=\"wp-block-spacer\"><\/div>\n\n\n\n<div class=\"wp-block-media-text is-stacked-on-mobile\"><figure class=\"wp-block-media-text__media\"><img loading=\"lazy\" decoding=\"async\" width=\"1024\" height=\"483\" src=\"https:\/\/ampxgroup.com\/wp-content\/uploads\/2025\/03\/velo-route-AdobeStock_510941761-1024x483.jpeg\" alt=\"velo-route\" class=\"wp-image-8994 size-full\" srcset=\"https:\/\/ampxgroup.com\/wp-content\/uploads\/2025\/03\/velo-route-AdobeStock_510941761-1024x483.jpeg 1024w, https:\/\/ampxgroup.com\/wp-content\/uploads\/2025\/03\/velo-route-AdobeStock_510941761-300x141.jpeg 300w, https:\/\/ampxgroup.com\/wp-content\/uploads\/2025\/03\/velo-route-AdobeStock_510941761-768x362.jpeg 768w, https:\/\/ampxgroup.com\/wp-content\/uploads\/2025\/03\/velo-route-AdobeStock_510941761-1536x724.jpeg 1536w, https:\/\/ampxgroup.com\/wp-content\/uploads\/2025\/03\/velo-route-AdobeStock_510941761-2048x965.jpeg 2048w\" sizes=\"auto, (max-width: 1024px) 100vw, 1024px\" \/><\/figure><div class=\"wp-block-media-text__content\">\n<p><strong>LO QUE NUESTROS MATERIALES PUEDEN CONSEGUIR<\/strong><\/p>\n\n\n\n<ul class=\"wp-block-list\">\n<li>Prestaciones<\/li>\n\n\n\n<li>Resistencia al impacto y al desgaste<\/li>\n\n\n\n<li>Ligereza<\/li>\n\n\n\n<li>Flexibilidad y ergonom\u00eda<\/li>\n\n\n\n<li>Dise\u00f1o y est\u00e9tica<\/li>\n\n\n\n<li>Ecodise\u00f1o y sostenibilidad<\/li>\n<\/ul>\n<\/div><\/div>\n\n\n\n<div style=\"height:40px\" aria-hidden=\"true\" class=\"wp-block-spacer\"><\/div>\n\n\n\n<div class=\"wp-block-media-text has-media-on-the-right is-stacked-on-mobile\"><div class=\"wp-block-media-text__content\">\n<p><strong>NUESTRAS SOLUCIONES DE MATERIALES :<\/strong><\/p>\n\n\n\n<ul class=\"wp-block-list\">\n<li><strong>Pol\u00edmeros de alta resistencia<\/strong>: PA, PC, PBT para equipos duraderos y de alto rendimiento.<\/li>\n\n\n\n<li><strong>Elast\u00f3meros t\u00e9cnicos<\/strong>: PEBA, TPU, TPEE para productos flexibles de alto rendimiento.<\/li>\n\n\n\n<li>Pl\u00e1sticos resistentes a los rayos UV y a la humedad para un uso intensivo en exteriores.<\/li>\n\n\n\n<li><strong>Materiales de origen biol\u00f3gico y\/o reciclados y reciclables<\/strong>: para equipos ecorresponsables y sostenibles.<\/li>\n<\/ul>\n<\/div><figure class=\"wp-block-media-text__media\"><img loading=\"lazy\" decoding=\"async\" width=\"1024\" height=\"683\" src=\"https:\/\/ampxgroup.com\/wp-content\/uploads\/2025\/03\/Protection_roller_AdobeStock_507595756-1024x683.jpeg\" alt=\"Protection_roller\" class=\"wp-image-8997 size-full\" srcset=\"https:\/\/ampxgroup.com\/wp-content\/uploads\/2025\/03\/Protection_roller_AdobeStock_507595756-1024x683.jpeg 1024w, https:\/\/ampxgroup.com\/wp-content\/uploads\/2025\/03\/Protection_roller_AdobeStock_507595756-300x200.jpeg 300w, https:\/\/ampxgroup.com\/wp-content\/uploads\/2025\/03\/Protection_roller_AdobeStock_507595756-768x512.jpeg 768w, https:\/\/ampxgroup.com\/wp-content\/uploads\/2025\/03\/Protection_roller_AdobeStock_507595756-1536x1024.jpeg 1536w, https:\/\/ampxgroup.com\/wp-content\/uploads\/2025\/03\/Protection_roller_AdobeStock_507595756-2048x1365.jpeg 2048w\" sizes=\"auto, (max-width: 1024px) 100vw, 1024px\" \/><\/figure><\/div>\n\n\n\n<div style=\"height:40px\" aria-hidden=\"true\" class=\"wp-block-spacer\"><\/div>\n\n\n\n<div class=\"wp-block-media-text is-stacked-on-mobile\"><figure class=\"wp-block-media-text__media\"><img loading=\"lazy\" decoding=\"async\" width=\"1024\" height=\"683\" src=\"https:\/\/ampxgroup.com\/wp-content\/uploads\/2025\/03\/Accessoires-sport-fitness-AdobeStock_329040746-1024x683.jpeg\" alt=\"Accessoires-sport-fitness\" class=\"wp-image-9003 size-full\" srcset=\"https:\/\/ampxgroup.com\/wp-content\/uploads\/2025\/03\/Accessoires-sport-fitness-AdobeStock_329040746-1024x683.jpeg 1024w, https:\/\/ampxgroup.com\/wp-content\/uploads\/2025\/03\/Accessoires-sport-fitness-AdobeStock_329040746-300x200.jpeg 300w, https:\/\/ampxgroup.com\/wp-content\/uploads\/2025\/03\/Accessoires-sport-fitness-AdobeStock_329040746-768x512.jpeg 768w, https:\/\/ampxgroup.com\/wp-content\/uploads\/2025\/03\/Accessoires-sport-fitness-AdobeStock_329040746-1536x1024.jpeg 1536w, https:\/\/ampxgroup.com\/wp-content\/uploads\/2025\/03\/Accessoires-sport-fitness-AdobeStock_329040746-2048x1365.jpeg 2048w\" sizes=\"auto, (max-width: 1024px) 100vw, 1024px\" \/><\/figure><div class=\"wp-block-media-text__content\">\n<p><strong>\u00bfPOR QU\u00c9 ELEGIR EL GRUPO AMP-POLYMIX?<\/strong><\/p>\n\n\n\n<ul class=\"wp-block-list\">\n<li><strong>Conocimientos reconocidos desde hace m\u00e1s de 40 a\u00f1os<\/strong>: s\u00f3lida experiencia en el sector del deporte y el ocio.<\/li>\n\n\n\n<li><strong>Innovaci\u00f3n continua<\/strong>: soluciones a medida para responder a las nuevas tendencias y exigencias del mercado.<\/li>\n\n\n\n<li><strong>Sostenibilidad y responsabilidad<\/strong>: materiales dise\u00f1ados para limitar su impacto medioambiental.<\/li>\n\n\n\n<li><strong>Apoyo dedicado<\/strong>: asistencia t\u00e9cnica personalizada para sus proyectos, desde la idea hasta la producci\u00f3n.<\/li>\n<\/ul>\n<\/div><\/div>\n","protected":false},"excerpt":{"rendered":"<p>En un sector en el que priman la ligereza, la durabilidad y el rendimiento, los &#8230;<\/p>\n","protected":false},"author":6,"featured_media":0,"parent":0,"menu_order":0,"comment_status":"closed","ping_status":"closed","template":"","meta":{"_acf_changed":false,"footnotes":""},"class_list":["post-9016","page","type-page","status-publish","hentry"],"acf":[],"yoast_head":"<!-- This site is optimized with the Yoast SEO plugin v27.1.1 - https:\/\/yoast.com\/product\/yoast-seo-wordpress\/ -->\n<title>Deporte y Ocio - AMP Polymix<\/title>\n<meta name=\"description\" content=\"En el Grupo AMP-POLYMIX ofrecemos soluciones a medida para satisfacer las necesidades de los profesionales y\/o aficionados al deporte.\" \/>\n<meta name=\"robots\" content=\"index, follow, max-snippet:-1, max-image-preview:large, max-video-preview:-1\" \/>\n<link rel=\"canonical\" href=\"https:\/\/ampxgroup.com\/es\/deporte-ocio\/\" \/>\n<meta property=\"og:locale\" content=\"es_ES\" \/>\n<meta property=\"og:type\" content=\"article\" \/>\n<meta property=\"og:title\" content=\"Deporte y Ocio - AMP Polymix\" \/>\n<meta property=\"og:description\" content=\"En el Grupo AMP-POLYMIX ofrecemos soluciones a medida para satisfacer las necesidades de los profesionales y\/o aficionados al deporte.\" \/>\n<meta property=\"og:url\" content=\"https:\/\/ampxgroup.com\/es\/deporte-ocio\/\" \/>\n<meta property=\"og:site_name\" content=\"AMP Polymix\" \/>\n<meta property=\"article:modified_time\" content=\"2025-03-26T13:12:30+00:00\" \/>\n<meta property=\"og:image\" content=\"https:\/\/ampxgroup.com\/wp-content\/uploads\/2025\/03\/velo-route-AdobeStock_510941761-1024x483.jpeg\" \/>\n<meta name=\"twitter:card\" content=\"summary_large_image\" \/>\n<meta name=\"twitter:label1\" content=\"Tiempo de lectura\" \/>\n\t<meta name=\"twitter:data1\" content=\"2 minutos\" \/>\n<script type=\"application\/ld+json\" class=\"yoast-schema-graph\">{\"@context\":\"https:\/\/schema.org\",\"@graph\":[{\"@type\":\"WebPage\",\"@id\":\"https:\/\/ampxgroup.com\/es\/deporte-ocio\/\",\"url\":\"https:\/\/ampxgroup.com\/es\/deporte-ocio\/\",\"name\":\"Deporte y Ocio - AMP Polymix\",\"isPartOf\":{\"@id\":\"https:\/\/ampxgroup.com\/#website\"},\"primaryImageOfPage\":{\"@id\":\"https:\/\/ampxgroup.com\/es\/deporte-ocio\/#primaryimage\"},\"image\":{\"@id\":\"https:\/\/ampxgroup.com\/es\/deporte-ocio\/#primaryimage\"},\"thumbnailUrl\":\"https:\/\/ampxgroup.com\/wp-content\/uploads\/2025\/03\/velo-route-AdobeStock_510941761-1024x483.jpeg\",\"datePublished\":\"2025-03-05T14:49:35+00:00\",\"dateModified\":\"2025-03-26T13:12:30+00:00\",\"description\":\"En el Grupo AMP-POLYMIX ofrecemos soluciones a medida para satisfacer las necesidades de los profesionales y\/o aficionados al deporte.\",\"breadcrumb\":{\"@id\":\"https:\/\/ampxgroup.com\/es\/deporte-ocio\/#breadcrumb\"},\"inLanguage\":\"es\",\"potentialAction\":[{\"@type\":\"ReadAction\",\"target\":[\"https:\/\/ampxgroup.com\/es\/deporte-ocio\/\"]}]},{\"@type\":\"ImageObject\",\"inLanguage\":\"es\",\"@id\":\"https:\/\/ampxgroup.com\/es\/deporte-ocio\/#primaryimage\",\"url\":\"https:\/\/ampxgroup.com\/wp-content\/uploads\/2025\/03\/velo-route-AdobeStock_510941761-1024x483.jpeg\",\"contentUrl\":\"https:\/\/ampxgroup.com\/wp-content\/uploads\/2025\/03\/velo-route-AdobeStock_510941761-1024x483.jpeg\"},{\"@type\":\"BreadcrumbList\",\"@id\":\"https:\/\/ampxgroup.com\/es\/deporte-ocio\/#breadcrumb\",\"itemListElement\":[{\"@type\":\"ListItem\",\"position\":1,\"name\":\"Home\",\"item\":\"https:\/\/ampxgroup.com\/es\/\"},{\"@type\":\"ListItem\",\"position\":2,\"name\":\"Deporte y Ocio\"}]},{\"@type\":\"WebSite\",\"@id\":\"https:\/\/ampxgroup.com\/#website\",\"url\":\"https:\/\/ampxgroup.com\/\",\"name\":\"AMP Polymix\",\"description\":\"Distributeur mati\u00e8re plastique\",\"publisher\":{\"@id\":\"https:\/\/ampxgroup.com\/#organization\"},\"potentialAction\":[{\"@type\":\"SearchAction\",\"target\":{\"@type\":\"EntryPoint\",\"urlTemplate\":\"https:\/\/ampxgroup.com\/?s={search_term_string}\"},\"query-input\":{\"@type\":\"PropertyValueSpecification\",\"valueRequired\":true,\"valueName\":\"search_term_string\"}}],\"inLanguage\":\"es\"},{\"@type\":\"Organization\",\"@id\":\"https:\/\/ampxgroup.com\/#organization\",\"name\":\"AMP Polymix\",\"url\":\"https:\/\/ampxgroup.com\/\",\"logo\":{\"@type\":\"ImageObject\",\"inLanguage\":\"es\",\"@id\":\"https:\/\/ampxgroup.com\/#\/schema\/logo\/image\/\",\"url\":\"https:\/\/ampxgroup.com\/wp-content\/uploads\/2019\/01\/POLYMIXAMP_GROUP_LOGO.svg\",\"contentUrl\":\"https:\/\/ampxgroup.com\/wp-content\/uploads\/2019\/01\/POLYMIXAMP_GROUP_LOGO.svg\",\"width\":1,\"height\":1,\"caption\":\"AMP Polymix\"},\"image\":{\"@id\":\"https:\/\/ampxgroup.com\/#\/schema\/logo\/image\/\"},\"sameAs\":[\"https:\/\/fr.linkedin.com\/company\/polymix-amp\"]}]}<\/script>\n<!-- \/ Yoast SEO plugin. -->","yoast_head_json":{"title":"Deporte y Ocio - AMP Polymix","description":"En el Grupo AMP-POLYMIX ofrecemos soluciones a medida para satisfacer las necesidades de los profesionales y\/o aficionados al deporte.","robots":{"index":"index","follow":"follow","max-snippet":"max-snippet:-1","max-image-preview":"max-image-preview:large","max-video-preview":"max-video-preview:-1"},"canonical":"https:\/\/ampxgroup.com\/es\/deporte-ocio\/","og_locale":"es_ES","og_type":"article","og_title":"Deporte y Ocio - AMP Polymix","og_description":"En el Grupo AMP-POLYMIX ofrecemos soluciones a medida para satisfacer las necesidades de los profesionales y\/o aficionados al deporte.","og_url":"https:\/\/ampxgroup.com\/es\/deporte-ocio\/","og_site_name":"AMP Polymix","article_modified_time":"2025-03-26T13:12:30+00:00","og_image":[{"url":"https:\/\/ampxgroup.com\/wp-content\/uploads\/2025\/03\/velo-route-AdobeStock_510941761-1024x483.jpeg","type":"","width":"","height":""}],"twitter_card":"summary_large_image","twitter_misc":{"Tiempo de lectura":"2 minutos"},"schema":{"@context":"https:\/\/schema.org","@graph":[{"@type":"WebPage","@id":"https:\/\/ampxgroup.com\/es\/deporte-ocio\/","url":"https:\/\/ampxgroup.com\/es\/deporte-ocio\/","name":"Deporte y Ocio - AMP Polymix","isPartOf":{"@id":"https:\/\/ampxgroup.com\/#website"},"primaryImageOfPage":{"@id":"https:\/\/ampxgroup.com\/es\/deporte-ocio\/#primaryimage"},"image":{"@id":"https:\/\/ampxgroup.com\/es\/deporte-ocio\/#primaryimage"},"thumbnailUrl":"https:\/\/ampxgroup.com\/wp-content\/uploads\/2025\/03\/velo-route-AdobeStock_510941761-1024x483.jpeg","datePublished":"2025-03-05T14:49:35+00:00","dateModified":"2025-03-26T13:12:30+00:00","description":"En el Grupo AMP-POLYMIX ofrecemos soluciones a medida para satisfacer las necesidades de los profesionales y\/o aficionados al deporte.","breadcrumb":{"@id":"https:\/\/ampxgroup.com\/es\/deporte-ocio\/#breadcrumb"},"inLanguage":"es","potentialAction":[{"@type":"ReadAction","target":["https:\/\/ampxgroup.com\/es\/deporte-ocio\/"]}]},{"@type":"ImageObject","inLanguage":"es","@id":"https:\/\/ampxgroup.com\/es\/deporte-ocio\/#primaryimage","url":"https:\/\/ampxgroup.com\/wp-content\/uploads\/2025\/03\/velo-route-AdobeStock_510941761-1024x483.jpeg","contentUrl":"https:\/\/ampxgroup.com\/wp-content\/uploads\/2025\/03\/velo-route-AdobeStock_510941761-1024x483.jpeg"},{"@type":"BreadcrumbList","@id":"https:\/\/ampxgroup.com\/es\/deporte-ocio\/#breadcrumb","itemListElement":[{"@type":"ListItem","position":1,"name":"Home","item":"https:\/\/ampxgroup.com\/es\/"},{"@type":"ListItem","position":2,"name":"Deporte y Ocio"}]},{"@type":"WebSite","@id":"https:\/\/ampxgroup.com\/#website","url":"https:\/\/ampxgroup.com\/","name":"AMP Polymix","description":"Distributeur mati\u00e8re plastique","publisher":{"@id":"https:\/\/ampxgroup.com\/#organization"},"potentialAction":[{"@type":"SearchAction","target":{"@type":"EntryPoint","urlTemplate":"https:\/\/ampxgroup.com\/?s={search_term_string}"},"query-input":{"@type":"PropertyValueSpecification","valueRequired":true,"valueName":"search_term_string"}}],"inLanguage":"es"},{"@type":"Organization","@id":"https:\/\/ampxgroup.com\/#organization","name":"AMP Polymix","url":"https:\/\/ampxgroup.com\/","logo":{"@type":"ImageObject","inLanguage":"es","@id":"https:\/\/ampxgroup.com\/#\/schema\/logo\/image\/","url":"https:\/\/ampxgroup.com\/wp-content\/uploads\/2019\/01\/POLYMIXAMP_GROUP_LOGO.svg","contentUrl":"https:\/\/ampxgroup.com\/wp-content\/uploads\/2019\/01\/POLYMIXAMP_GROUP_LOGO.svg","width":1,"height":1,"caption":"AMP Polymix"},"image":{"@id":"https:\/\/ampxgroup.com\/#\/schema\/logo\/image\/"},"sameAs":["https:\/\/fr.linkedin.com\/company\/polymix-amp"]}]}},"_links":{"self":[{"href":"https:\/\/ampxgroup.com\/es\/wp-json\/wp\/v2\/pages\/9016","targetHints":{"allow":["GET"]}}],"collection":[{"href":"https:\/\/ampxgroup.com\/es\/wp-json\/wp\/v2\/pages"}],"about":[{"href":"https:\/\/ampxgroup.com\/es\/wp-json\/wp\/v2\/types\/page"}],"author":[{"embeddable":true,"href":"https:\/\/ampxgroup.com\/es\/wp-json\/wp\/v2\/users\/6"}],"replies":[{"embeddable":true,"href":"https:\/\/ampxgroup.com\/es\/wp-json\/wp\/v2\/comments?post=9016"}],"version-history":[{"count":3,"href":"https:\/\/ampxgroup.com\/es\/wp-json\/wp\/v2\/pages\/9016\/revisions"}],"predecessor-version":[{"id":9028,"href":"https:\/\/ampxgroup.com\/es\/wp-json\/wp\/v2\/pages\/9016\/revisions\/9028"}],"wp:attachment":[{"href":"https:\/\/ampxgroup.com\/es\/wp-json\/wp\/v2\/media?parent=9016"}],"curies":[{"name":"wp","href":"https:\/\/api.w.org\/{rel}","templated":true}]}}