{"id":9051,"date":"2025-03-28T09:45:08","date_gmt":"2025-03-28T09:45:08","guid":{"rendered":"https:\/\/ampxgroup.com\/?page_id=9051"},"modified":"2025-03-31T14:23:59","modified_gmt":"2025-03-31T14:23:59","slug":"defensa-seguridad","status":"publish","type":"page","link":"https:\/\/ampxgroup.com\/es\/defensa-seguridad\/","title":{"rendered":"Defensa y Seguridad"},"content":{"rendered":"\n<p class=\"has-text-align-center\">El sector de <strong>Defensa y Seguridad<\/strong> tiene unos requisitos estrictos en t\u00e9rminos de rendimiento, fiabilidad y protecci\u00f3n. Ante los retos que plantean la innovaci\u00f3n tecnol\u00f3gica, la resistencia de los materiales y el cumplimiento de la normativa, el <strong>Grupo AMP-POLYMIX<\/strong> se compromete a ofrecer soluciones de alta calidad para las aplicaciones m\u00e1s exigentes.<\/p>\n\n\n\n<p class=\"has-text-align-center\">Nuestros materiales ofrecen una mayor resistencia a los impactos, las temperaturas extremas y los agentes qu\u00edmicos, al tiempo que garantizan la ligereza indispensable para optimizar los equipos. Gracias a nuestra experiencia, podemos ayudar a los actores de la industria a desarrollar soluciones innovadoras que cumplan las normas de seguridad y medio ambiente.<\/p>\n\n\n\n<figure class=\"wp-block-gallery has-nested-images columns-default is-cropped wp-block-gallery-1 is-layout-flex wp-block-gallery-is-layout-flex\">\n<figure class=\"wp-block-image size-large\"><img loading=\"lazy\" decoding=\"async\" width=\"1024\" height=\"532\" data-id=\"9105\" src=\"https:\/\/ampxgroup.com\/wp-content\/uploads\/2025\/03\/AdobeStock_357081048-1024x532.jpeg\" alt=\"drone\" class=\"wp-image-9105\" srcset=\"https:\/\/ampxgroup.com\/wp-content\/uploads\/2025\/03\/AdobeStock_357081048-1024x532.jpeg 1024w, https:\/\/ampxgroup.com\/wp-content\/uploads\/2025\/03\/AdobeStock_357081048-300x156.jpeg 300w, https:\/\/ampxgroup.com\/wp-content\/uploads\/2025\/03\/AdobeStock_357081048-768x399.jpeg 768w, https:\/\/ampxgroup.com\/wp-content\/uploads\/2025\/03\/AdobeStock_357081048-1536x798.jpeg 1536w, https:\/\/ampxgroup.com\/wp-content\/uploads\/2025\/03\/AdobeStock_357081048-2048x1063.jpeg 2048w\" sizes=\"auto, (max-width: 1024px) 100vw, 1024px\" \/><\/figure>\n\n\n\n<figure class=\"wp-block-image size-large\"><img loading=\"lazy\" decoding=\"async\" width=\"1024\" height=\"574\" data-id=\"9108\" src=\"https:\/\/ampxgroup.com\/wp-content\/uploads\/2025\/03\/AdobeStock_1009392253-1024x574.jpeg\" alt=\"antenne\" class=\"wp-image-9108\" srcset=\"https:\/\/ampxgroup.com\/wp-content\/uploads\/2025\/03\/AdobeStock_1009392253-1024x574.jpeg 1024w, https:\/\/ampxgroup.com\/wp-content\/uploads\/2025\/03\/AdobeStock_1009392253-300x168.jpeg 300w, https:\/\/ampxgroup.com\/wp-content\/uploads\/2025\/03\/AdobeStock_1009392253-768x430.jpeg 768w, https:\/\/ampxgroup.com\/wp-content\/uploads\/2025\/03\/AdobeStock_1009392253-1536x861.jpeg 1536w, https:\/\/ampxgroup.com\/wp-content\/uploads\/2025\/03\/AdobeStock_1009392253-2048x1148.jpeg 2048w\" sizes=\"auto, (max-width: 1024px) 100vw, 1024px\" \/><\/figure>\n<\/figure>\n\n\n\n<p><strong>SOLUCIONES PERSONALIZADAS : <\/strong><\/p>\n\n\n\n<ul class=\"wp-block-list\">\n<li><strong>Entornos ATEX (Atm\u00f3sfera Explosiva)<\/strong>: materiales conductores y disipadores con una resistividad &lt; 10E9, ideales para aplicaciones en zonas ATEX.<ul><li>PRE-ELEC \/ PREMIX<\/li><\/ul>\n<ul class=\"wp-block-list\">\n<li>STAT-KON \/ SABIC SHPP<\/li>\n<\/ul>\n<\/li>\n<\/ul>\n\n\n\n<ul class=\"wp-block-list\">\n<li><strong>Blindaje electromagn\u00e9tico (EMI)<\/strong>: materiales cargados con fibras met\u00e1licas, nuestras soluciones proporcionan un efecto de jaula de Faraday, protegiendo los equipos contra las interferencias electromagn\u00e9ticas.\n<ul class=\"wp-block-list\">\n<li>FARADEX \/ SABIC SHPP<\/li>\n<\/ul>\n<\/li>\n<\/ul>\n\n\n\n<ul class=\"wp-block-list\">\n<li><strong>Filtraci\u00f3n qu\u00edmica<\/strong>: pol\u00edmeros r\u00edgidos y fibras textiles adaptados a sistemas de filtraci\u00f3n avanzados.<ul><li>NORYL et ULTEM \/ SABIC SHPPP<\/li><\/ul>\n<ul class=\"wp-block-list\">\n<li>PVDF KYNAR \/ ARKEMA<\/li>\n\n\n\n<li>PSU PARLYS \/ UJU<\/li>\n<\/ul>\n<\/li>\n<\/ul>\n\n\n\n<ul class=\"wp-block-list\">\n<li><strong>Resistencia a los impactos<\/strong>: los materiales altamente d\u00factiles conservan sus propiedades incluso a bajas temperaturas, lo que garantiza una protecci\u00f3n \u00f3ptima de los equipos.<ul><li>PC LEXAN EXL \/ SABIC SHPP<\/li><\/ul>\n<ul class=\"wp-block-list\">\n<li>PA AQUAMID \/ AQUAFIL<\/li>\n<\/ul>\n<\/li>\n<\/ul>\n\n\n\n<ul class=\"wp-block-list\">\n<li><strong>Infrarrojos (IR)<\/strong>: materiales espec\u00edficos garantizan la transparencia infrarroja, esencial para los sistemas de detecci\u00f3n y vigilancia.\n<ul class=\"wp-block-list\">\n<li>PC LEXAN \/ SABIC<\/li>\n<\/ul>\n<\/li>\n<\/ul>\n\n\n\n<ul class=\"wp-block-list\">\n<li><strong>Equipos m\u00e1s ligeros<\/strong>: los pol\u00edmeros reforzados con fibra de vidrio o carbono reducen el peso de los equipos manteniendo su resistencia mec\u00e1nica.<ul><li>VERTON \/ SABIC SHPP<\/li><\/ul>\n<ul class=\"wp-block-list\">\n<li>PA AQUAMID \/ AQUAFIL<\/li>\n<\/ul>\n<\/li>\n<\/ul>\n\n\n\n<ul class=\"wp-block-list\">\n<li><strong>Alta temperatura e ign\u00edfugos<\/strong>: materiales que ofrecen una alta resistencia t\u00e9rmica y una excelente resistencia al fuego, cumpliendo las normas de seguridad m\u00e1s estrictas.<ul><li>PEI ULTEM \/ SABIC SHPP<\/li><\/ul>\n<ul class=\"wp-block-list\">\n<li>PPS \/ DIC<\/li>\n\n\n\n<li>PEK G-PAEK \/ GHARDA<\/li>\n<\/ul>\n<\/li>\n<\/ul>\n\n\n\n<div class=\"wp-block-media-text is-stacked-on-mobile\"><figure class=\"wp-block-media-text__media\"><img loading=\"lazy\" decoding=\"async\" width=\"1024\" height=\"683\" src=\"https:\/\/ampxgroup.com\/wp-content\/uploads\/2025\/03\/talkie-walkie-AdobeStock_1201963222-1024x683.jpeg\" alt=\"talkie-walkie\" class=\"wp-image-9114 size-full\" srcset=\"https:\/\/ampxgroup.com\/wp-content\/uploads\/2025\/03\/talkie-walkie-AdobeStock_1201963222-1024x683.jpeg 1024w, https:\/\/ampxgroup.com\/wp-content\/uploads\/2025\/03\/talkie-walkie-AdobeStock_1201963222-300x200.jpeg 300w, https:\/\/ampxgroup.com\/wp-content\/uploads\/2025\/03\/talkie-walkie-AdobeStock_1201963222-768x512.jpeg 768w, https:\/\/ampxgroup.com\/wp-content\/uploads\/2025\/03\/talkie-walkie-AdobeStock_1201963222-1536x1024.jpeg 1536w, https:\/\/ampxgroup.com\/wp-content\/uploads\/2025\/03\/talkie-walkie-AdobeStock_1201963222-2048x1365.jpeg 2048w\" sizes=\"auto, (max-width: 1024px) 100vw, 1024px\" \/><\/figure><div class=\"wp-block-media-text__content\">\n<p><strong>EJEMPLOS DE APLICACIONES :<\/strong><\/p>\n\n\n\n<ul class=\"wp-block-list\">\n<li>Componentes el\u00e9ctricos y electr\u00f3nicos<\/li>\n\n\n\n<li>Cajas electr\u00f3nicas, mandos a distancia, sensores<\/li>\n\n\n\n<li>M\u00e1scaras de filtraci\u00f3n, cartuchos de filtraci\u00f3n<\/li>\n\n\n\n<li>Equipos de protecci\u00f3n, equipos militares<\/li>\n\n\n\n<li>Drones de vigilancia, videovigilancia<\/li>\n\n\n\n<li>Antenas, sat\u00e9lites, radomos (radiofrecuencia RF)<\/li>\n\n\n\n<li>Ciberseguridad<\/li>\n\n\n\n<li>Tecnolog\u00eda 5G<\/li>\n\n\n\n<li>Sustituci\u00f3n de metales<\/li>\n<\/ul>\n<\/div><\/div>\n\n\n\n<div style=\"height:41px\" aria-hidden=\"true\" class=\"wp-block-spacer\"><\/div>\n\n\n\n<div class=\"wp-block-media-text has-media-on-the-right is-stacked-on-mobile\"><div class=\"wp-block-media-text__content\">\n<p><strong>\u00bfPOR QU\u00c9 ELEGIR AMP-POLYMIX GROUP?<\/strong><\/p>\n\n\n\n<ul class=\"wp-block-list\">\n<li><strong>Asistencia a medida<\/strong>: ofrecemos asistencia t\u00e9cnica para ayudar a nuestros clientes a elegir la mejor soluci\u00f3n para cada aplicaci\u00f3n.<\/li>\n\n\n\n<li><strong>Experiencia probada<\/strong>: Apoyamos a los actores del sector de Defensa y Seguridad ofreci\u00e9ndoles soluciones innovadoras adaptadas a limitaciones extremas.<\/li>\n\n\n\n<li><strong>Pol\u00edmeros de vanguardia<\/strong>: Nuestros pol\u00edmeros se seleccionan por sus excepcionales prestaciones en t\u00e9rminos de resistencia, ligereza y protecci\u00f3n.<\/li>\n\n\n\n<li><strong>Cumplimiento de normas estrictas<\/strong>: Nuestros materiales cumplen los requisitos normativos vigentes en los sectores militar y de seguridad.<\/li>\n<\/ul>\n<\/div><figure class=\"wp-block-media-text__media\"><img loading=\"lazy\" decoding=\"async\" width=\"1024\" height=\"574\" src=\"https:\/\/ampxgroup.com\/wp-content\/uploads\/2025\/03\/masque-pompier-AdobeStock_988297019-1024x574.jpeg\" alt=\"masque-pompier\" class=\"wp-image-9117 size-full\" srcset=\"https:\/\/ampxgroup.com\/wp-content\/uploads\/2025\/03\/masque-pompier-AdobeStock_988297019-1024x574.jpeg 1024w, https:\/\/ampxgroup.com\/wp-content\/uploads\/2025\/03\/masque-pompier-AdobeStock_988297019-300x168.jpeg 300w, https:\/\/ampxgroup.com\/wp-content\/uploads\/2025\/03\/masque-pompier-AdobeStock_988297019-768x430.jpeg 768w, https:\/\/ampxgroup.com\/wp-content\/uploads\/2025\/03\/masque-pompier-AdobeStock_988297019-1536x861.jpeg 1536w, https:\/\/ampxgroup.com\/wp-content\/uploads\/2025\/03\/masque-pompier-AdobeStock_988297019-2048x1148.jpeg 2048w\" sizes=\"auto, (max-width: 1024px) 100vw, 1024px\" \/><\/figure><\/div>\n\n\n\n<p><\/p>\n","protected":false},"excerpt":{"rendered":"<p>El sector de Defensa y Seguridad tiene unos requisitos estrictos en t\u00e9rminos de rendimiento, fiabilidad &#8230;<\/p>\n","protected":false},"author":6,"featured_media":0,"parent":0,"menu_order":0,"comment_status":"closed","ping_status":"closed","template":"","meta":{"_acf_changed":false,"footnotes":""},"class_list":["post-9051","page","type-page","status-publish","hentry"],"acf":[],"yoast_head":"<!-- This site is optimized with the Yoast SEO plugin v27.1.1 - https:\/\/yoast.com\/product\/yoast-seo-wordpress\/ -->\n<title>Defensa y Seguridad - AMP Polymix<\/title>\n<meta name=\"description\" content=\"Nuestros materiales ofrecen mayor resistencia a los impactos, las temperaturas extremas y los agentes qu\u00edmicos, para que pueda optimizar sus equipos.\" \/>\n<meta name=\"robots\" content=\"index, follow, max-snippet:-1, max-image-preview:large, max-video-preview:-1\" \/>\n<link rel=\"canonical\" href=\"https:\/\/ampxgroup.com\/es\/defensa-seguridad\/\" \/>\n<meta property=\"og:locale\" content=\"es_ES\" \/>\n<meta property=\"og:type\" content=\"article\" \/>\n<meta property=\"og:title\" content=\"Defensa y Seguridad - AMP Polymix\" \/>\n<meta property=\"og:description\" content=\"Nuestros materiales ofrecen mayor resistencia a los impactos, las temperaturas extremas y los agentes qu\u00edmicos, para que pueda optimizar sus equipos.\" \/>\n<meta property=\"og:url\" content=\"https:\/\/ampxgroup.com\/es\/defensa-seguridad\/\" \/>\n<meta property=\"og:site_name\" content=\"AMP Polymix\" \/>\n<meta property=\"article:modified_time\" content=\"2025-03-31T14:23:59+00:00\" \/>\n<meta property=\"og:image\" content=\"https:\/\/ampxgroup.com\/wp-content\/uploads\/2025\/03\/AdobeStock_357081048-1024x532.jpeg\" \/>\n<meta name=\"twitter:card\" content=\"summary_large_image\" \/>\n<meta name=\"twitter:label1\" content=\"Tiempo de lectura\" \/>\n\t<meta name=\"twitter:data1\" content=\"3 minutos\" \/>\n<script type=\"application\/ld+json\" class=\"yoast-schema-graph\">{\"@context\":\"https:\/\/schema.org\",\"@graph\":[{\"@type\":\"WebPage\",\"@id\":\"https:\/\/ampxgroup.com\/es\/defensa-seguridad\/\",\"url\":\"https:\/\/ampxgroup.com\/es\/defensa-seguridad\/\",\"name\":\"Defensa y Seguridad - AMP Polymix\",\"isPartOf\":{\"@id\":\"https:\/\/ampxgroup.com\/#website\"},\"primaryImageOfPage\":{\"@id\":\"https:\/\/ampxgroup.com\/es\/defensa-seguridad\/#primaryimage\"},\"image\":{\"@id\":\"https:\/\/ampxgroup.com\/es\/defensa-seguridad\/#primaryimage\"},\"thumbnailUrl\":\"https:\/\/ampxgroup.com\/wp-content\/uploads\/2025\/03\/AdobeStock_357081048-1024x532.jpeg\",\"datePublished\":\"2025-03-28T09:45:08+00:00\",\"dateModified\":\"2025-03-31T14:23:59+00:00\",\"description\":\"Nuestros materiales ofrecen mayor resistencia a los impactos, las temperaturas extremas y los agentes qu\u00edmicos, para que pueda optimizar sus equipos.\",\"breadcrumb\":{\"@id\":\"https:\/\/ampxgroup.com\/es\/defensa-seguridad\/#breadcrumb\"},\"inLanguage\":\"es\",\"potentialAction\":[{\"@type\":\"ReadAction\",\"target\":[\"https:\/\/ampxgroup.com\/es\/defensa-seguridad\/\"]}]},{\"@type\":\"ImageObject\",\"inLanguage\":\"es\",\"@id\":\"https:\/\/ampxgroup.com\/es\/defensa-seguridad\/#primaryimage\",\"url\":\"https:\/\/ampxgroup.com\/wp-content\/uploads\/2025\/03\/AdobeStock_357081048-1024x532.jpeg\",\"contentUrl\":\"https:\/\/ampxgroup.com\/wp-content\/uploads\/2025\/03\/AdobeStock_357081048-1024x532.jpeg\"},{\"@type\":\"BreadcrumbList\",\"@id\":\"https:\/\/ampxgroup.com\/es\/defensa-seguridad\/#breadcrumb\",\"itemListElement\":[{\"@type\":\"ListItem\",\"position\":1,\"name\":\"Home\",\"item\":\"https:\/\/ampxgroup.com\/es\/\"},{\"@type\":\"ListItem\",\"position\":2,\"name\":\"Defensa y Seguridad\"}]},{\"@type\":\"WebSite\",\"@id\":\"https:\/\/ampxgroup.com\/#website\",\"url\":\"https:\/\/ampxgroup.com\/\",\"name\":\"AMP Polymix\",\"description\":\"Distributeur mati\u00e8re plastique\",\"publisher\":{\"@id\":\"https:\/\/ampxgroup.com\/#organization\"},\"potentialAction\":[{\"@type\":\"SearchAction\",\"target\":{\"@type\":\"EntryPoint\",\"urlTemplate\":\"https:\/\/ampxgroup.com\/?s={search_term_string}\"},\"query-input\":{\"@type\":\"PropertyValueSpecification\",\"valueRequired\":true,\"valueName\":\"search_term_string\"}}],\"inLanguage\":\"es\"},{\"@type\":\"Organization\",\"@id\":\"https:\/\/ampxgroup.com\/#organization\",\"name\":\"AMP Polymix\",\"url\":\"https:\/\/ampxgroup.com\/\",\"logo\":{\"@type\":\"ImageObject\",\"inLanguage\":\"es\",\"@id\":\"https:\/\/ampxgroup.com\/#\/schema\/logo\/image\/\",\"url\":\"https:\/\/ampxgroup.com\/wp-content\/uploads\/2019\/01\/POLYMIXAMP_GROUP_LOGO.svg\",\"contentUrl\":\"https:\/\/ampxgroup.com\/wp-content\/uploads\/2019\/01\/POLYMIXAMP_GROUP_LOGO.svg\",\"width\":1,\"height\":1,\"caption\":\"AMP Polymix\"},\"image\":{\"@id\":\"https:\/\/ampxgroup.com\/#\/schema\/logo\/image\/\"},\"sameAs\":[\"https:\/\/fr.linkedin.com\/company\/polymix-amp\"]}]}<\/script>\n<!-- \/ Yoast SEO plugin. -->","yoast_head_json":{"title":"Defensa y Seguridad - AMP Polymix","description":"Nuestros materiales ofrecen mayor resistencia a los impactos, las temperaturas extremas y los agentes qu\u00edmicos, para que pueda optimizar sus equipos.","robots":{"index":"index","follow":"follow","max-snippet":"max-snippet:-1","max-image-preview":"max-image-preview:large","max-video-preview":"max-video-preview:-1"},"canonical":"https:\/\/ampxgroup.com\/es\/defensa-seguridad\/","og_locale":"es_ES","og_type":"article","og_title":"Defensa y Seguridad - AMP Polymix","og_description":"Nuestros materiales ofrecen mayor resistencia a los impactos, las temperaturas extremas y los agentes qu\u00edmicos, para que pueda optimizar sus equipos.","og_url":"https:\/\/ampxgroup.com\/es\/defensa-seguridad\/","og_site_name":"AMP Polymix","article_modified_time":"2025-03-31T14:23:59+00:00","og_image":[{"url":"https:\/\/ampxgroup.com\/wp-content\/uploads\/2025\/03\/AdobeStock_357081048-1024x532.jpeg","type":"","width":"","height":""}],"twitter_card":"summary_large_image","twitter_misc":{"Tiempo de lectura":"3 minutos"},"schema":{"@context":"https:\/\/schema.org","@graph":[{"@type":"WebPage","@id":"https:\/\/ampxgroup.com\/es\/defensa-seguridad\/","url":"https:\/\/ampxgroup.com\/es\/defensa-seguridad\/","name":"Defensa y Seguridad - AMP Polymix","isPartOf":{"@id":"https:\/\/ampxgroup.com\/#website"},"primaryImageOfPage":{"@id":"https:\/\/ampxgroup.com\/es\/defensa-seguridad\/#primaryimage"},"image":{"@id":"https:\/\/ampxgroup.com\/es\/defensa-seguridad\/#primaryimage"},"thumbnailUrl":"https:\/\/ampxgroup.com\/wp-content\/uploads\/2025\/03\/AdobeStock_357081048-1024x532.jpeg","datePublished":"2025-03-28T09:45:08+00:00","dateModified":"2025-03-31T14:23:59+00:00","description":"Nuestros materiales ofrecen mayor resistencia a los impactos, las temperaturas extremas y los agentes qu\u00edmicos, para que pueda optimizar sus equipos.","breadcrumb":{"@id":"https:\/\/ampxgroup.com\/es\/defensa-seguridad\/#breadcrumb"},"inLanguage":"es","potentialAction":[{"@type":"ReadAction","target":["https:\/\/ampxgroup.com\/es\/defensa-seguridad\/"]}]},{"@type":"ImageObject","inLanguage":"es","@id":"https:\/\/ampxgroup.com\/es\/defensa-seguridad\/#primaryimage","url":"https:\/\/ampxgroup.com\/wp-content\/uploads\/2025\/03\/AdobeStock_357081048-1024x532.jpeg","contentUrl":"https:\/\/ampxgroup.com\/wp-content\/uploads\/2025\/03\/AdobeStock_357081048-1024x532.jpeg"},{"@type":"BreadcrumbList","@id":"https:\/\/ampxgroup.com\/es\/defensa-seguridad\/#breadcrumb","itemListElement":[{"@type":"ListItem","position":1,"name":"Home","item":"https:\/\/ampxgroup.com\/es\/"},{"@type":"ListItem","position":2,"name":"Defensa y Seguridad"}]},{"@type":"WebSite","@id":"https:\/\/ampxgroup.com\/#website","url":"https:\/\/ampxgroup.com\/","name":"AMP Polymix","description":"Distributeur mati\u00e8re plastique","publisher":{"@id":"https:\/\/ampxgroup.com\/#organization"},"potentialAction":[{"@type":"SearchAction","target":{"@type":"EntryPoint","urlTemplate":"https:\/\/ampxgroup.com\/?s={search_term_string}"},"query-input":{"@type":"PropertyValueSpecification","valueRequired":true,"valueName":"search_term_string"}}],"inLanguage":"es"},{"@type":"Organization","@id":"https:\/\/ampxgroup.com\/#organization","name":"AMP Polymix","url":"https:\/\/ampxgroup.com\/","logo":{"@type":"ImageObject","inLanguage":"es","@id":"https:\/\/ampxgroup.com\/#\/schema\/logo\/image\/","url":"https:\/\/ampxgroup.com\/wp-content\/uploads\/2019\/01\/POLYMIXAMP_GROUP_LOGO.svg","contentUrl":"https:\/\/ampxgroup.com\/wp-content\/uploads\/2019\/01\/POLYMIXAMP_GROUP_LOGO.svg","width":1,"height":1,"caption":"AMP Polymix"},"image":{"@id":"https:\/\/ampxgroup.com\/#\/schema\/logo\/image\/"},"sameAs":["https:\/\/fr.linkedin.com\/company\/polymix-amp"]}]}},"_links":{"self":[{"href":"https:\/\/ampxgroup.com\/es\/wp-json\/wp\/v2\/pages\/9051","targetHints":{"allow":["GET"]}}],"collection":[{"href":"https:\/\/ampxgroup.com\/es\/wp-json\/wp\/v2\/pages"}],"about":[{"href":"https:\/\/ampxgroup.com\/es\/wp-json\/wp\/v2\/types\/page"}],"author":[{"embeddable":true,"href":"https:\/\/ampxgroup.com\/es\/wp-json\/wp\/v2\/users\/6"}],"replies":[{"embeddable":true,"href":"https:\/\/ampxgroup.com\/es\/wp-json\/wp\/v2\/comments?post=9051"}],"version-history":[{"count":16,"href":"https:\/\/ampxgroup.com\/es\/wp-json\/wp\/v2\/pages\/9051\/revisions"}],"predecessor-version":[{"id":9140,"href":"https:\/\/ampxgroup.com\/es\/wp-json\/wp\/v2\/pages\/9051\/revisions\/9140"}],"wp:attachment":[{"href":"https:\/\/ampxgroup.com\/es\/wp-json\/wp\/v2\/media?parent=9051"}],"curies":[{"name":"wp","href":"https:\/\/api.w.org\/{rel}","templated":true}]}}